{"id":17297,"date":"2025-06-17T16:05:51","date_gmt":"2025-06-17T16:05:51","guid":{"rendered":"https:\/\/www.deryckeverhuur.be\/product\/accessoires-pelles-2\/"},"modified":"2026-01-20T16:30:42","modified_gmt":"2026-01-20T16:30:42","slug":"accessoires-pelles-2","status":"publish","type":"product","link":"https:\/\/www.deryckeverhuur.be\/fr\/produit\/accessoires-pelles-2\/","title":{"rendered":"Accessoires pour grues sur chenilles"},"content":{"rendered":"<p>Vous voulez tirer le maximum d&rsquo;efficacit\u00e9 de nos excavatrices ? Jetez alors un coup d&rsquo;\u0153il \u00e0 nos accessoires pratiques tels que les brise-roches, les pinces de triage, &#8230; pour vous aider \u00e0 r\u00e9aliser votre projet encore plus rapidement. <\/p>\n","protected":false},"excerpt":{"rendered":"<p>Vous voulez tirer le maximum d&rsquo;efficacit\u00e9 de nos excavatrices ? Jetez alors un coup d&rsquo;\u0153il \u00e0 nos accessoires pratiques tels que les brise-roches, les pinces de triage, &#8230; pour vous aider \u00e0 r\u00e9aliser votre projet encore plus rapidement.<\/p>\n","protected":false},"featured_media":17264,"comment_status":"open","ping_status":"closed","template":"","meta":{"_acf_changed":false},"product_brand":[],"product_cat":[608],"product_tag":[],"sector":[612,611,626,616,617,627,618,628,625,613,614,615],"class_list":{"0":"post-17297","1":"product","2":"type-product","3":"status-publish","4":"has-post-thumbnail","6":"product_cat-pelles","7":"sector-chimie","8":"sector-chimie-et-ports","9":"sector-construction-de-commerces-de-detail-dindustrie-et-dentrepots","10":"sector-construction-ferroviaire","11":"sector-construction-hydraulique","12":"sector-construction-residentielle-et-developpement-de-projets","13":"sector-construction-routiere","14":"sector-etablissements-de-sante-et-installations-de-loisirs","15":"sector-ponts-tunnels-et-services-publics","16":"sector-ports","17":"sector-terrassement-construction-routiere-hydraulique-et-ferroviaire","18":"sector-travaux-de-terrassement","20":"first","21":"instock","22":"shipping-taxable","23":"product-type-variable"},"acf":[],"yoast_head":"<!-- This site is optimized with the Yoast SEO plugin v27.4 - https:\/\/yoast.com\/product\/yoast-seo-wordpress\/ -->\n<title>Accessoires pour grues sur chenilles | De Rycke Verhuur<\/title>\n<meta name=\"description\" content=\"Vous voulez tirer le maximum d&#039;efficacit\u00e9 de nos excavatrices ? Jetez alors un coup d&#039;\u0153il \u00e0 nos accessoires pratiques tels que les brise-roches, les - De Rycke Verhuur\" \/>\n<meta name=\"robots\" content=\"index, follow, max-snippet:-1, max-image-preview:large, max-video-preview:-1\" \/>\n<link rel=\"canonical\" href=\"https:\/\/www.deryckeverhuur.be\/fr\/produit\/accessoires-pelles-2\/\" \/>\n<meta property=\"og:locale\" content=\"fr_FR\" \/>\n<meta property=\"og:type\" content=\"article\" \/>\n<meta property=\"og:title\" content=\"Accessoires pour grues sur chenilles | De Rycke Verhuur\" \/>\n<meta property=\"og:description\" content=\"Vous voulez tirer le maximum d&#039;efficacit\u00e9 de nos excavatrices ? Jetez alors un coup d&#039;\u0153il \u00e0 nos accessoires pratiques tels que les brise-roches, les - De Rycke Verhuur\" \/>\n<meta property=\"og:url\" content=\"https:\/\/www.deryckeverhuur.be\/fr\/produit\/accessoires-pelles-2\/\" \/>\n<meta property=\"og:site_name\" content=\"De Rycke Verhuur\" \/>\n<meta property=\"article:publisher\" content=\"https:\/\/www.facebook.com\/deryckeverhuur\/\" \/>\n<meta property=\"article:modified_time\" content=\"2026-01-20T16:30:42+00:00\" \/>\n<meta property=\"og:image\" content=\"https:\/\/www.deryckeverhuur.be\/wp-content\/uploads\/2025\/06\/Breekhamers-_-Brise-roches-hydrauliques-1.png\" \/>\n\t<meta property=\"og:image:width\" content=\"1080\" \/>\n\t<meta property=\"og:image:height\" content=\"720\" \/>\n\t<meta property=\"og:image:type\" content=\"image\/png\" \/>\n<meta name=\"twitter:card\" content=\"summary_large_image\" \/>\n<script type=\"application\/ld+json\" class=\"yoast-schema-graph\">{\"@context\":\"https:\\\/\\\/schema.org\",\"@graph\":[{\"@type\":[\"WebPage\",\"ItemPage\"],\"@id\":\"https:\\\/\\\/www.deryckeverhuur.be\\\/fr\\\/produit\\\/accessoires-pelles-2\\\/\",\"url\":\"https:\\\/\\\/www.deryckeverhuur.be\\\/fr\\\/produit\\\/accessoires-pelles-2\\\/\",\"name\":\"Accessoires pour grues sur chenilles | De Rycke Verhuur\",\"isPartOf\":{\"@id\":\"https:\\\/\\\/www.deryckeverhuur.be\\\/fr\\\/#website\"},\"primaryImageOfPage\":{\"@id\":\"https:\\\/\\\/www.deryckeverhuur.be\\\/fr\\\/produit\\\/accessoires-pelles-2\\\/#primaryimage\"},\"image\":{\"@id\":\"https:\\\/\\\/www.deryckeverhuur.be\\\/fr\\\/produit\\\/accessoires-pelles-2\\\/#primaryimage\"},\"thumbnailUrl\":\"https:\\\/\\\/www.deryckeverhuur.be\\\/wp-content\\\/uploads\\\/2025\\\/06\\\/Breekhamers-_-Brise-roches-hydrauliques-1.png\",\"datePublished\":\"2025-06-17T16:05:51+00:00\",\"dateModified\":\"2026-01-20T16:30:42+00:00\",\"description\":\"Vous voulez tirer le maximum d'efficacit\u00e9 de nos excavatrices ? Jetez alors un coup d'\u0153il \u00e0 nos accessoires pratiques tels que les brise-roches, les - De Rycke Verhuur\",\"breadcrumb\":{\"@id\":\"https:\\\/\\\/www.deryckeverhuur.be\\\/fr\\\/produit\\\/accessoires-pelles-2\\\/#breadcrumb\"},\"inLanguage\":\"fr-FR\",\"potentialAction\":[{\"@type\":\"ReadAction\",\"target\":[\"https:\\\/\\\/www.deryckeverhuur.be\\\/fr\\\/produit\\\/accessoires-pelles-2\\\/\"]}]},{\"@type\":\"ImageObject\",\"inLanguage\":\"fr-FR\",\"@id\":\"https:\\\/\\\/www.deryckeverhuur.be\\\/fr\\\/produit\\\/accessoires-pelles-2\\\/#primaryimage\",\"url\":\"https:\\\/\\\/www.deryckeverhuur.be\\\/wp-content\\\/uploads\\\/2025\\\/06\\\/Breekhamers-_-Brise-roches-hydrauliques-1.png\",\"contentUrl\":\"https:\\\/\\\/www.deryckeverhuur.be\\\/wp-content\\\/uploads\\\/2025\\\/06\\\/Breekhamers-_-Brise-roches-hydrauliques-1.png\",\"width\":1080,\"height\":720},{\"@type\":\"BreadcrumbList\",\"@id\":\"https:\\\/\\\/www.deryckeverhuur.be\\\/fr\\\/produit\\\/accessoires-pelles-2\\\/#breadcrumb\",\"itemListElement\":[{\"@type\":\"ListItem\",\"position\":1,\"name\":\"Accueil\",\"item\":\"https:\\\/\\\/www.deryckeverhuur.be\\\/fr\\\/accueil\\\/\"},{\"@type\":\"ListItem\",\"position\":2,\"name\":\"Produits\",\"item\":\"https:\\\/\\\/www.deryckeverhuur.be\\\/fr\\\/shop\\\/\"},{\"@type\":\"ListItem\",\"position\":3,\"name\":\"Accessoires pour grues sur chenilles\"}]},{\"@type\":\"WebSite\",\"@id\":\"https:\\\/\\\/www.deryckeverhuur.be\\\/fr\\\/#website\",\"url\":\"https:\\\/\\\/www.deryckeverhuur.be\\\/fr\\\/\",\"name\":\"De Rycke Verhuur\",\"description\":\"\",\"publisher\":{\"@id\":\"https:\\\/\\\/www.deryckeverhuur.be\\\/fr\\\/#organization\"},\"potentialAction\":[{\"@type\":\"SearchAction\",\"target\":{\"@type\":\"EntryPoint\",\"urlTemplate\":\"https:\\\/\\\/www.deryckeverhuur.be\\\/fr\\\/?s={search_term_string}\"},\"query-input\":{\"@type\":\"PropertyValueSpecification\",\"valueRequired\":true,\"valueName\":\"search_term_string\"}}],\"inLanguage\":\"fr-FR\"},{\"@type\":\"Organization\",\"@id\":\"https:\\\/\\\/www.deryckeverhuur.be\\\/fr\\\/#organization\",\"name\":\"De Rycke Verhuur\",\"url\":\"https:\\\/\\\/www.deryckeverhuur.be\\\/fr\\\/\",\"logo\":{\"@type\":\"ImageObject\",\"inLanguage\":\"fr-FR\",\"@id\":\"https:\\\/\\\/www.deryckeverhuur.be\\\/fr\\\/#\\\/schema\\\/logo\\\/image\\\/\",\"url\":\"https:\\\/\\\/www.deryckeverhuur.be\\\/wp-content\\\/uploads\\\/2024\\\/04\\\/3f11ca52e320acac5665453f083372b2.png\",\"contentUrl\":\"https:\\\/\\\/www.deryckeverhuur.be\\\/wp-content\\\/uploads\\\/2024\\\/04\\\/3f11ca52e320acac5665453f083372b2.png\",\"width\":2560,\"height\":624,\"caption\":\"De Rycke Verhuur\"},\"image\":{\"@id\":\"https:\\\/\\\/www.deryckeverhuur.be\\\/fr\\\/#\\\/schema\\\/logo\\\/image\\\/\"},\"sameAs\":[\"https:\\\/\\\/www.facebook.com\\\/deryckeverhuur\\\/\",\"https:\\\/\\\/www.instagram.com\\\/deryckeverhuur\\\/\",\"https:\\\/\\\/www.linkedin.com\\\/company\\\/de-rycke-verhuur-bvba\\\/\"]}]}<\/script>\n<!-- \/ Yoast SEO plugin. -->","yoast_head_json":{"title":"Accessoires pour grues sur chenilles | De Rycke Verhuur","description":"Vous voulez tirer le maximum d'efficacit\u00e9 de nos excavatrices ? Jetez alors un coup d'\u0153il \u00e0 nos accessoires pratiques tels que les brise-roches, les - De Rycke Verhuur","robots":{"index":"index","follow":"follow","max-snippet":"max-snippet:-1","max-image-preview":"max-image-preview:large","max-video-preview":"max-video-preview:-1"},"canonical":"https:\/\/www.deryckeverhuur.be\/fr\/produit\/accessoires-pelles-2\/","og_locale":"fr_FR","og_type":"article","og_title":"Accessoires pour grues sur chenilles | De Rycke Verhuur","og_description":"Vous voulez tirer le maximum d'efficacit\u00e9 de nos excavatrices ? Jetez alors un coup d'\u0153il \u00e0 nos accessoires pratiques tels que les brise-roches, les - De Rycke Verhuur","og_url":"https:\/\/www.deryckeverhuur.be\/fr\/produit\/accessoires-pelles-2\/","og_site_name":"De Rycke Verhuur","article_publisher":"https:\/\/www.facebook.com\/deryckeverhuur\/","article_modified_time":"2026-01-20T16:30:42+00:00","og_image":[{"width":1080,"height":720,"url":"https:\/\/www.deryckeverhuur.be\/wp-content\/uploads\/2025\/06\/Breekhamers-_-Brise-roches-hydrauliques-1.png","type":"image\/png"}],"twitter_card":"summary_large_image","schema":{"@context":"https:\/\/schema.org","@graph":[{"@type":["WebPage","ItemPage"],"@id":"https:\/\/www.deryckeverhuur.be\/fr\/produit\/accessoires-pelles-2\/","url":"https:\/\/www.deryckeverhuur.be\/fr\/produit\/accessoires-pelles-2\/","name":"Accessoires pour grues sur chenilles | De Rycke Verhuur","isPartOf":{"@id":"https:\/\/www.deryckeverhuur.be\/fr\/#website"},"primaryImageOfPage":{"@id":"https:\/\/www.deryckeverhuur.be\/fr\/produit\/accessoires-pelles-2\/#primaryimage"},"image":{"@id":"https:\/\/www.deryckeverhuur.be\/fr\/produit\/accessoires-pelles-2\/#primaryimage"},"thumbnailUrl":"https:\/\/www.deryckeverhuur.be\/wp-content\/uploads\/2025\/06\/Breekhamers-_-Brise-roches-hydrauliques-1.png","datePublished":"2025-06-17T16:05:51+00:00","dateModified":"2026-01-20T16:30:42+00:00","description":"Vous voulez tirer le maximum d'efficacit\u00e9 de nos excavatrices ? Jetez alors un coup d'\u0153il \u00e0 nos accessoires pratiques tels que les brise-roches, les - De Rycke Verhuur","breadcrumb":{"@id":"https:\/\/www.deryckeverhuur.be\/fr\/produit\/accessoires-pelles-2\/#breadcrumb"},"inLanguage":"fr-FR","potentialAction":[{"@type":"ReadAction","target":["https:\/\/www.deryckeverhuur.be\/fr\/produit\/accessoires-pelles-2\/"]}]},{"@type":"ImageObject","inLanguage":"fr-FR","@id":"https:\/\/www.deryckeverhuur.be\/fr\/produit\/accessoires-pelles-2\/#primaryimage","url":"https:\/\/www.deryckeverhuur.be\/wp-content\/uploads\/2025\/06\/Breekhamers-_-Brise-roches-hydrauliques-1.png","contentUrl":"https:\/\/www.deryckeverhuur.be\/wp-content\/uploads\/2025\/06\/Breekhamers-_-Brise-roches-hydrauliques-1.png","width":1080,"height":720},{"@type":"BreadcrumbList","@id":"https:\/\/www.deryckeverhuur.be\/fr\/produit\/accessoires-pelles-2\/#breadcrumb","itemListElement":[{"@type":"ListItem","position":1,"name":"Accueil","item":"https:\/\/www.deryckeverhuur.be\/fr\/accueil\/"},{"@type":"ListItem","position":2,"name":"Produits","item":"https:\/\/www.deryckeverhuur.be\/fr\/shop\/"},{"@type":"ListItem","position":3,"name":"Accessoires pour grues sur chenilles"}]},{"@type":"WebSite","@id":"https:\/\/www.deryckeverhuur.be\/fr\/#website","url":"https:\/\/www.deryckeverhuur.be\/fr\/","name":"De Rycke Verhuur","description":"","publisher":{"@id":"https:\/\/www.deryckeverhuur.be\/fr\/#organization"},"potentialAction":[{"@type":"SearchAction","target":{"@type":"EntryPoint","urlTemplate":"https:\/\/www.deryckeverhuur.be\/fr\/?s={search_term_string}"},"query-input":{"@type":"PropertyValueSpecification","valueRequired":true,"valueName":"search_term_string"}}],"inLanguage":"fr-FR"},{"@type":"Organization","@id":"https:\/\/www.deryckeverhuur.be\/fr\/#organization","name":"De Rycke Verhuur","url":"https:\/\/www.deryckeverhuur.be\/fr\/","logo":{"@type":"ImageObject","inLanguage":"fr-FR","@id":"https:\/\/www.deryckeverhuur.be\/fr\/#\/schema\/logo\/image\/","url":"https:\/\/www.deryckeverhuur.be\/wp-content\/uploads\/2024\/04\/3f11ca52e320acac5665453f083372b2.png","contentUrl":"https:\/\/www.deryckeverhuur.be\/wp-content\/uploads\/2024\/04\/3f11ca52e320acac5665453f083372b2.png","width":2560,"height":624,"caption":"De Rycke Verhuur"},"image":{"@id":"https:\/\/www.deryckeverhuur.be\/fr\/#\/schema\/logo\/image\/"},"sameAs":["https:\/\/www.facebook.com\/deryckeverhuur\/","https:\/\/www.instagram.com\/deryckeverhuur\/","https:\/\/www.linkedin.com\/company\/de-rycke-verhuur-bvba\/"]}]}},"_links":{"self":[{"href":"https:\/\/www.deryckeverhuur.be\/fr\/wp-json\/wp\/v2\/product\/17297","targetHints":{"allow":["GET"]}}],"collection":[{"href":"https:\/\/www.deryckeverhuur.be\/fr\/wp-json\/wp\/v2\/product"}],"about":[{"href":"https:\/\/www.deryckeverhuur.be\/fr\/wp-json\/wp\/v2\/types\/product"}],"replies":[{"embeddable":true,"href":"https:\/\/www.deryckeverhuur.be\/fr\/wp-json\/wp\/v2\/comments?post=17297"}],"wp:featuredmedia":[{"embeddable":true,"href":"https:\/\/www.deryckeverhuur.be\/fr\/wp-json\/wp\/v2\/media\/17264"}],"wp:attachment":[{"href":"https:\/\/www.deryckeverhuur.be\/fr\/wp-json\/wp\/v2\/media?parent=17297"}],"wp:term":[{"taxonomy":"product_brand","embeddable":true,"href":"https:\/\/www.deryckeverhuur.be\/fr\/wp-json\/wp\/v2\/product_brand?post=17297"},{"taxonomy":"product_cat","embeddable":true,"href":"https:\/\/www.deryckeverhuur.be\/fr\/wp-json\/wp\/v2\/product_cat?post=17297"},{"taxonomy":"product_tag","embeddable":true,"href":"https:\/\/www.deryckeverhuur.be\/fr\/wp-json\/wp\/v2\/product_tag?post=17297"},{"taxonomy":"sector","embeddable":true,"href":"https:\/\/www.deryckeverhuur.be\/fr\/wp-json\/wp\/v2\/sector?post=17297"}],"curies":[{"name":"wp","href":"https:\/\/api.w.org\/{rel}","templated":true}]}}