{"id":15817,"date":"2025-06-17T22:56:52","date_gmt":"2025-06-17T22:56:52","guid":{"rendered":"https:\/\/www.deryckeverhuur.be\/product\/accessoires-pour-chariots-elevateurs\/"},"modified":"2025-08-27T13:23:55","modified_gmt":"2025-08-27T13:23:55","slug":"accessoires-pour-chariots-elevateurs","status":"publish","type":"product","link":"https:\/\/www.deryckeverhuur.be\/fr\/produit\/accessoires-pour-chariots-elevateurs\/","title":{"rendered":"Accessoires pour chariots \u00e9l\u00e9vateurs"},"content":{"rendered":"<p>Tirez le meilleur parti de votre chariot \u00e9l\u00e9vateur gr\u00e2ce \u00e0 nos <strong data-start=\"129\" data-end=\"160\">accessoires et compl\u00e9ments<\/strong> professionnels. Que vous souhaitiez basculer, \u00e9coper, d\u00e9placer des charges ou travailler en hauteur en toute s\u00e9curit\u00e9, nous avons l&rsquo;accessoire qu&rsquo;il vous faut pour votre chantier ou votre entrep\u00f4t. <\/p>\n","protected":false},"excerpt":{"rendered":"<p>Tirez le meilleur parti de votre chariot \u00e9l\u00e9vateur gr\u00e2ce \u00e0 nos accessoires et compl\u00e9ments professionnels. Que vous souhaitiez basculer, \u00e9coper, d\u00e9placer des charges ou travailler en hauteur en toute s\u00e9curit\u00e9, nous avons l&rsquo;accessoire qu&rsquo;il vous faut pour votre chantier ou votre entrep\u00f4t.<\/p>\n","protected":false},"featured_media":18850,"comment_status":"open","ping_status":"closed","template":"","meta":{"_acf_changed":false},"product_brand":[],"product_cat":[597,546],"product_tag":[],"sector":[],"class_list":{"0":"post-15817","1":"product","2":"type-product","3":"status-publish","4":"has-post-thumbnail","6":"product_cat-chariots-elevateurs","7":"product_cat-materiel-de-levage-et-de-manutention","9":"first","10":"instock","11":"shipping-taxable","12":"product-type-variable"},"acf":[],"yoast_head":"<!-- This site is optimized with the Yoast SEO plugin v27.4 - https:\/\/yoast.com\/product\/yoast-seo-wordpress\/ -->\n<title>Accessoires pour chariots \u00e9l\u00e9vateurs | De Rycke Verhuur<\/title>\n<meta name=\"description\" content=\"Tirez le meilleur parti de votre chariot \u00e9l\u00e9vateur gr\u00e2ce \u00e0 nos accessoires et compl\u00e9ments professionnels. Que vous souhaitiez basculer, \u00e9coper, d\u00e9placer - De Rycke Verhuur\" \/>\n<meta name=\"robots\" content=\"index, follow, max-snippet:-1, max-image-preview:large, max-video-preview:-1\" \/>\n<link rel=\"canonical\" href=\"https:\/\/www.deryckeverhuur.be\/fr\/produit\/accessoires-pour-chariots-elevateurs\/\" \/>\n<meta property=\"og:locale\" content=\"fr_FR\" \/>\n<meta property=\"og:type\" content=\"article\" \/>\n<meta property=\"og:title\" content=\"Accessoires pour chariots \u00e9l\u00e9vateurs | De Rycke Verhuur\" \/>\n<meta property=\"og:description\" content=\"Tirez le meilleur parti de votre chariot \u00e9l\u00e9vateur gr\u00e2ce \u00e0 nos accessoires et compl\u00e9ments professionnels. Que vous souhaitiez basculer, \u00e9coper, d\u00e9placer - De Rycke Verhuur\" \/>\n<meta property=\"og:url\" content=\"https:\/\/www.deryckeverhuur.be\/fr\/produit\/accessoires-pour-chariots-elevateurs\/\" \/>\n<meta property=\"og:site_name\" content=\"De Rycke Verhuur\" \/>\n<meta property=\"article:publisher\" content=\"https:\/\/www.facebook.com\/deryckeverhuur\/\" \/>\n<meta property=\"article:modified_time\" content=\"2025-08-27T13:23:55+00:00\" \/>\n<meta property=\"og:image\" content=\"https:\/\/www.deryckeverhuur.be\/wp-content\/uploads\/2025\/06\/Vorkliften-toebehoren.png\" \/>\n\t<meta property=\"og:image:width\" content=\"720\" \/>\n\t<meta property=\"og:image:height\" content=\"480\" \/>\n\t<meta property=\"og:image:type\" content=\"image\/png\" \/>\n<meta name=\"twitter:card\" content=\"summary_large_image\" \/>\n<script type=\"application\/ld+json\" class=\"yoast-schema-graph\">{\"@context\":\"https:\\\/\\\/schema.org\",\"@graph\":[{\"@type\":[\"WebPage\",\"ItemPage\"],\"@id\":\"https:\\\/\\\/www.deryckeverhuur.be\\\/fr\\\/produit\\\/accessoires-pour-chariots-elevateurs\\\/\",\"url\":\"https:\\\/\\\/www.deryckeverhuur.be\\\/fr\\\/produit\\\/accessoires-pour-chariots-elevateurs\\\/\",\"name\":\"Accessoires pour chariots \u00e9l\u00e9vateurs | De Rycke Verhuur\",\"isPartOf\":{\"@id\":\"https:\\\/\\\/www.deryckeverhuur.be\\\/fr\\\/#website\"},\"primaryImageOfPage\":{\"@id\":\"https:\\\/\\\/www.deryckeverhuur.be\\\/fr\\\/produit\\\/accessoires-pour-chariots-elevateurs\\\/#primaryimage\"},\"image\":{\"@id\":\"https:\\\/\\\/www.deryckeverhuur.be\\\/fr\\\/produit\\\/accessoires-pour-chariots-elevateurs\\\/#primaryimage\"},\"thumbnailUrl\":\"https:\\\/\\\/www.deryckeverhuur.be\\\/wp-content\\\/uploads\\\/2025\\\/06\\\/Vorkliften-toebehoren.png\",\"datePublished\":\"2025-06-17T22:56:52+00:00\",\"dateModified\":\"2025-08-27T13:23:55+00:00\",\"description\":\"Tirez le meilleur parti de votre chariot \u00e9l\u00e9vateur gr\u00e2ce \u00e0 nos accessoires et compl\u00e9ments professionnels. Que vous souhaitiez basculer, \u00e9coper, d\u00e9placer - De Rycke Verhuur\",\"breadcrumb\":{\"@id\":\"https:\\\/\\\/www.deryckeverhuur.be\\\/fr\\\/produit\\\/accessoires-pour-chariots-elevateurs\\\/#breadcrumb\"},\"inLanguage\":\"fr-FR\",\"potentialAction\":[{\"@type\":\"ReadAction\",\"target\":[\"https:\\\/\\\/www.deryckeverhuur.be\\\/fr\\\/produit\\\/accessoires-pour-chariots-elevateurs\\\/\"]}]},{\"@type\":\"ImageObject\",\"inLanguage\":\"fr-FR\",\"@id\":\"https:\\\/\\\/www.deryckeverhuur.be\\\/fr\\\/produit\\\/accessoires-pour-chariots-elevateurs\\\/#primaryimage\",\"url\":\"https:\\\/\\\/www.deryckeverhuur.be\\\/wp-content\\\/uploads\\\/2025\\\/06\\\/Vorkliften-toebehoren.png\",\"contentUrl\":\"https:\\\/\\\/www.deryckeverhuur.be\\\/wp-content\\\/uploads\\\/2025\\\/06\\\/Vorkliften-toebehoren.png\",\"width\":720,\"height\":480},{\"@type\":\"BreadcrumbList\",\"@id\":\"https:\\\/\\\/www.deryckeverhuur.be\\\/fr\\\/produit\\\/accessoires-pour-chariots-elevateurs\\\/#breadcrumb\",\"itemListElement\":[{\"@type\":\"ListItem\",\"position\":1,\"name\":\"Accueil\",\"item\":\"https:\\\/\\\/www.deryckeverhuur.be\\\/fr\\\/accueil\\\/\"},{\"@type\":\"ListItem\",\"position\":2,\"name\":\"Produits\",\"item\":\"https:\\\/\\\/www.deryckeverhuur.be\\\/fr\\\/shop\\\/\"},{\"@type\":\"ListItem\",\"position\":3,\"name\":\"Accessoires pour chariots \u00e9l\u00e9vateurs\"}]},{\"@type\":\"WebSite\",\"@id\":\"https:\\\/\\\/www.deryckeverhuur.be\\\/fr\\\/#website\",\"url\":\"https:\\\/\\\/www.deryckeverhuur.be\\\/fr\\\/\",\"name\":\"De Rycke Verhuur\",\"description\":\"\",\"publisher\":{\"@id\":\"https:\\\/\\\/www.deryckeverhuur.be\\\/fr\\\/#organization\"},\"potentialAction\":[{\"@type\":\"SearchAction\",\"target\":{\"@type\":\"EntryPoint\",\"urlTemplate\":\"https:\\\/\\\/www.deryckeverhuur.be\\\/fr\\\/?s={search_term_string}\"},\"query-input\":{\"@type\":\"PropertyValueSpecification\",\"valueRequired\":true,\"valueName\":\"search_term_string\"}}],\"inLanguage\":\"fr-FR\"},{\"@type\":\"Organization\",\"@id\":\"https:\\\/\\\/www.deryckeverhuur.be\\\/fr\\\/#organization\",\"name\":\"De Rycke Verhuur\",\"url\":\"https:\\\/\\\/www.deryckeverhuur.be\\\/fr\\\/\",\"logo\":{\"@type\":\"ImageObject\",\"inLanguage\":\"fr-FR\",\"@id\":\"https:\\\/\\\/www.deryckeverhuur.be\\\/fr\\\/#\\\/schema\\\/logo\\\/image\\\/\",\"url\":\"https:\\\/\\\/www.deryckeverhuur.be\\\/wp-content\\\/uploads\\\/2024\\\/04\\\/3f11ca52e320acac5665453f083372b2.png\",\"contentUrl\":\"https:\\\/\\\/www.deryckeverhuur.be\\\/wp-content\\\/uploads\\\/2024\\\/04\\\/3f11ca52e320acac5665453f083372b2.png\",\"width\":2560,\"height\":624,\"caption\":\"De Rycke Verhuur\"},\"image\":{\"@id\":\"https:\\\/\\\/www.deryckeverhuur.be\\\/fr\\\/#\\\/schema\\\/logo\\\/image\\\/\"},\"sameAs\":[\"https:\\\/\\\/www.facebook.com\\\/deryckeverhuur\\\/\",\"https:\\\/\\\/www.instagram.com\\\/deryckeverhuur\\\/\",\"https:\\\/\\\/www.linkedin.com\\\/company\\\/de-rycke-verhuur-bvba\\\/\"]}]}<\/script>\n<!-- \/ Yoast SEO plugin. -->","yoast_head_json":{"title":"Accessoires pour chariots \u00e9l\u00e9vateurs | De Rycke Verhuur","description":"Tirez le meilleur parti de votre chariot \u00e9l\u00e9vateur gr\u00e2ce \u00e0 nos accessoires et compl\u00e9ments professionnels. Que vous souhaitiez basculer, \u00e9coper, d\u00e9placer - De Rycke Verhuur","robots":{"index":"index","follow":"follow","max-snippet":"max-snippet:-1","max-image-preview":"max-image-preview:large","max-video-preview":"max-video-preview:-1"},"canonical":"https:\/\/www.deryckeverhuur.be\/fr\/produit\/accessoires-pour-chariots-elevateurs\/","og_locale":"fr_FR","og_type":"article","og_title":"Accessoires pour chariots \u00e9l\u00e9vateurs | De Rycke Verhuur","og_description":"Tirez le meilleur parti de votre chariot \u00e9l\u00e9vateur gr\u00e2ce \u00e0 nos accessoires et compl\u00e9ments professionnels. Que vous souhaitiez basculer, \u00e9coper, d\u00e9placer - De Rycke Verhuur","og_url":"https:\/\/www.deryckeverhuur.be\/fr\/produit\/accessoires-pour-chariots-elevateurs\/","og_site_name":"De Rycke Verhuur","article_publisher":"https:\/\/www.facebook.com\/deryckeverhuur\/","article_modified_time":"2025-08-27T13:23:55+00:00","og_image":[{"width":720,"height":480,"url":"https:\/\/www.deryckeverhuur.be\/wp-content\/uploads\/2025\/06\/Vorkliften-toebehoren.png","type":"image\/png"}],"twitter_card":"summary_large_image","schema":{"@context":"https:\/\/schema.org","@graph":[{"@type":["WebPage","ItemPage"],"@id":"https:\/\/www.deryckeverhuur.be\/fr\/produit\/accessoires-pour-chariots-elevateurs\/","url":"https:\/\/www.deryckeverhuur.be\/fr\/produit\/accessoires-pour-chariots-elevateurs\/","name":"Accessoires pour chariots \u00e9l\u00e9vateurs | De Rycke Verhuur","isPartOf":{"@id":"https:\/\/www.deryckeverhuur.be\/fr\/#website"},"primaryImageOfPage":{"@id":"https:\/\/www.deryckeverhuur.be\/fr\/produit\/accessoires-pour-chariots-elevateurs\/#primaryimage"},"image":{"@id":"https:\/\/www.deryckeverhuur.be\/fr\/produit\/accessoires-pour-chariots-elevateurs\/#primaryimage"},"thumbnailUrl":"https:\/\/www.deryckeverhuur.be\/wp-content\/uploads\/2025\/06\/Vorkliften-toebehoren.png","datePublished":"2025-06-17T22:56:52+00:00","dateModified":"2025-08-27T13:23:55+00:00","description":"Tirez le meilleur parti de votre chariot \u00e9l\u00e9vateur gr\u00e2ce \u00e0 nos accessoires et compl\u00e9ments professionnels. Que vous souhaitiez basculer, \u00e9coper, d\u00e9placer - De Rycke Verhuur","breadcrumb":{"@id":"https:\/\/www.deryckeverhuur.be\/fr\/produit\/accessoires-pour-chariots-elevateurs\/#breadcrumb"},"inLanguage":"fr-FR","potentialAction":[{"@type":"ReadAction","target":["https:\/\/www.deryckeverhuur.be\/fr\/produit\/accessoires-pour-chariots-elevateurs\/"]}]},{"@type":"ImageObject","inLanguage":"fr-FR","@id":"https:\/\/www.deryckeverhuur.be\/fr\/produit\/accessoires-pour-chariots-elevateurs\/#primaryimage","url":"https:\/\/www.deryckeverhuur.be\/wp-content\/uploads\/2025\/06\/Vorkliften-toebehoren.png","contentUrl":"https:\/\/www.deryckeverhuur.be\/wp-content\/uploads\/2025\/06\/Vorkliften-toebehoren.png","width":720,"height":480},{"@type":"BreadcrumbList","@id":"https:\/\/www.deryckeverhuur.be\/fr\/produit\/accessoires-pour-chariots-elevateurs\/#breadcrumb","itemListElement":[{"@type":"ListItem","position":1,"name":"Accueil","item":"https:\/\/www.deryckeverhuur.be\/fr\/accueil\/"},{"@type":"ListItem","position":2,"name":"Produits","item":"https:\/\/www.deryckeverhuur.be\/fr\/shop\/"},{"@type":"ListItem","position":3,"name":"Accessoires pour chariots \u00e9l\u00e9vateurs"}]},{"@type":"WebSite","@id":"https:\/\/www.deryckeverhuur.be\/fr\/#website","url":"https:\/\/www.deryckeverhuur.be\/fr\/","name":"De Rycke Verhuur","description":"","publisher":{"@id":"https:\/\/www.deryckeverhuur.be\/fr\/#organization"},"potentialAction":[{"@type":"SearchAction","target":{"@type":"EntryPoint","urlTemplate":"https:\/\/www.deryckeverhuur.be\/fr\/?s={search_term_string}"},"query-input":{"@type":"PropertyValueSpecification","valueRequired":true,"valueName":"search_term_string"}}],"inLanguage":"fr-FR"},{"@type":"Organization","@id":"https:\/\/www.deryckeverhuur.be\/fr\/#organization","name":"De Rycke Verhuur","url":"https:\/\/www.deryckeverhuur.be\/fr\/","logo":{"@type":"ImageObject","inLanguage":"fr-FR","@id":"https:\/\/www.deryckeverhuur.be\/fr\/#\/schema\/logo\/image\/","url":"https:\/\/www.deryckeverhuur.be\/wp-content\/uploads\/2024\/04\/3f11ca52e320acac5665453f083372b2.png","contentUrl":"https:\/\/www.deryckeverhuur.be\/wp-content\/uploads\/2024\/04\/3f11ca52e320acac5665453f083372b2.png","width":2560,"height":624,"caption":"De Rycke Verhuur"},"image":{"@id":"https:\/\/www.deryckeverhuur.be\/fr\/#\/schema\/logo\/image\/"},"sameAs":["https:\/\/www.facebook.com\/deryckeverhuur\/","https:\/\/www.instagram.com\/deryckeverhuur\/","https:\/\/www.linkedin.com\/company\/de-rycke-verhuur-bvba\/"]}]}},"_links":{"self":[{"href":"https:\/\/www.deryckeverhuur.be\/fr\/wp-json\/wp\/v2\/product\/15817","targetHints":{"allow":["GET"]}}],"collection":[{"href":"https:\/\/www.deryckeverhuur.be\/fr\/wp-json\/wp\/v2\/product"}],"about":[{"href":"https:\/\/www.deryckeverhuur.be\/fr\/wp-json\/wp\/v2\/types\/product"}],"replies":[{"embeddable":true,"href":"https:\/\/www.deryckeverhuur.be\/fr\/wp-json\/wp\/v2\/comments?post=15817"}],"wp:featuredmedia":[{"embeddable":true,"href":"https:\/\/www.deryckeverhuur.be\/fr\/wp-json\/wp\/v2\/media\/18850"}],"wp:attachment":[{"href":"https:\/\/www.deryckeverhuur.be\/fr\/wp-json\/wp\/v2\/media?parent=15817"}],"wp:term":[{"taxonomy":"product_brand","embeddable":true,"href":"https:\/\/www.deryckeverhuur.be\/fr\/wp-json\/wp\/v2\/product_brand?post=15817"},{"taxonomy":"product_cat","embeddable":true,"href":"https:\/\/www.deryckeverhuur.be\/fr\/wp-json\/wp\/v2\/product_cat?post=15817"},{"taxonomy":"product_tag","embeddable":true,"href":"https:\/\/www.deryckeverhuur.be\/fr\/wp-json\/wp\/v2\/product_tag?post=15817"},{"taxonomy":"sector","embeddable":true,"href":"https:\/\/www.deryckeverhuur.be\/fr\/wp-json\/wp\/v2\/sector?post=15817"}],"curies":[{"name":"wp","href":"https:\/\/api.w.org\/{rel}","templated":true}]}}