{"id":15322,"date":"2025-06-17T13:49:25","date_gmt":"2025-06-17T13:49:25","guid":{"rendered":"https:\/\/www.deryckeverhuur.be\/product\/pelle-sur-chenilles-long-reach\/"},"modified":"2026-01-19T13:42:03","modified_gmt":"2026-01-19T13:42:03","slug":"pelle-sur-chenilles-long-reach","status":"publish","type":"product","link":"https:\/\/www.deryckeverhuur.be\/fr\/produit\/pelle-sur-chenilles-long-reach\/","title":{"rendered":"Pelle sur chenilles \u00ab\u00a0Long Reach\u00a0\u00bb"},"content":{"rendered":"<p data-start=\"112\" data-end=\"372\"><strong data-start=\"112\" data-end=\"220\">D\u00e9couvrez la puissance, la pr\u00e9cision et la polyvalence de la grue sur chenilles Hyundai HX300AL Long Reach.<\/strong><\/p>\n<p>Avec une port\u00e9e impressionnante de 18,5 m\u00e8tres, cet engin est id\u00e9al pour une vari\u00e9t\u00e9 d&rsquo;applications telles que le terrassement, l&rsquo;ing\u00e9nierie hydraulique et les projets de construction.<\/p>\n<p data-start=\"374\" data-end=\"698\">Cette grue sur chenilles robuste de 33,5 tonnes est con\u00e7ue pour offrir des performances optimales dans les conditions de travail les plus difficiles. Gr\u00e2ce au moteur fiable Hyundai Stage V et au syst\u00e8me hydraulique avanc\u00e9, la HX300AL offre une puissance constante, une efficacit\u00e9 optimale et un fonctionnement en douceur. Le r\u00e9sultat ? Une productivit\u00e9 maximale, des temps d&rsquo;arr\u00eat minimaux.   <\/p>\n","protected":false},"excerpt":{"rendered":"<p>D\u00e9couvrez la puissance, la pr\u00e9cision et la polyvalence de la grue sur chenilles Hyundai HX300AL Long Reach. Avec une port\u00e9e impressionnante de 18,5 m\u00e8tres, cet engin est id\u00e9al pour une vari\u00e9t\u00e9 d&rsquo;applications telles que le terrassement, l&rsquo;ing\u00e9nierie hydraulique et les projets de construction. Cette grue sur chenilles robuste de 33,5 tonnes est con\u00e7ue pour offrir [&hellip;]<\/p>\n","protected":false},"featured_media":15627,"comment_status":"open","ping_status":"closed","template":"","meta":{"_acf_changed":false},"product_brand":[],"product_cat":[608,541],"product_tag":[],"sector":[612,611,626,616,617,618,628,625,613,614,615],"class_list":{"0":"post-15322","1":"product","2":"type-product","3":"status-publish","4":"has-post-thumbnail","6":"product_cat-pelles","7":"product_cat-terrassement","8":"sector-chimie","9":"sector-chimie-et-ports","10":"sector-construction-de-commerces-de-detail-dindustrie-et-dentrepots","11":"sector-construction-ferroviaire","12":"sector-construction-hydraulique","13":"sector-construction-routiere","14":"sector-etablissements-de-sante-et-installations-de-loisirs","15":"sector-ponts-tunnels-et-services-publics","16":"sector-ports","17":"sector-terrassement-construction-routiere-hydraulique-et-ferroviaire","18":"sector-travaux-de-terrassement","20":"first","21":"instock","22":"shipping-taxable","23":"product-type-variable","24":"has-default-attributes"},"acf":[],"yoast_head":"<!-- This site is optimized with the Yoast SEO plugin v27.4 - https:\/\/yoast.com\/product\/yoast-seo-wordpress\/ -->\n<title>Pelle sur chenilles &quot;Long Reach&quot; | De Rycke Verhuur<\/title>\n<meta name=\"description\" content=\"D\u00e9couvrez la puissance, la pr\u00e9cision et la polyvalence de la grue sur chenilles Hyundai HX300AL Long Reach. Avec une port\u00e9e impressionnante de 18,5 - De Rycke Verhuur\" \/>\n<meta name=\"robots\" content=\"index, follow, max-snippet:-1, max-image-preview:large, max-video-preview:-1\" \/>\n<link rel=\"canonical\" href=\"https:\/\/www.deryckeverhuur.be\/fr\/produit\/pelle-sur-chenilles-long-reach\/\" \/>\n<meta property=\"og:locale\" content=\"fr_FR\" \/>\n<meta property=\"og:type\" content=\"article\" \/>\n<meta property=\"og:title\" content=\"Pelle sur chenilles &quot;Long Reach&quot; | De Rycke Verhuur\" \/>\n<meta property=\"og:description\" content=\"D\u00e9couvrez la puissance, la pr\u00e9cision et la polyvalence de la grue sur chenilles Hyundai HX300AL Long Reach. Avec une port\u00e9e impressionnante de 18,5 - De Rycke Verhuur\" \/>\n<meta property=\"og:url\" content=\"https:\/\/www.deryckeverhuur.be\/fr\/produit\/pelle-sur-chenilles-long-reach\/\" \/>\n<meta property=\"og:site_name\" content=\"De Rycke Verhuur\" \/>\n<meta property=\"article:publisher\" content=\"https:\/\/www.facebook.com\/deryckeverhuur\/\" \/>\n<meta property=\"article:modified_time\" content=\"2026-01-19T13:42:03+00:00\" \/>\n<meta property=\"og:image\" content=\"https:\/\/www.deryckeverhuur.be\/wp-content\/uploads\/2025\/06\/Hyundai-300AX-Long-Reach-foto.png\" \/>\n\t<meta property=\"og:image:width\" content=\"1440\" \/>\n\t<meta property=\"og:image:height\" content=\"960\" \/>\n\t<meta property=\"og:image:type\" content=\"image\/png\" \/>\n<meta name=\"twitter:card\" content=\"summary_large_image\" \/>\n<meta name=\"twitter:label1\" content=\"Dur\u00e9e de lecture estim\u00e9e\" \/>\n\t<meta name=\"twitter:data1\" content=\"1 minute\" \/>\n<script type=\"application\/ld+json\" class=\"yoast-schema-graph\">{\"@context\":\"https:\\\/\\\/schema.org\",\"@graph\":[{\"@type\":[\"WebPage\",\"ItemPage\"],\"@id\":\"https:\\\/\\\/www.deryckeverhuur.be\\\/fr\\\/produit\\\/pelle-sur-chenilles-long-reach\\\/\",\"url\":\"https:\\\/\\\/www.deryckeverhuur.be\\\/fr\\\/produit\\\/pelle-sur-chenilles-long-reach\\\/\",\"name\":\"Pelle sur chenilles \\\"Long Reach\\\" | De Rycke Verhuur\",\"isPartOf\":{\"@id\":\"https:\\\/\\\/www.deryckeverhuur.be\\\/fr\\\/#website\"},\"primaryImageOfPage\":{\"@id\":\"https:\\\/\\\/www.deryckeverhuur.be\\\/fr\\\/produit\\\/pelle-sur-chenilles-long-reach\\\/#primaryimage\"},\"image\":{\"@id\":\"https:\\\/\\\/www.deryckeverhuur.be\\\/fr\\\/produit\\\/pelle-sur-chenilles-long-reach\\\/#primaryimage\"},\"thumbnailUrl\":\"https:\\\/\\\/www.deryckeverhuur.be\\\/wp-content\\\/uploads\\\/2025\\\/06\\\/Hyundai-300AX-Long-Reach-foto.png\",\"datePublished\":\"2025-06-17T13:49:25+00:00\",\"dateModified\":\"2026-01-19T13:42:03+00:00\",\"description\":\"D\u00e9couvrez la puissance, la pr\u00e9cision et la polyvalence de la grue sur chenilles Hyundai HX300AL Long Reach. Avec une port\u00e9e impressionnante de 18,5 - De Rycke Verhuur\",\"breadcrumb\":{\"@id\":\"https:\\\/\\\/www.deryckeverhuur.be\\\/fr\\\/produit\\\/pelle-sur-chenilles-long-reach\\\/#breadcrumb\"},\"inLanguage\":\"fr-FR\",\"potentialAction\":[{\"@type\":\"ReadAction\",\"target\":[\"https:\\\/\\\/www.deryckeverhuur.be\\\/fr\\\/produit\\\/pelle-sur-chenilles-long-reach\\\/\"]}]},{\"@type\":\"ImageObject\",\"inLanguage\":\"fr-FR\",\"@id\":\"https:\\\/\\\/www.deryckeverhuur.be\\\/fr\\\/produit\\\/pelle-sur-chenilles-long-reach\\\/#primaryimage\",\"url\":\"https:\\\/\\\/www.deryckeverhuur.be\\\/wp-content\\\/uploads\\\/2025\\\/06\\\/Hyundai-300AX-Long-Reach-foto.png\",\"contentUrl\":\"https:\\\/\\\/www.deryckeverhuur.be\\\/wp-content\\\/uploads\\\/2025\\\/06\\\/Hyundai-300AX-Long-Reach-foto.png\",\"width\":1440,\"height\":960},{\"@type\":\"BreadcrumbList\",\"@id\":\"https:\\\/\\\/www.deryckeverhuur.be\\\/fr\\\/produit\\\/pelle-sur-chenilles-long-reach\\\/#breadcrumb\",\"itemListElement\":[{\"@type\":\"ListItem\",\"position\":1,\"name\":\"Accueil\",\"item\":\"https:\\\/\\\/www.deryckeverhuur.be\\\/fr\\\/accueil\\\/\"},{\"@type\":\"ListItem\",\"position\":2,\"name\":\"Produits\",\"item\":\"https:\\\/\\\/www.deryckeverhuur.be\\\/fr\\\/shop\\\/\"},{\"@type\":\"ListItem\",\"position\":3,\"name\":\"Pelle sur chenilles &#8220;Long Reach&#8221;\"}]},{\"@type\":\"WebSite\",\"@id\":\"https:\\\/\\\/www.deryckeverhuur.be\\\/fr\\\/#website\",\"url\":\"https:\\\/\\\/www.deryckeverhuur.be\\\/fr\\\/\",\"name\":\"De Rycke Verhuur\",\"description\":\"\",\"publisher\":{\"@id\":\"https:\\\/\\\/www.deryckeverhuur.be\\\/fr\\\/#organization\"},\"potentialAction\":[{\"@type\":\"SearchAction\",\"target\":{\"@type\":\"EntryPoint\",\"urlTemplate\":\"https:\\\/\\\/www.deryckeverhuur.be\\\/fr\\\/?s={search_term_string}\"},\"query-input\":{\"@type\":\"PropertyValueSpecification\",\"valueRequired\":true,\"valueName\":\"search_term_string\"}}],\"inLanguage\":\"fr-FR\"},{\"@type\":\"Organization\",\"@id\":\"https:\\\/\\\/www.deryckeverhuur.be\\\/fr\\\/#organization\",\"name\":\"De Rycke Verhuur\",\"url\":\"https:\\\/\\\/www.deryckeverhuur.be\\\/fr\\\/\",\"logo\":{\"@type\":\"ImageObject\",\"inLanguage\":\"fr-FR\",\"@id\":\"https:\\\/\\\/www.deryckeverhuur.be\\\/fr\\\/#\\\/schema\\\/logo\\\/image\\\/\",\"url\":\"https:\\\/\\\/www.deryckeverhuur.be\\\/wp-content\\\/uploads\\\/2024\\\/04\\\/3f11ca52e320acac5665453f083372b2.png\",\"contentUrl\":\"https:\\\/\\\/www.deryckeverhuur.be\\\/wp-content\\\/uploads\\\/2024\\\/04\\\/3f11ca52e320acac5665453f083372b2.png\",\"width\":2560,\"height\":624,\"caption\":\"De Rycke Verhuur\"},\"image\":{\"@id\":\"https:\\\/\\\/www.deryckeverhuur.be\\\/fr\\\/#\\\/schema\\\/logo\\\/image\\\/\"},\"sameAs\":[\"https:\\\/\\\/www.facebook.com\\\/deryckeverhuur\\\/\",\"https:\\\/\\\/www.instagram.com\\\/deryckeverhuur\\\/\",\"https:\\\/\\\/www.linkedin.com\\\/company\\\/de-rycke-verhuur-bvba\\\/\"]}]}<\/script>\n<!-- \/ Yoast SEO plugin. -->","yoast_head_json":{"title":"Pelle sur chenilles \"Long Reach\" | De Rycke Verhuur","description":"D\u00e9couvrez la puissance, la pr\u00e9cision et la polyvalence de la grue sur chenilles Hyundai HX300AL Long Reach. Avec une port\u00e9e impressionnante de 18,5 - De Rycke Verhuur","robots":{"index":"index","follow":"follow","max-snippet":"max-snippet:-1","max-image-preview":"max-image-preview:large","max-video-preview":"max-video-preview:-1"},"canonical":"https:\/\/www.deryckeverhuur.be\/fr\/produit\/pelle-sur-chenilles-long-reach\/","og_locale":"fr_FR","og_type":"article","og_title":"Pelle sur chenilles \"Long Reach\" | De Rycke Verhuur","og_description":"D\u00e9couvrez la puissance, la pr\u00e9cision et la polyvalence de la grue sur chenilles Hyundai HX300AL Long Reach. Avec une port\u00e9e impressionnante de 18,5 - De Rycke Verhuur","og_url":"https:\/\/www.deryckeverhuur.be\/fr\/produit\/pelle-sur-chenilles-long-reach\/","og_site_name":"De Rycke Verhuur","article_publisher":"https:\/\/www.facebook.com\/deryckeverhuur\/","article_modified_time":"2026-01-19T13:42:03+00:00","og_image":[{"width":1440,"height":960,"url":"https:\/\/www.deryckeverhuur.be\/wp-content\/uploads\/2025\/06\/Hyundai-300AX-Long-Reach-foto.png","type":"image\/png"}],"twitter_card":"summary_large_image","twitter_misc":{"Dur\u00e9e de lecture estim\u00e9e":"1 minute"},"schema":{"@context":"https:\/\/schema.org","@graph":[{"@type":["WebPage","ItemPage"],"@id":"https:\/\/www.deryckeverhuur.be\/fr\/produit\/pelle-sur-chenilles-long-reach\/","url":"https:\/\/www.deryckeverhuur.be\/fr\/produit\/pelle-sur-chenilles-long-reach\/","name":"Pelle sur chenilles \"Long Reach\" | De Rycke Verhuur","isPartOf":{"@id":"https:\/\/www.deryckeverhuur.be\/fr\/#website"},"primaryImageOfPage":{"@id":"https:\/\/www.deryckeverhuur.be\/fr\/produit\/pelle-sur-chenilles-long-reach\/#primaryimage"},"image":{"@id":"https:\/\/www.deryckeverhuur.be\/fr\/produit\/pelle-sur-chenilles-long-reach\/#primaryimage"},"thumbnailUrl":"https:\/\/www.deryckeverhuur.be\/wp-content\/uploads\/2025\/06\/Hyundai-300AX-Long-Reach-foto.png","datePublished":"2025-06-17T13:49:25+00:00","dateModified":"2026-01-19T13:42:03+00:00","description":"D\u00e9couvrez la puissance, la pr\u00e9cision et la polyvalence de la grue sur chenilles Hyundai HX300AL Long Reach. Avec une port\u00e9e impressionnante de 18,5 - De Rycke Verhuur","breadcrumb":{"@id":"https:\/\/www.deryckeverhuur.be\/fr\/produit\/pelle-sur-chenilles-long-reach\/#breadcrumb"},"inLanguage":"fr-FR","potentialAction":[{"@type":"ReadAction","target":["https:\/\/www.deryckeverhuur.be\/fr\/produit\/pelle-sur-chenilles-long-reach\/"]}]},{"@type":"ImageObject","inLanguage":"fr-FR","@id":"https:\/\/www.deryckeverhuur.be\/fr\/produit\/pelle-sur-chenilles-long-reach\/#primaryimage","url":"https:\/\/www.deryckeverhuur.be\/wp-content\/uploads\/2025\/06\/Hyundai-300AX-Long-Reach-foto.png","contentUrl":"https:\/\/www.deryckeverhuur.be\/wp-content\/uploads\/2025\/06\/Hyundai-300AX-Long-Reach-foto.png","width":1440,"height":960},{"@type":"BreadcrumbList","@id":"https:\/\/www.deryckeverhuur.be\/fr\/produit\/pelle-sur-chenilles-long-reach\/#breadcrumb","itemListElement":[{"@type":"ListItem","position":1,"name":"Accueil","item":"https:\/\/www.deryckeverhuur.be\/fr\/accueil\/"},{"@type":"ListItem","position":2,"name":"Produits","item":"https:\/\/www.deryckeverhuur.be\/fr\/shop\/"},{"@type":"ListItem","position":3,"name":"Pelle sur chenilles &#8220;Long Reach&#8221;"}]},{"@type":"WebSite","@id":"https:\/\/www.deryckeverhuur.be\/fr\/#website","url":"https:\/\/www.deryckeverhuur.be\/fr\/","name":"De Rycke Verhuur","description":"","publisher":{"@id":"https:\/\/www.deryckeverhuur.be\/fr\/#organization"},"potentialAction":[{"@type":"SearchAction","target":{"@type":"EntryPoint","urlTemplate":"https:\/\/www.deryckeverhuur.be\/fr\/?s={search_term_string}"},"query-input":{"@type":"PropertyValueSpecification","valueRequired":true,"valueName":"search_term_string"}}],"inLanguage":"fr-FR"},{"@type":"Organization","@id":"https:\/\/www.deryckeverhuur.be\/fr\/#organization","name":"De Rycke Verhuur","url":"https:\/\/www.deryckeverhuur.be\/fr\/","logo":{"@type":"ImageObject","inLanguage":"fr-FR","@id":"https:\/\/www.deryckeverhuur.be\/fr\/#\/schema\/logo\/image\/","url":"https:\/\/www.deryckeverhuur.be\/wp-content\/uploads\/2024\/04\/3f11ca52e320acac5665453f083372b2.png","contentUrl":"https:\/\/www.deryckeverhuur.be\/wp-content\/uploads\/2024\/04\/3f11ca52e320acac5665453f083372b2.png","width":2560,"height":624,"caption":"De Rycke Verhuur"},"image":{"@id":"https:\/\/www.deryckeverhuur.be\/fr\/#\/schema\/logo\/image\/"},"sameAs":["https:\/\/www.facebook.com\/deryckeverhuur\/","https:\/\/www.instagram.com\/deryckeverhuur\/","https:\/\/www.linkedin.com\/company\/de-rycke-verhuur-bvba\/"]}]}},"_links":{"self":[{"href":"https:\/\/www.deryckeverhuur.be\/fr\/wp-json\/wp\/v2\/product\/15322","targetHints":{"allow":["GET"]}}],"collection":[{"href":"https:\/\/www.deryckeverhuur.be\/fr\/wp-json\/wp\/v2\/product"}],"about":[{"href":"https:\/\/www.deryckeverhuur.be\/fr\/wp-json\/wp\/v2\/types\/product"}],"replies":[{"embeddable":true,"href":"https:\/\/www.deryckeverhuur.be\/fr\/wp-json\/wp\/v2\/comments?post=15322"}],"wp:featuredmedia":[{"embeddable":true,"href":"https:\/\/www.deryckeverhuur.be\/fr\/wp-json\/wp\/v2\/media\/15627"}],"wp:attachment":[{"href":"https:\/\/www.deryckeverhuur.be\/fr\/wp-json\/wp\/v2\/media?parent=15322"}],"wp:term":[{"taxonomy":"product_brand","embeddable":true,"href":"https:\/\/www.deryckeverhuur.be\/fr\/wp-json\/wp\/v2\/product_brand?post=15322"},{"taxonomy":"product_cat","embeddable":true,"href":"https:\/\/www.deryckeverhuur.be\/fr\/wp-json\/wp\/v2\/product_cat?post=15322"},{"taxonomy":"product_tag","embeddable":true,"href":"https:\/\/www.deryckeverhuur.be\/fr\/wp-json\/wp\/v2\/product_tag?post=15322"},{"taxonomy":"sector","embeddable":true,"href":"https:\/\/www.deryckeverhuur.be\/fr\/wp-json\/wp\/v2\/sector?post=15322"}],"curies":[{"name":"wp","href":"https:\/\/api.w.org\/{rel}","templated":true}]}}