{"id":12557,"date":"2024-10-16T11:17:12","date_gmt":"2024-10-16T11:17:12","guid":{"rendered":"https:\/\/www.deryckeverhuur.be\/product\/nacelle-sur-fourgon\/"},"modified":"2025-06-22T10:58:30","modified_gmt":"2025-06-22T10:58:30","slug":"hoogwerker-op-bestelwagen","status":"publish","type":"product","link":"https:\/\/www.deryckeverhuur.be\/fr\/produit\/hoogwerker-op-bestelwagen\/","title":{"rendered":"Nacelle sur fourgon"},"content":{"rendered":"<p>Les PTA mont\u00e9s sur fourgon sont utilis\u00e9s pour les travaux o\u00f9 le fourgon reste sur la voie publique ou \u00e0 proximit\u00e9. C&rsquo;est la solution id\u00e9ale lorsque plusieurs travaux (plus petits) doivent \u00eatre r\u00e9alis\u00e9s \u00e0 diff\u00e9rents endroits dans un court laps de temps. Ils conviennent parfaitement aux travaux d&rsquo;\u00e9clairage, \u00e0 l&rsquo;installation d&rsquo;enseignes publicitaires (au n\u00e9on), \u00e0 l&rsquo;entretien et \u00e0 l&rsquo;installation de syst\u00e8mes d&rsquo;alarme et de t\u00e9l\u00e9phonie. Toutes nos nacelles sont \u00e9quip\u00e9es d&rsquo;un bras articul\u00e9, qui permet \u00e9galement de franchir des obstacles.<\/p>\n","protected":false},"excerpt":{"rendered":"<p>Les PTA mont\u00e9s sur fourgon sont utilis\u00e9s pour les travaux o\u00f9 le fourgon reste sur la voie publique ou \u00e0 proximit\u00e9. C&rsquo;est la solution id\u00e9ale lorsque plusieurs travaux (plus petits) doivent \u00eatre r\u00e9alis\u00e9s \u00e0 diff\u00e9rents endroits dans un court laps de temps. Ils conviennent parfaitement aux travaux d&rsquo;\u00e9clairage, \u00e0 l&rsquo;installation d&rsquo;enseignes publicitaires (au n\u00e9on), \u00e0 [&hellip;]<\/p>\n","protected":false},"featured_media":9380,"comment_status":"open","ping_status":"closed","template":"","meta":{"_acf_changed":false},"product_brand":[],"product_cat":[586,549],"product_tag":[],"sector":[626,627,624,619,628,623,625,621],"class_list":{"0":"post-12557","1":"product","2":"type-product","3":"status-publish","4":"has-post-thumbnail","6":"product_cat-nacelles-mobiles","7":"product_cat-travail-en-hauteur","8":"sector-construction-de-commerces-de-detail-dindustrie-et-dentrepots","9":"sector-construction-residentielle-et-developpement-de-projets","10":"sector-construction-residentielle-civile-et-non-residentielle","11":"sector-entreprises-dinstallation-et-de-finitions","12":"sector-etablissements-de-sante-et-installations-de-loisirs","13":"sector-interieur-fr","14":"sector-ponts-tunnels-et-services-publics","15":"sector-travaux-de-facade","17":"first","18":"instock","19":"shipping-taxable","20":"product-type-variable","21":"has-default-attributes"},"acf":[],"yoast_head":"<!-- This site is optimized with the Yoast SEO plugin v27.4 - https:\/\/yoast.com\/product\/yoast-seo-wordpress\/ -->\n<title>Nacelle sur fourgon | De Rycke Verhuur<\/title>\n<meta name=\"description\" content=\"Les PTA mont\u00e9s sur fourgon sont utilis\u00e9s pour les travaux o\u00f9 le fourgon reste sur la voie publique ou \u00e0 proximit\u00e9. C&#039;est la solution id\u00e9ale lorsque - De Rycke Verhuur\" \/>\n<meta name=\"robots\" content=\"index, follow, max-snippet:-1, max-image-preview:large, max-video-preview:-1\" \/>\n<link rel=\"canonical\" href=\"https:\/\/www.deryckeverhuur.be\/fr\/produit\/hoogwerker-op-bestelwagen\/\" \/>\n<meta property=\"og:locale\" content=\"fr_FR\" \/>\n<meta property=\"og:type\" content=\"article\" \/>\n<meta property=\"og:title\" content=\"Nacelle sur fourgon | De Rycke Verhuur\" \/>\n<meta property=\"og:description\" content=\"Les PTA mont\u00e9s sur fourgon sont utilis\u00e9s pour les travaux o\u00f9 le fourgon reste sur la voie publique ou \u00e0 proximit\u00e9. C&#039;est la solution id\u00e9ale lorsque - De Rycke Verhuur\" \/>\n<meta property=\"og:url\" content=\"https:\/\/www.deryckeverhuur.be\/fr\/produit\/hoogwerker-op-bestelwagen\/\" \/>\n<meta property=\"og:site_name\" content=\"De Rycke Verhuur\" \/>\n<meta property=\"article:publisher\" content=\"https:\/\/www.facebook.com\/deryckeverhuur\/\" \/>\n<meta property=\"article:modified_time\" content=\"2025-06-22T10:58:30+00:00\" \/>\n<meta property=\"og:image\" content=\"https:\/\/www.deryckeverhuur.be\/wp-content\/uploads\/2024\/10\/VTL-145-F-VERSALIFT-AUTOHOOGWERKER-DE-RYCKE-VERHUUR_13-scaled.jpg\" \/>\n\t<meta property=\"og:image:width\" content=\"2560\" \/>\n\t<meta property=\"og:image:height\" content=\"1707\" \/>\n\t<meta property=\"og:image:type\" content=\"image\/jpeg\" \/>\n<meta name=\"twitter:card\" content=\"summary_large_image\" \/>\n<meta name=\"twitter:label1\" content=\"Dur\u00e9e de lecture estim\u00e9e\" \/>\n\t<meta name=\"twitter:data1\" content=\"1 minute\" \/>\n<script type=\"application\/ld+json\" class=\"yoast-schema-graph\">{\"@context\":\"https:\\\/\\\/schema.org\",\"@graph\":[{\"@type\":[\"WebPage\",\"ItemPage\"],\"@id\":\"https:\\\/\\\/www.deryckeverhuur.be\\\/fr\\\/produit\\\/hoogwerker-op-bestelwagen\\\/\",\"url\":\"https:\\\/\\\/www.deryckeverhuur.be\\\/fr\\\/produit\\\/hoogwerker-op-bestelwagen\\\/\",\"name\":\"Nacelle sur fourgon | De Rycke Verhuur\",\"isPartOf\":{\"@id\":\"https:\\\/\\\/www.deryckeverhuur.be\\\/fr\\\/#website\"},\"primaryImageOfPage\":{\"@id\":\"https:\\\/\\\/www.deryckeverhuur.be\\\/fr\\\/produit\\\/hoogwerker-op-bestelwagen\\\/#primaryimage\"},\"image\":{\"@id\":\"https:\\\/\\\/www.deryckeverhuur.be\\\/fr\\\/produit\\\/hoogwerker-op-bestelwagen\\\/#primaryimage\"},\"thumbnailUrl\":\"https:\\\/\\\/www.deryckeverhuur.be\\\/wp-content\\\/uploads\\\/2024\\\/10\\\/VTL-145-F-VERSALIFT-AUTOHOOGWERKER-DE-RYCKE-VERHUUR_13-scaled.jpg\",\"datePublished\":\"2024-10-16T11:17:12+00:00\",\"dateModified\":\"2025-06-22T10:58:30+00:00\",\"description\":\"Les PTA mont\u00e9s sur fourgon sont utilis\u00e9s pour les travaux o\u00f9 le fourgon reste sur la voie publique ou \u00e0 proximit\u00e9. C'est la solution id\u00e9ale lorsque - De Rycke Verhuur\",\"breadcrumb\":{\"@id\":\"https:\\\/\\\/www.deryckeverhuur.be\\\/fr\\\/produit\\\/hoogwerker-op-bestelwagen\\\/#breadcrumb\"},\"inLanguage\":\"fr-FR\",\"potentialAction\":[{\"@type\":\"ReadAction\",\"target\":[\"https:\\\/\\\/www.deryckeverhuur.be\\\/fr\\\/produit\\\/hoogwerker-op-bestelwagen\\\/\"]}]},{\"@type\":\"ImageObject\",\"inLanguage\":\"fr-FR\",\"@id\":\"https:\\\/\\\/www.deryckeverhuur.be\\\/fr\\\/produit\\\/hoogwerker-op-bestelwagen\\\/#primaryimage\",\"url\":\"https:\\\/\\\/www.deryckeverhuur.be\\\/wp-content\\\/uploads\\\/2024\\\/10\\\/VTL-145-F-VERSALIFT-AUTOHOOGWERKER-DE-RYCKE-VERHUUR_13-scaled.jpg\",\"contentUrl\":\"https:\\\/\\\/www.deryckeverhuur.be\\\/wp-content\\\/uploads\\\/2024\\\/10\\\/VTL-145-F-VERSALIFT-AUTOHOOGWERKER-DE-RYCKE-VERHUUR_13-scaled.jpg\",\"width\":2560,\"height\":1707},{\"@type\":\"BreadcrumbList\",\"@id\":\"https:\\\/\\\/www.deryckeverhuur.be\\\/fr\\\/produit\\\/hoogwerker-op-bestelwagen\\\/#breadcrumb\",\"itemListElement\":[{\"@type\":\"ListItem\",\"position\":1,\"name\":\"Accueil\",\"item\":\"https:\\\/\\\/www.deryckeverhuur.be\\\/fr\\\/accueil\\\/\"},{\"@type\":\"ListItem\",\"position\":2,\"name\":\"Produits\",\"item\":\"https:\\\/\\\/www.deryckeverhuur.be\\\/fr\\\/shop\\\/\"},{\"@type\":\"ListItem\",\"position\":3,\"name\":\"Nacelle sur fourgon\"}]},{\"@type\":\"WebSite\",\"@id\":\"https:\\\/\\\/www.deryckeverhuur.be\\\/fr\\\/#website\",\"url\":\"https:\\\/\\\/www.deryckeverhuur.be\\\/fr\\\/\",\"name\":\"De Rycke Verhuur\",\"description\":\"\",\"publisher\":{\"@id\":\"https:\\\/\\\/www.deryckeverhuur.be\\\/fr\\\/#organization\"},\"potentialAction\":[{\"@type\":\"SearchAction\",\"target\":{\"@type\":\"EntryPoint\",\"urlTemplate\":\"https:\\\/\\\/www.deryckeverhuur.be\\\/fr\\\/?s={search_term_string}\"},\"query-input\":{\"@type\":\"PropertyValueSpecification\",\"valueRequired\":true,\"valueName\":\"search_term_string\"}}],\"inLanguage\":\"fr-FR\"},{\"@type\":\"Organization\",\"@id\":\"https:\\\/\\\/www.deryckeverhuur.be\\\/fr\\\/#organization\",\"name\":\"De Rycke Verhuur\",\"url\":\"https:\\\/\\\/www.deryckeverhuur.be\\\/fr\\\/\",\"logo\":{\"@type\":\"ImageObject\",\"inLanguage\":\"fr-FR\",\"@id\":\"https:\\\/\\\/www.deryckeverhuur.be\\\/fr\\\/#\\\/schema\\\/logo\\\/image\\\/\",\"url\":\"https:\\\/\\\/www.deryckeverhuur.be\\\/wp-content\\\/uploads\\\/2024\\\/04\\\/3f11ca52e320acac5665453f083372b2.png\",\"contentUrl\":\"https:\\\/\\\/www.deryckeverhuur.be\\\/wp-content\\\/uploads\\\/2024\\\/04\\\/3f11ca52e320acac5665453f083372b2.png\",\"width\":2560,\"height\":624,\"caption\":\"De Rycke Verhuur\"},\"image\":{\"@id\":\"https:\\\/\\\/www.deryckeverhuur.be\\\/fr\\\/#\\\/schema\\\/logo\\\/image\\\/\"},\"sameAs\":[\"https:\\\/\\\/www.facebook.com\\\/deryckeverhuur\\\/\",\"https:\\\/\\\/www.instagram.com\\\/deryckeverhuur\\\/\",\"https:\\\/\\\/www.linkedin.com\\\/company\\\/de-rycke-verhuur-bvba\\\/\"]}]}<\/script>\n<!-- \/ Yoast SEO plugin. -->","yoast_head_json":{"title":"Nacelle sur fourgon | De Rycke Verhuur","description":"Les PTA mont\u00e9s sur fourgon sont utilis\u00e9s pour les travaux o\u00f9 le fourgon reste sur la voie publique ou \u00e0 proximit\u00e9. C'est la solution id\u00e9ale lorsque - De Rycke Verhuur","robots":{"index":"index","follow":"follow","max-snippet":"max-snippet:-1","max-image-preview":"max-image-preview:large","max-video-preview":"max-video-preview:-1"},"canonical":"https:\/\/www.deryckeverhuur.be\/fr\/produit\/hoogwerker-op-bestelwagen\/","og_locale":"fr_FR","og_type":"article","og_title":"Nacelle sur fourgon | De Rycke Verhuur","og_description":"Les PTA mont\u00e9s sur fourgon sont utilis\u00e9s pour les travaux o\u00f9 le fourgon reste sur la voie publique ou \u00e0 proximit\u00e9. C'est la solution id\u00e9ale lorsque - De Rycke Verhuur","og_url":"https:\/\/www.deryckeverhuur.be\/fr\/produit\/hoogwerker-op-bestelwagen\/","og_site_name":"De Rycke Verhuur","article_publisher":"https:\/\/www.facebook.com\/deryckeverhuur\/","article_modified_time":"2025-06-22T10:58:30+00:00","og_image":[{"width":2560,"height":1707,"url":"https:\/\/www.deryckeverhuur.be\/wp-content\/uploads\/2024\/10\/VTL-145-F-VERSALIFT-AUTOHOOGWERKER-DE-RYCKE-VERHUUR_13-scaled.jpg","type":"image\/jpeg"}],"twitter_card":"summary_large_image","twitter_misc":{"Dur\u00e9e de lecture estim\u00e9e":"1 minute"},"schema":{"@context":"https:\/\/schema.org","@graph":[{"@type":["WebPage","ItemPage"],"@id":"https:\/\/www.deryckeverhuur.be\/fr\/produit\/hoogwerker-op-bestelwagen\/","url":"https:\/\/www.deryckeverhuur.be\/fr\/produit\/hoogwerker-op-bestelwagen\/","name":"Nacelle sur fourgon | De Rycke Verhuur","isPartOf":{"@id":"https:\/\/www.deryckeverhuur.be\/fr\/#website"},"primaryImageOfPage":{"@id":"https:\/\/www.deryckeverhuur.be\/fr\/produit\/hoogwerker-op-bestelwagen\/#primaryimage"},"image":{"@id":"https:\/\/www.deryckeverhuur.be\/fr\/produit\/hoogwerker-op-bestelwagen\/#primaryimage"},"thumbnailUrl":"https:\/\/www.deryckeverhuur.be\/wp-content\/uploads\/2024\/10\/VTL-145-F-VERSALIFT-AUTOHOOGWERKER-DE-RYCKE-VERHUUR_13-scaled.jpg","datePublished":"2024-10-16T11:17:12+00:00","dateModified":"2025-06-22T10:58:30+00:00","description":"Les PTA mont\u00e9s sur fourgon sont utilis\u00e9s pour les travaux o\u00f9 le fourgon reste sur la voie publique ou \u00e0 proximit\u00e9. C'est la solution id\u00e9ale lorsque - De Rycke Verhuur","breadcrumb":{"@id":"https:\/\/www.deryckeverhuur.be\/fr\/produit\/hoogwerker-op-bestelwagen\/#breadcrumb"},"inLanguage":"fr-FR","potentialAction":[{"@type":"ReadAction","target":["https:\/\/www.deryckeverhuur.be\/fr\/produit\/hoogwerker-op-bestelwagen\/"]}]},{"@type":"ImageObject","inLanguage":"fr-FR","@id":"https:\/\/www.deryckeverhuur.be\/fr\/produit\/hoogwerker-op-bestelwagen\/#primaryimage","url":"https:\/\/www.deryckeverhuur.be\/wp-content\/uploads\/2024\/10\/VTL-145-F-VERSALIFT-AUTOHOOGWERKER-DE-RYCKE-VERHUUR_13-scaled.jpg","contentUrl":"https:\/\/www.deryckeverhuur.be\/wp-content\/uploads\/2024\/10\/VTL-145-F-VERSALIFT-AUTOHOOGWERKER-DE-RYCKE-VERHUUR_13-scaled.jpg","width":2560,"height":1707},{"@type":"BreadcrumbList","@id":"https:\/\/www.deryckeverhuur.be\/fr\/produit\/hoogwerker-op-bestelwagen\/#breadcrumb","itemListElement":[{"@type":"ListItem","position":1,"name":"Accueil","item":"https:\/\/www.deryckeverhuur.be\/fr\/accueil\/"},{"@type":"ListItem","position":2,"name":"Produits","item":"https:\/\/www.deryckeverhuur.be\/fr\/shop\/"},{"@type":"ListItem","position":3,"name":"Nacelle sur fourgon"}]},{"@type":"WebSite","@id":"https:\/\/www.deryckeverhuur.be\/fr\/#website","url":"https:\/\/www.deryckeverhuur.be\/fr\/","name":"De Rycke Verhuur","description":"","publisher":{"@id":"https:\/\/www.deryckeverhuur.be\/fr\/#organization"},"potentialAction":[{"@type":"SearchAction","target":{"@type":"EntryPoint","urlTemplate":"https:\/\/www.deryckeverhuur.be\/fr\/?s={search_term_string}"},"query-input":{"@type":"PropertyValueSpecification","valueRequired":true,"valueName":"search_term_string"}}],"inLanguage":"fr-FR"},{"@type":"Organization","@id":"https:\/\/www.deryckeverhuur.be\/fr\/#organization","name":"De Rycke Verhuur","url":"https:\/\/www.deryckeverhuur.be\/fr\/","logo":{"@type":"ImageObject","inLanguage":"fr-FR","@id":"https:\/\/www.deryckeverhuur.be\/fr\/#\/schema\/logo\/image\/","url":"https:\/\/www.deryckeverhuur.be\/wp-content\/uploads\/2024\/04\/3f11ca52e320acac5665453f083372b2.png","contentUrl":"https:\/\/www.deryckeverhuur.be\/wp-content\/uploads\/2024\/04\/3f11ca52e320acac5665453f083372b2.png","width":2560,"height":624,"caption":"De Rycke Verhuur"},"image":{"@id":"https:\/\/www.deryckeverhuur.be\/fr\/#\/schema\/logo\/image\/"},"sameAs":["https:\/\/www.facebook.com\/deryckeverhuur\/","https:\/\/www.instagram.com\/deryckeverhuur\/","https:\/\/www.linkedin.com\/company\/de-rycke-verhuur-bvba\/"]}]}},"_links":{"self":[{"href":"https:\/\/www.deryckeverhuur.be\/fr\/wp-json\/wp\/v2\/product\/12557","targetHints":{"allow":["GET"]}}],"collection":[{"href":"https:\/\/www.deryckeverhuur.be\/fr\/wp-json\/wp\/v2\/product"}],"about":[{"href":"https:\/\/www.deryckeverhuur.be\/fr\/wp-json\/wp\/v2\/types\/product"}],"replies":[{"embeddable":true,"href":"https:\/\/www.deryckeverhuur.be\/fr\/wp-json\/wp\/v2\/comments?post=12557"}],"wp:featuredmedia":[{"embeddable":true,"href":"https:\/\/www.deryckeverhuur.be\/fr\/wp-json\/wp\/v2\/media\/9380"}],"wp:attachment":[{"href":"https:\/\/www.deryckeverhuur.be\/fr\/wp-json\/wp\/v2\/media?parent=12557"}],"wp:term":[{"taxonomy":"product_brand","embeddable":true,"href":"https:\/\/www.deryckeverhuur.be\/fr\/wp-json\/wp\/v2\/product_brand?post=12557"},{"taxonomy":"product_cat","embeddable":true,"href":"https:\/\/www.deryckeverhuur.be\/fr\/wp-json\/wp\/v2\/product_cat?post=12557"},{"taxonomy":"product_tag","embeddable":true,"href":"https:\/\/www.deryckeverhuur.be\/fr\/wp-json\/wp\/v2\/product_tag?post=12557"},{"taxonomy":"sector","embeddable":true,"href":"https:\/\/www.deryckeverhuur.be\/fr\/wp-json\/wp\/v2\/sector?post=12557"}],"curies":[{"name":"wp","href":"https:\/\/api.w.org\/{rel}","templated":true}]}}