{"id":11943,"date":"2024-07-31T18:01:20","date_gmt":"2024-07-31T18:01:20","guid":{"rendered":"https:\/\/www.deryckeverhuur.be\/product\/rupsbulldozer\/"},"modified":"2025-09-12T13:21:00","modified_gmt":"2025-09-12T13:21:00","slug":"bulldozer","status":"publish","type":"product","link":"https:\/\/www.deryckeverhuur.be\/fr\/produit\/bulldozer\/","title":{"rendered":"Bulldozer"},"content":{"rendered":"<p>Un bulldozer, \u00e9galement appel\u00e9 pelle m\u00e9canique ou pelle de chargement, est un tracteur \u00e0 chenilles tr\u00e8s puissant dot\u00e9 d&rsquo;une lame \u00e0 l&rsquo;avant. Ces v\u00e9hicules sont utilis\u00e9s pour d\u00e9placer de grandes quantit\u00e9s de terre sur de courtes distances et sont donc utilis\u00e9s dans des domaines tels que le nivellement de sites, le creusement de canaux et l&rsquo;\u00e9l\u00e9vation de talus.<\/p>\n","protected":false},"excerpt":{"rendered":"<p>Un bulldozer, \u00e9galement appel\u00e9 pelle m\u00e9canique ou pelle de chargement, est un tracteur \u00e0 chenilles tr\u00e8s puissant dot\u00e9 d&rsquo;une lame \u00e0 l&rsquo;avant. Ces v\u00e9hicules sont utilis\u00e9s pour d\u00e9placer de grandes quantit\u00e9s de terre sur de courtes distances et sont donc utilis\u00e9s dans des domaines tels que le nivellement de sites, le creusement de canaux et [&hellip;]<\/p>\n","protected":false},"featured_media":13749,"comment_status":"open","ping_status":"closed","template":"","meta":{"_acf_changed":false},"product_brand":[],"product_cat":[610,541],"product_tag":[],"sector":[611,616,617,624,614,615],"class_list":{"0":"post-11943","1":"product","2":"type-product","3":"status-publish","4":"has-post-thumbnail","6":"product_cat-bulldozer-sur-chenilles","7":"product_cat-terrassement","8":"sector-chimie-et-ports","9":"sector-construction-ferroviaire","10":"sector-construction-hydraulique","11":"sector-construction-residentielle-civile-et-non-residentielle","12":"sector-terrassement-construction-routiere-hydraulique-et-ferroviaire","13":"sector-travaux-de-terrassement","15":"first","16":"instock","17":"shipping-taxable","18":"product-type-variable","19":"has-default-attributes"},"acf":[],"yoast_head":"<!-- This site is optimized with the Yoast SEO plugin v27.4 - https:\/\/yoast.com\/product\/yoast-seo-wordpress\/ -->\n<title>Bulldozer | De Rycke Verhuur<\/title>\n<meta name=\"description\" content=\"Un bulldozer, \u00e9galement appel\u00e9 pelle m\u00e9canique ou pelle de chargement, est un tracteur \u00e0 chenilles tr\u00e8s puissant dot\u00e9 d&#039;une lame \u00e0 l&#039;avant. Ces v\u00e9hicules - De Rycke Verhuur\" \/>\n<meta name=\"robots\" content=\"index, follow, max-snippet:-1, max-image-preview:large, max-video-preview:-1\" \/>\n<link rel=\"canonical\" href=\"https:\/\/www.deryckeverhuur.be\/fr\/produit\/bulldozer\/\" \/>\n<meta property=\"og:locale\" content=\"fr_FR\" \/>\n<meta property=\"og:type\" content=\"article\" \/>\n<meta property=\"og:title\" content=\"Bulldozer | De Rycke Verhuur\" \/>\n<meta property=\"og:description\" content=\"Un bulldozer, \u00e9galement appel\u00e9 pelle m\u00e9canique ou pelle de chargement, est un tracteur \u00e0 chenilles tr\u00e8s puissant dot\u00e9 d&#039;une lame \u00e0 l&#039;avant. Ces v\u00e9hicules - De Rycke Verhuur\" \/>\n<meta property=\"og:url\" content=\"https:\/\/www.deryckeverhuur.be\/fr\/produit\/bulldozer\/\" \/>\n<meta property=\"og:site_name\" content=\"De Rycke Verhuur\" \/>\n<meta property=\"article:publisher\" content=\"https:\/\/www.facebook.com\/deryckeverhuur\/\" \/>\n<meta property=\"article:modified_time\" content=\"2025-09-12T13:21:00+00:00\" \/>\n<meta property=\"og:image\" content=\"https:\/\/www.deryckeverhuur.be\/wp-content\/uploads\/2024\/07\/2-Rupsbulldozer-Grondverzet-De-Rycke-Verhuur.webp\" \/>\n\t<meta property=\"og:image:width\" content=\"1440\" \/>\n\t<meta property=\"og:image:height\" content=\"960\" \/>\n\t<meta property=\"og:image:type\" content=\"image\/webp\" \/>\n<meta name=\"twitter:card\" content=\"summary_large_image\" \/>\n<meta name=\"twitter:label1\" content=\"Dur\u00e9e de lecture estim\u00e9e\" \/>\n\t<meta name=\"twitter:data1\" content=\"1 minute\" \/>\n<script type=\"application\/ld+json\" class=\"yoast-schema-graph\">{\"@context\":\"https:\\\/\\\/schema.org\",\"@graph\":[{\"@type\":[\"WebPage\",\"ItemPage\"],\"@id\":\"https:\\\/\\\/www.deryckeverhuur.be\\\/fr\\\/produit\\\/bulldozer\\\/\",\"url\":\"https:\\\/\\\/www.deryckeverhuur.be\\\/fr\\\/produit\\\/bulldozer\\\/\",\"name\":\"Bulldozer | De Rycke Verhuur\",\"isPartOf\":{\"@id\":\"https:\\\/\\\/www.deryckeverhuur.be\\\/fr\\\/#website\"},\"primaryImageOfPage\":{\"@id\":\"https:\\\/\\\/www.deryckeverhuur.be\\\/fr\\\/produit\\\/bulldozer\\\/#primaryimage\"},\"image\":{\"@id\":\"https:\\\/\\\/www.deryckeverhuur.be\\\/fr\\\/produit\\\/bulldozer\\\/#primaryimage\"},\"thumbnailUrl\":\"https:\\\/\\\/www.deryckeverhuur.be\\\/wp-content\\\/uploads\\\/2024\\\/07\\\/2-Rupsbulldozer-Grondverzet-De-Rycke-Verhuur.webp\",\"datePublished\":\"2024-07-31T18:01:20+00:00\",\"dateModified\":\"2025-09-12T13:21:00+00:00\",\"description\":\"Un bulldozer, \u00e9galement appel\u00e9 pelle m\u00e9canique ou pelle de chargement, est un tracteur \u00e0 chenilles tr\u00e8s puissant dot\u00e9 d'une lame \u00e0 l'avant. Ces v\u00e9hicules - De Rycke Verhuur\",\"breadcrumb\":{\"@id\":\"https:\\\/\\\/www.deryckeverhuur.be\\\/fr\\\/produit\\\/bulldozer\\\/#breadcrumb\"},\"inLanguage\":\"fr-FR\",\"potentialAction\":[{\"@type\":\"ReadAction\",\"target\":[\"https:\\\/\\\/www.deryckeverhuur.be\\\/fr\\\/produit\\\/bulldozer\\\/\"]}]},{\"@type\":\"ImageObject\",\"inLanguage\":\"fr-FR\",\"@id\":\"https:\\\/\\\/www.deryckeverhuur.be\\\/fr\\\/produit\\\/bulldozer\\\/#primaryimage\",\"url\":\"https:\\\/\\\/www.deryckeverhuur.be\\\/wp-content\\\/uploads\\\/2024\\\/07\\\/2-Rupsbulldozer-Grondverzet-De-Rycke-Verhuur.webp\",\"contentUrl\":\"https:\\\/\\\/www.deryckeverhuur.be\\\/wp-content\\\/uploads\\\/2024\\\/07\\\/2-Rupsbulldozer-Grondverzet-De-Rycke-Verhuur.webp\",\"width\":1440,\"height\":960},{\"@type\":\"BreadcrumbList\",\"@id\":\"https:\\\/\\\/www.deryckeverhuur.be\\\/fr\\\/produit\\\/bulldozer\\\/#breadcrumb\",\"itemListElement\":[{\"@type\":\"ListItem\",\"position\":1,\"name\":\"Accueil\",\"item\":\"https:\\\/\\\/www.deryckeverhuur.be\\\/fr\\\/accueil\\\/\"},{\"@type\":\"ListItem\",\"position\":2,\"name\":\"Produits\",\"item\":\"https:\\\/\\\/www.deryckeverhuur.be\\\/fr\\\/shop\\\/\"},{\"@type\":\"ListItem\",\"position\":3,\"name\":\"Bulldozer\"}]},{\"@type\":\"WebSite\",\"@id\":\"https:\\\/\\\/www.deryckeverhuur.be\\\/fr\\\/#website\",\"url\":\"https:\\\/\\\/www.deryckeverhuur.be\\\/fr\\\/\",\"name\":\"De Rycke Verhuur\",\"description\":\"\",\"publisher\":{\"@id\":\"https:\\\/\\\/www.deryckeverhuur.be\\\/fr\\\/#organization\"},\"potentialAction\":[{\"@type\":\"SearchAction\",\"target\":{\"@type\":\"EntryPoint\",\"urlTemplate\":\"https:\\\/\\\/www.deryckeverhuur.be\\\/fr\\\/?s={search_term_string}\"},\"query-input\":{\"@type\":\"PropertyValueSpecification\",\"valueRequired\":true,\"valueName\":\"search_term_string\"}}],\"inLanguage\":\"fr-FR\"},{\"@type\":\"Organization\",\"@id\":\"https:\\\/\\\/www.deryckeverhuur.be\\\/fr\\\/#organization\",\"name\":\"De Rycke Verhuur\",\"url\":\"https:\\\/\\\/www.deryckeverhuur.be\\\/fr\\\/\",\"logo\":{\"@type\":\"ImageObject\",\"inLanguage\":\"fr-FR\",\"@id\":\"https:\\\/\\\/www.deryckeverhuur.be\\\/fr\\\/#\\\/schema\\\/logo\\\/image\\\/\",\"url\":\"https:\\\/\\\/www.deryckeverhuur.be\\\/wp-content\\\/uploads\\\/2024\\\/04\\\/3f11ca52e320acac5665453f083372b2.png\",\"contentUrl\":\"https:\\\/\\\/www.deryckeverhuur.be\\\/wp-content\\\/uploads\\\/2024\\\/04\\\/3f11ca52e320acac5665453f083372b2.png\",\"width\":2560,\"height\":624,\"caption\":\"De Rycke Verhuur\"},\"image\":{\"@id\":\"https:\\\/\\\/www.deryckeverhuur.be\\\/fr\\\/#\\\/schema\\\/logo\\\/image\\\/\"},\"sameAs\":[\"https:\\\/\\\/www.facebook.com\\\/deryckeverhuur\\\/\",\"https:\\\/\\\/www.instagram.com\\\/deryckeverhuur\\\/\",\"https:\\\/\\\/www.linkedin.com\\\/company\\\/de-rycke-verhuur-bvba\\\/\"]}]}<\/script>\n<!-- \/ Yoast SEO plugin. -->","yoast_head_json":{"title":"Bulldozer | De Rycke Verhuur","description":"Un bulldozer, \u00e9galement appel\u00e9 pelle m\u00e9canique ou pelle de chargement, est un tracteur \u00e0 chenilles tr\u00e8s puissant dot\u00e9 d'une lame \u00e0 l'avant. Ces v\u00e9hicules - De Rycke Verhuur","robots":{"index":"index","follow":"follow","max-snippet":"max-snippet:-1","max-image-preview":"max-image-preview:large","max-video-preview":"max-video-preview:-1"},"canonical":"https:\/\/www.deryckeverhuur.be\/fr\/produit\/bulldozer\/","og_locale":"fr_FR","og_type":"article","og_title":"Bulldozer | De Rycke Verhuur","og_description":"Un bulldozer, \u00e9galement appel\u00e9 pelle m\u00e9canique ou pelle de chargement, est un tracteur \u00e0 chenilles tr\u00e8s puissant dot\u00e9 d'une lame \u00e0 l'avant. Ces v\u00e9hicules - De Rycke Verhuur","og_url":"https:\/\/www.deryckeverhuur.be\/fr\/produit\/bulldozer\/","og_site_name":"De Rycke Verhuur","article_publisher":"https:\/\/www.facebook.com\/deryckeverhuur\/","article_modified_time":"2025-09-12T13:21:00+00:00","og_image":[{"width":1440,"height":960,"url":"https:\/\/www.deryckeverhuur.be\/wp-content\/uploads\/2024\/07\/2-Rupsbulldozer-Grondverzet-De-Rycke-Verhuur.webp","type":"image\/webp"}],"twitter_card":"summary_large_image","twitter_misc":{"Dur\u00e9e de lecture estim\u00e9e":"1 minute"},"schema":{"@context":"https:\/\/schema.org","@graph":[{"@type":["WebPage","ItemPage"],"@id":"https:\/\/www.deryckeverhuur.be\/fr\/produit\/bulldozer\/","url":"https:\/\/www.deryckeverhuur.be\/fr\/produit\/bulldozer\/","name":"Bulldozer | De Rycke Verhuur","isPartOf":{"@id":"https:\/\/www.deryckeverhuur.be\/fr\/#website"},"primaryImageOfPage":{"@id":"https:\/\/www.deryckeverhuur.be\/fr\/produit\/bulldozer\/#primaryimage"},"image":{"@id":"https:\/\/www.deryckeverhuur.be\/fr\/produit\/bulldozer\/#primaryimage"},"thumbnailUrl":"https:\/\/www.deryckeverhuur.be\/wp-content\/uploads\/2024\/07\/2-Rupsbulldozer-Grondverzet-De-Rycke-Verhuur.webp","datePublished":"2024-07-31T18:01:20+00:00","dateModified":"2025-09-12T13:21:00+00:00","description":"Un bulldozer, \u00e9galement appel\u00e9 pelle m\u00e9canique ou pelle de chargement, est un tracteur \u00e0 chenilles tr\u00e8s puissant dot\u00e9 d'une lame \u00e0 l'avant. Ces v\u00e9hicules - De Rycke Verhuur","breadcrumb":{"@id":"https:\/\/www.deryckeverhuur.be\/fr\/produit\/bulldozer\/#breadcrumb"},"inLanguage":"fr-FR","potentialAction":[{"@type":"ReadAction","target":["https:\/\/www.deryckeverhuur.be\/fr\/produit\/bulldozer\/"]}]},{"@type":"ImageObject","inLanguage":"fr-FR","@id":"https:\/\/www.deryckeverhuur.be\/fr\/produit\/bulldozer\/#primaryimage","url":"https:\/\/www.deryckeverhuur.be\/wp-content\/uploads\/2024\/07\/2-Rupsbulldozer-Grondverzet-De-Rycke-Verhuur.webp","contentUrl":"https:\/\/www.deryckeverhuur.be\/wp-content\/uploads\/2024\/07\/2-Rupsbulldozer-Grondverzet-De-Rycke-Verhuur.webp","width":1440,"height":960},{"@type":"BreadcrumbList","@id":"https:\/\/www.deryckeverhuur.be\/fr\/produit\/bulldozer\/#breadcrumb","itemListElement":[{"@type":"ListItem","position":1,"name":"Accueil","item":"https:\/\/www.deryckeverhuur.be\/fr\/accueil\/"},{"@type":"ListItem","position":2,"name":"Produits","item":"https:\/\/www.deryckeverhuur.be\/fr\/shop\/"},{"@type":"ListItem","position":3,"name":"Bulldozer"}]},{"@type":"WebSite","@id":"https:\/\/www.deryckeverhuur.be\/fr\/#website","url":"https:\/\/www.deryckeverhuur.be\/fr\/","name":"De Rycke Verhuur","description":"","publisher":{"@id":"https:\/\/www.deryckeverhuur.be\/fr\/#organization"},"potentialAction":[{"@type":"SearchAction","target":{"@type":"EntryPoint","urlTemplate":"https:\/\/www.deryckeverhuur.be\/fr\/?s={search_term_string}"},"query-input":{"@type":"PropertyValueSpecification","valueRequired":true,"valueName":"search_term_string"}}],"inLanguage":"fr-FR"},{"@type":"Organization","@id":"https:\/\/www.deryckeverhuur.be\/fr\/#organization","name":"De Rycke Verhuur","url":"https:\/\/www.deryckeverhuur.be\/fr\/","logo":{"@type":"ImageObject","inLanguage":"fr-FR","@id":"https:\/\/www.deryckeverhuur.be\/fr\/#\/schema\/logo\/image\/","url":"https:\/\/www.deryckeverhuur.be\/wp-content\/uploads\/2024\/04\/3f11ca52e320acac5665453f083372b2.png","contentUrl":"https:\/\/www.deryckeverhuur.be\/wp-content\/uploads\/2024\/04\/3f11ca52e320acac5665453f083372b2.png","width":2560,"height":624,"caption":"De Rycke Verhuur"},"image":{"@id":"https:\/\/www.deryckeverhuur.be\/fr\/#\/schema\/logo\/image\/"},"sameAs":["https:\/\/www.facebook.com\/deryckeverhuur\/","https:\/\/www.instagram.com\/deryckeverhuur\/","https:\/\/www.linkedin.com\/company\/de-rycke-verhuur-bvba\/"]}]}},"_links":{"self":[{"href":"https:\/\/www.deryckeverhuur.be\/fr\/wp-json\/wp\/v2\/product\/11943","targetHints":{"allow":["GET"]}}],"collection":[{"href":"https:\/\/www.deryckeverhuur.be\/fr\/wp-json\/wp\/v2\/product"}],"about":[{"href":"https:\/\/www.deryckeverhuur.be\/fr\/wp-json\/wp\/v2\/types\/product"}],"replies":[{"embeddable":true,"href":"https:\/\/www.deryckeverhuur.be\/fr\/wp-json\/wp\/v2\/comments?post=11943"}],"wp:featuredmedia":[{"embeddable":true,"href":"https:\/\/www.deryckeverhuur.be\/fr\/wp-json\/wp\/v2\/media\/13749"}],"wp:attachment":[{"href":"https:\/\/www.deryckeverhuur.be\/fr\/wp-json\/wp\/v2\/media?parent=11943"}],"wp:term":[{"taxonomy":"product_brand","embeddable":true,"href":"https:\/\/www.deryckeverhuur.be\/fr\/wp-json\/wp\/v2\/product_brand?post=11943"},{"taxonomy":"product_cat","embeddable":true,"href":"https:\/\/www.deryckeverhuur.be\/fr\/wp-json\/wp\/v2\/product_cat?post=11943"},{"taxonomy":"product_tag","embeddable":true,"href":"https:\/\/www.deryckeverhuur.be\/fr\/wp-json\/wp\/v2\/product_tag?post=11943"},{"taxonomy":"sector","embeddable":true,"href":"https:\/\/www.deryckeverhuur.be\/fr\/wp-json\/wp\/v2\/sector?post=11943"}],"curies":[{"name":"wp","href":"https:\/\/api.w.org\/{rel}","templated":true}]}}