{"id":11941,"date":"2024-07-31T17:56:09","date_gmt":"2024-07-31T17:56:09","guid":{"rendered":"https:\/\/www.deryckeverhuur.be\/product\/knikmops\/"},"modified":"2025-09-15T08:27:20","modified_gmt":"2025-09-15T08:27:20","slug":"knikmops","status":"publish","type":"product","link":"https:\/\/www.deryckeverhuur.be\/fr\/produit\/knikmops\/","title":{"rendered":"Knikmops"},"content":{"rendered":"<p>La Knikmops 100 est une mini-pelle compacte, polyvalente et puissante, qui fait ses preuves dans de nombreux domaines et pour diff\u00e9rents usages, gr\u00e2ce \u00e0 sa grande rapidit\u00e9 et \u00e0 son extr\u00eame maniabilit\u00e9, notamment gr\u00e2ce \u00e0 une tr\u00e8s large gamme d&rsquo;accessoires. La machine peut \u00eatre utilis\u00e9e sur diff\u00e9rents terrains, ce qui la rend adapt\u00e9e \u00e0 tous ceux qui travaillent dans le secteur du clinker et du pavage. Ces derni\u00e8res ann\u00e9es, il s&rsquo;est \u00e9galement illustr\u00e9 dans le domaine de l&rsquo;am\u00e9nagement paysager. En outre, cet appareil peut \u00eatre facilement utilis\u00e9 dans l&rsquo;agriculture, l&rsquo;horticulture ou l&rsquo;industrie. Chaque roue est dot\u00e9e d&rsquo;un entra\u00eenement hydrostatique distinct qui renforce sa puissance et sa maniabilit\u00e9. Sa taille compacte et son poids modeste le rendent tr\u00e8s facile \u00e0 transporter.<\/p>\n","protected":false},"excerpt":{"rendered":"<p>La Knikmops 100 est une mini-pelle compacte, polyvalente et puissante, qui fait ses preuves dans de nombreux domaines et pour diff\u00e9rents usages, gr\u00e2ce \u00e0 sa grande rapidit\u00e9 et \u00e0 son extr\u00eame maniabilit\u00e9, notamment gr\u00e2ce \u00e0 une tr\u00e8s large gamme d&rsquo;accessoires. La machine peut \u00eatre utilis\u00e9e sur diff\u00e9rents terrains, ce qui la rend adapt\u00e9e \u00e0 tous [&hellip;]<\/p>\n","protected":false},"featured_media":8928,"comment_status":"open","ping_status":"closed","template":"","meta":{"_acf_changed":false},"product_brand":[],"product_cat":[609,541],"product_tag":[],"sector":[611,624,614,615],"class_list":{"0":"post-11941","1":"product","2":"type-product","3":"status-publish","4":"has-post-thumbnail","6":"product_cat-engins-de-transport-de-paves","7":"product_cat-terrassement","8":"sector-chimie-et-ports","9":"sector-construction-residentielle-civile-et-non-residentielle","10":"sector-terrassement-construction-routiere-hydraulique-et-ferroviaire","11":"sector-travaux-de-terrassement","13":"first","14":"instock","15":"shipping-taxable","16":"product-type-variable","17":"has-default-attributes"},"acf":[],"yoast_head":"<!-- This site is optimized with the Yoast SEO plugin v27.4 - https:\/\/yoast.com\/product\/yoast-seo-wordpress\/ -->\n<title>Knikmops | De Rycke Verhuur<\/title>\n<meta name=\"description\" content=\"La Knikmops 100 est une mini-pelle compacte, polyvalente et puissante, qui fait ses preuves dans de nombreux domaines et pour diff\u00e9rents usages, gr\u00e2ce \u00e0 - De Rycke Verhuur\" \/>\n<meta name=\"robots\" content=\"index, follow, max-snippet:-1, max-image-preview:large, max-video-preview:-1\" \/>\n<link rel=\"canonical\" href=\"https:\/\/www.deryckeverhuur.be\/fr\/produit\/knikmops\/\" \/>\n<meta property=\"og:locale\" content=\"fr_FR\" \/>\n<meta property=\"og:type\" content=\"article\" \/>\n<meta property=\"og:title\" content=\"Knikmops | De Rycke Verhuur\" \/>\n<meta property=\"og:description\" content=\"La Knikmops 100 est une mini-pelle compacte, polyvalente et puissante, qui fait ses preuves dans de nombreux domaines et pour diff\u00e9rents usages, gr\u00e2ce \u00e0 - De Rycke Verhuur\" \/>\n<meta property=\"og:url\" content=\"https:\/\/www.deryckeverhuur.be\/fr\/produit\/knikmops\/\" \/>\n<meta property=\"og:site_name\" content=\"De Rycke Verhuur\" \/>\n<meta property=\"article:publisher\" content=\"https:\/\/www.facebook.com\/deryckeverhuur\/\" \/>\n<meta property=\"article:modified_time\" content=\"2025-09-15T08:27:20+00:00\" \/>\n<meta property=\"og:image\" content=\"https:\/\/www.deryckeverhuur.be\/wp-content\/uploads\/2024\/07\/Grondverzet-Knikmops.webp\" \/>\n\t<meta property=\"og:image:width\" content=\"1000\" \/>\n\t<meta property=\"og:image:height\" content=\"667\" \/>\n\t<meta property=\"og:image:type\" content=\"image\/webp\" \/>\n<meta name=\"twitter:card\" content=\"summary_large_image\" \/>\n<meta name=\"twitter:label1\" content=\"Dur\u00e9e de lecture estim\u00e9e\" \/>\n\t<meta name=\"twitter:data1\" content=\"1 minute\" \/>\n<script type=\"application\/ld+json\" class=\"yoast-schema-graph\">{\"@context\":\"https:\\\/\\\/schema.org\",\"@graph\":[{\"@type\":[\"WebPage\",\"ItemPage\"],\"@id\":\"https:\\\/\\\/www.deryckeverhuur.be\\\/fr\\\/produit\\\/knikmops\\\/\",\"url\":\"https:\\\/\\\/www.deryckeverhuur.be\\\/fr\\\/produit\\\/knikmops\\\/\",\"name\":\"Knikmops | De Rycke Verhuur\",\"isPartOf\":{\"@id\":\"https:\\\/\\\/www.deryckeverhuur.be\\\/fr\\\/#website\"},\"primaryImageOfPage\":{\"@id\":\"https:\\\/\\\/www.deryckeverhuur.be\\\/fr\\\/produit\\\/knikmops\\\/#primaryimage\"},\"image\":{\"@id\":\"https:\\\/\\\/www.deryckeverhuur.be\\\/fr\\\/produit\\\/knikmops\\\/#primaryimage\"},\"thumbnailUrl\":\"https:\\\/\\\/www.deryckeverhuur.be\\\/wp-content\\\/uploads\\\/2024\\\/07\\\/Grondverzet-Knikmops.webp\",\"datePublished\":\"2024-07-31T17:56:09+00:00\",\"dateModified\":\"2025-09-15T08:27:20+00:00\",\"description\":\"La Knikmops 100 est une mini-pelle compacte, polyvalente et puissante, qui fait ses preuves dans de nombreux domaines et pour diff\u00e9rents usages, gr\u00e2ce \u00e0 - De Rycke Verhuur\",\"breadcrumb\":{\"@id\":\"https:\\\/\\\/www.deryckeverhuur.be\\\/fr\\\/produit\\\/knikmops\\\/#breadcrumb\"},\"inLanguage\":\"fr-FR\",\"potentialAction\":[{\"@type\":\"ReadAction\",\"target\":[\"https:\\\/\\\/www.deryckeverhuur.be\\\/fr\\\/produit\\\/knikmops\\\/\"]}]},{\"@type\":\"ImageObject\",\"inLanguage\":\"fr-FR\",\"@id\":\"https:\\\/\\\/www.deryckeverhuur.be\\\/fr\\\/produit\\\/knikmops\\\/#primaryimage\",\"url\":\"https:\\\/\\\/www.deryckeverhuur.be\\\/wp-content\\\/uploads\\\/2024\\\/07\\\/Grondverzet-Knikmops.webp\",\"contentUrl\":\"https:\\\/\\\/www.deryckeverhuur.be\\\/wp-content\\\/uploads\\\/2024\\\/07\\\/Grondverzet-Knikmops.webp\",\"width\":1000,\"height\":667},{\"@type\":\"BreadcrumbList\",\"@id\":\"https:\\\/\\\/www.deryckeverhuur.be\\\/fr\\\/produit\\\/knikmops\\\/#breadcrumb\",\"itemListElement\":[{\"@type\":\"ListItem\",\"position\":1,\"name\":\"Accueil\",\"item\":\"https:\\\/\\\/www.deryckeverhuur.be\\\/fr\\\/accueil\\\/\"},{\"@type\":\"ListItem\",\"position\":2,\"name\":\"Produits\",\"item\":\"https:\\\/\\\/www.deryckeverhuur.be\\\/fr\\\/shop\\\/\"},{\"@type\":\"ListItem\",\"position\":3,\"name\":\"Knikmops\"}]},{\"@type\":\"WebSite\",\"@id\":\"https:\\\/\\\/www.deryckeverhuur.be\\\/fr\\\/#website\",\"url\":\"https:\\\/\\\/www.deryckeverhuur.be\\\/fr\\\/\",\"name\":\"De Rycke Verhuur\",\"description\":\"\",\"publisher\":{\"@id\":\"https:\\\/\\\/www.deryckeverhuur.be\\\/fr\\\/#organization\"},\"potentialAction\":[{\"@type\":\"SearchAction\",\"target\":{\"@type\":\"EntryPoint\",\"urlTemplate\":\"https:\\\/\\\/www.deryckeverhuur.be\\\/fr\\\/?s={search_term_string}\"},\"query-input\":{\"@type\":\"PropertyValueSpecification\",\"valueRequired\":true,\"valueName\":\"search_term_string\"}}],\"inLanguage\":\"fr-FR\"},{\"@type\":\"Organization\",\"@id\":\"https:\\\/\\\/www.deryckeverhuur.be\\\/fr\\\/#organization\",\"name\":\"De Rycke Verhuur\",\"url\":\"https:\\\/\\\/www.deryckeverhuur.be\\\/fr\\\/\",\"logo\":{\"@type\":\"ImageObject\",\"inLanguage\":\"fr-FR\",\"@id\":\"https:\\\/\\\/www.deryckeverhuur.be\\\/fr\\\/#\\\/schema\\\/logo\\\/image\\\/\",\"url\":\"https:\\\/\\\/www.deryckeverhuur.be\\\/wp-content\\\/uploads\\\/2024\\\/04\\\/3f11ca52e320acac5665453f083372b2.png\",\"contentUrl\":\"https:\\\/\\\/www.deryckeverhuur.be\\\/wp-content\\\/uploads\\\/2024\\\/04\\\/3f11ca52e320acac5665453f083372b2.png\",\"width\":2560,\"height\":624,\"caption\":\"De Rycke Verhuur\"},\"image\":{\"@id\":\"https:\\\/\\\/www.deryckeverhuur.be\\\/fr\\\/#\\\/schema\\\/logo\\\/image\\\/\"},\"sameAs\":[\"https:\\\/\\\/www.facebook.com\\\/deryckeverhuur\\\/\",\"https:\\\/\\\/www.instagram.com\\\/deryckeverhuur\\\/\",\"https:\\\/\\\/www.linkedin.com\\\/company\\\/de-rycke-verhuur-bvba\\\/\"]}]}<\/script>\n<!-- \/ Yoast SEO plugin. -->","yoast_head_json":{"title":"Knikmops | De Rycke Verhuur","description":"La Knikmops 100 est une mini-pelle compacte, polyvalente et puissante, qui fait ses preuves dans de nombreux domaines et pour diff\u00e9rents usages, gr\u00e2ce \u00e0 - De Rycke Verhuur","robots":{"index":"index","follow":"follow","max-snippet":"max-snippet:-1","max-image-preview":"max-image-preview:large","max-video-preview":"max-video-preview:-1"},"canonical":"https:\/\/www.deryckeverhuur.be\/fr\/produit\/knikmops\/","og_locale":"fr_FR","og_type":"article","og_title":"Knikmops | De Rycke Verhuur","og_description":"La Knikmops 100 est une mini-pelle compacte, polyvalente et puissante, qui fait ses preuves dans de nombreux domaines et pour diff\u00e9rents usages, gr\u00e2ce \u00e0 - De Rycke Verhuur","og_url":"https:\/\/www.deryckeverhuur.be\/fr\/produit\/knikmops\/","og_site_name":"De Rycke Verhuur","article_publisher":"https:\/\/www.facebook.com\/deryckeverhuur\/","article_modified_time":"2025-09-15T08:27:20+00:00","og_image":[{"width":1000,"height":667,"url":"https:\/\/www.deryckeverhuur.be\/wp-content\/uploads\/2024\/07\/Grondverzet-Knikmops.webp","type":"image\/webp"}],"twitter_card":"summary_large_image","twitter_misc":{"Dur\u00e9e de lecture estim\u00e9e":"1 minute"},"schema":{"@context":"https:\/\/schema.org","@graph":[{"@type":["WebPage","ItemPage"],"@id":"https:\/\/www.deryckeverhuur.be\/fr\/produit\/knikmops\/","url":"https:\/\/www.deryckeverhuur.be\/fr\/produit\/knikmops\/","name":"Knikmops | De Rycke Verhuur","isPartOf":{"@id":"https:\/\/www.deryckeverhuur.be\/fr\/#website"},"primaryImageOfPage":{"@id":"https:\/\/www.deryckeverhuur.be\/fr\/produit\/knikmops\/#primaryimage"},"image":{"@id":"https:\/\/www.deryckeverhuur.be\/fr\/produit\/knikmops\/#primaryimage"},"thumbnailUrl":"https:\/\/www.deryckeverhuur.be\/wp-content\/uploads\/2024\/07\/Grondverzet-Knikmops.webp","datePublished":"2024-07-31T17:56:09+00:00","dateModified":"2025-09-15T08:27:20+00:00","description":"La Knikmops 100 est une mini-pelle compacte, polyvalente et puissante, qui fait ses preuves dans de nombreux domaines et pour diff\u00e9rents usages, gr\u00e2ce \u00e0 - De Rycke Verhuur","breadcrumb":{"@id":"https:\/\/www.deryckeverhuur.be\/fr\/produit\/knikmops\/#breadcrumb"},"inLanguage":"fr-FR","potentialAction":[{"@type":"ReadAction","target":["https:\/\/www.deryckeverhuur.be\/fr\/produit\/knikmops\/"]}]},{"@type":"ImageObject","inLanguage":"fr-FR","@id":"https:\/\/www.deryckeverhuur.be\/fr\/produit\/knikmops\/#primaryimage","url":"https:\/\/www.deryckeverhuur.be\/wp-content\/uploads\/2024\/07\/Grondverzet-Knikmops.webp","contentUrl":"https:\/\/www.deryckeverhuur.be\/wp-content\/uploads\/2024\/07\/Grondverzet-Knikmops.webp","width":1000,"height":667},{"@type":"BreadcrumbList","@id":"https:\/\/www.deryckeverhuur.be\/fr\/produit\/knikmops\/#breadcrumb","itemListElement":[{"@type":"ListItem","position":1,"name":"Accueil","item":"https:\/\/www.deryckeverhuur.be\/fr\/accueil\/"},{"@type":"ListItem","position":2,"name":"Produits","item":"https:\/\/www.deryckeverhuur.be\/fr\/shop\/"},{"@type":"ListItem","position":3,"name":"Knikmops"}]},{"@type":"WebSite","@id":"https:\/\/www.deryckeverhuur.be\/fr\/#website","url":"https:\/\/www.deryckeverhuur.be\/fr\/","name":"De Rycke Verhuur","description":"","publisher":{"@id":"https:\/\/www.deryckeverhuur.be\/fr\/#organization"},"potentialAction":[{"@type":"SearchAction","target":{"@type":"EntryPoint","urlTemplate":"https:\/\/www.deryckeverhuur.be\/fr\/?s={search_term_string}"},"query-input":{"@type":"PropertyValueSpecification","valueRequired":true,"valueName":"search_term_string"}}],"inLanguage":"fr-FR"},{"@type":"Organization","@id":"https:\/\/www.deryckeverhuur.be\/fr\/#organization","name":"De Rycke Verhuur","url":"https:\/\/www.deryckeverhuur.be\/fr\/","logo":{"@type":"ImageObject","inLanguage":"fr-FR","@id":"https:\/\/www.deryckeverhuur.be\/fr\/#\/schema\/logo\/image\/","url":"https:\/\/www.deryckeverhuur.be\/wp-content\/uploads\/2024\/04\/3f11ca52e320acac5665453f083372b2.png","contentUrl":"https:\/\/www.deryckeverhuur.be\/wp-content\/uploads\/2024\/04\/3f11ca52e320acac5665453f083372b2.png","width":2560,"height":624,"caption":"De Rycke Verhuur"},"image":{"@id":"https:\/\/www.deryckeverhuur.be\/fr\/#\/schema\/logo\/image\/"},"sameAs":["https:\/\/www.facebook.com\/deryckeverhuur\/","https:\/\/www.instagram.com\/deryckeverhuur\/","https:\/\/www.linkedin.com\/company\/de-rycke-verhuur-bvba\/"]}]}},"_links":{"self":[{"href":"https:\/\/www.deryckeverhuur.be\/fr\/wp-json\/wp\/v2\/product\/11941","targetHints":{"allow":["GET"]}}],"collection":[{"href":"https:\/\/www.deryckeverhuur.be\/fr\/wp-json\/wp\/v2\/product"}],"about":[{"href":"https:\/\/www.deryckeverhuur.be\/fr\/wp-json\/wp\/v2\/types\/product"}],"replies":[{"embeddable":true,"href":"https:\/\/www.deryckeverhuur.be\/fr\/wp-json\/wp\/v2\/comments?post=11941"}],"wp:featuredmedia":[{"embeddable":true,"href":"https:\/\/www.deryckeverhuur.be\/fr\/wp-json\/wp\/v2\/media\/8928"}],"wp:attachment":[{"href":"https:\/\/www.deryckeverhuur.be\/fr\/wp-json\/wp\/v2\/media?parent=11941"}],"wp:term":[{"taxonomy":"product_brand","embeddable":true,"href":"https:\/\/www.deryckeverhuur.be\/fr\/wp-json\/wp\/v2\/product_brand?post=11941"},{"taxonomy":"product_cat","embeddable":true,"href":"https:\/\/www.deryckeverhuur.be\/fr\/wp-json\/wp\/v2\/product_cat?post=11941"},{"taxonomy":"product_tag","embeddable":true,"href":"https:\/\/www.deryckeverhuur.be\/fr\/wp-json\/wp\/v2\/product_tag?post=11941"},{"taxonomy":"sector","embeddable":true,"href":"https:\/\/www.deryckeverhuur.be\/fr\/wp-json\/wp\/v2\/sector?post=11941"}],"curies":[{"name":"wp","href":"https:\/\/api.w.org\/{rel}","templated":true}]}}