{"id":11866,"date":"2024-08-01T14:52:01","date_gmt":"2024-08-01T14:52:01","guid":{"rendered":"https:\/\/www.deryckeverhuur.be\/product\/stroomgroep\/"},"modified":"2026-01-20T16:33:56","modified_gmt":"2026-01-20T16:33:56","slug":"groupe-electrogene","status":"publish","type":"product","link":"https:\/\/www.deryckeverhuur.be\/fr\/produit\/groupe-electrogene\/","title":{"rendered":"Groupe \u00e9lectrog\u00e8ne"},"content":{"rendered":"<p>Un groupe \u00e9lectrog\u00e8ne est un g\u00e9n\u00e9rateur qui produit de l&rsquo;\u00e9lectricit\u00e9 \u00e0 l&rsquo;aide d&rsquo;un moteur \u00e0 combustion interne. Les groupes \u00e9lectrog\u00e8nes assurent ainsi une alimentation \u00e9lectrique fiable lorsque l&rsquo;\u00e9lectricit\u00e9 n&rsquo;est pas disponible ou insuffisante. En effet, un groupe \u00e9lectrog\u00e8ne n&rsquo;a pas besoin d&rsquo;\u00eatre raccord\u00e9 au r\u00e9seau \u00e9lectrique. Le g\u00e9n\u00e9rateur d&rsquo;\u00e9lectricit\u00e9 est donc id\u00e9al pour les coupures de courant, les \u00e9v\u00e9nements et les situations o\u00f9 une disponibilit\u00e9 continue de l&rsquo;\u00e9lectricit\u00e9 est n\u00e9cessaire, par exemple dans un h\u00f4pital.<\/p>\n","protected":false},"excerpt":{"rendered":"<p>Un groupe \u00e9lectrog\u00e8ne est un g\u00e9n\u00e9rateur qui produit de l&rsquo;\u00e9lectricit\u00e9 \u00e0 l&rsquo;aide d&rsquo;un moteur \u00e0 combustion interne. Les groupes \u00e9lectrog\u00e8nes assurent ainsi une alimentation \u00e9lectrique fiable lorsque l&rsquo;\u00e9lectricit\u00e9 n&rsquo;est pas disponible ou insuffisante. En effet, un groupe \u00e9lectrog\u00e8ne n&rsquo;a pas besoin d&rsquo;\u00eatre raccord\u00e9 au r\u00e9seau \u00e9lectrique. Le g\u00e9n\u00e9rateur d&rsquo;\u00e9lectricit\u00e9 est donc id\u00e9al pour les coupures [&hellip;]<\/p>\n","protected":false},"featured_media":9810,"comment_status":"open","ping_status":"closed","template":"","meta":{"_acf_changed":false},"product_brand":[],"product_cat":[545,604],"product_tag":[],"sector":[611,624,614],"class_list":{"0":"post-11866","1":"product","2":"type-product","3":"status-publish","4":"has-post-thumbnail","6":"product_cat-courant-air-et-lumiere","7":"product_cat-groupes-electrogenes","8":"sector-chimie-et-ports","9":"sector-construction-residentielle-civile-et-non-residentielle","10":"sector-terrassement-construction-routiere-hydraulique-et-ferroviaire","12":"first","13":"instock","14":"shipping-taxable","15":"product-type-variable","16":"has-default-attributes"},"acf":[],"yoast_head":"<!-- This site is optimized with the Yoast SEO plugin v27.4 - https:\/\/yoast.com\/product\/yoast-seo-wordpress\/ -->\n<title>Groupe \u00e9lectrog\u00e8ne | De Rycke Verhuur<\/title>\n<meta name=\"description\" content=\"Un groupe \u00e9lectrog\u00e8ne est un g\u00e9n\u00e9rateur qui produit de l&#039;\u00e9lectricit\u00e9 \u00e0 l&#039;aide d&#039;un moteur \u00e0 combustion interne. Les groupes \u00e9lectrog\u00e8nes assurent ainsi - De Rycke Verhuur\" \/>\n<meta name=\"robots\" content=\"index, follow, max-snippet:-1, max-image-preview:large, max-video-preview:-1\" \/>\n<link rel=\"canonical\" href=\"https:\/\/www.deryckeverhuur.be\/fr\/produit\/groupe-electrogene\/\" \/>\n<meta property=\"og:locale\" content=\"fr_FR\" \/>\n<meta property=\"og:type\" content=\"article\" \/>\n<meta property=\"og:title\" content=\"Groupe \u00e9lectrog\u00e8ne | De Rycke Verhuur\" \/>\n<meta property=\"og:description\" content=\"Un groupe \u00e9lectrog\u00e8ne est un g\u00e9n\u00e9rateur qui produit de l&#039;\u00e9lectricit\u00e9 \u00e0 l&#039;aide d&#039;un moteur \u00e0 combustion interne. Les groupes \u00e9lectrog\u00e8nes assurent ainsi - De Rycke Verhuur\" \/>\n<meta property=\"og:url\" content=\"https:\/\/www.deryckeverhuur.be\/fr\/produit\/groupe-electrogene\/\" \/>\n<meta property=\"og:site_name\" content=\"De Rycke Verhuur\" \/>\n<meta property=\"article:publisher\" content=\"https:\/\/www.facebook.com\/deryckeverhuur\/\" \/>\n<meta property=\"article:modified_time\" content=\"2026-01-20T16:33:56+00:00\" \/>\n<meta property=\"og:image\" content=\"https:\/\/www.deryckeverhuur.be\/wp-content\/uploads\/2024\/08\/2024-10-30-10_56_11-Energy-Lucht-Licht-Stroomgroepen.gif.png\" \/>\n\t<meta property=\"og:image:width\" content=\"665\" \/>\n\t<meta property=\"og:image:height\" content=\"572\" \/>\n\t<meta property=\"og:image:type\" content=\"image\/png\" \/>\n<meta name=\"twitter:card\" content=\"summary_large_image\" \/>\n<meta name=\"twitter:label1\" content=\"Dur\u00e9e de lecture estim\u00e9e\" \/>\n\t<meta name=\"twitter:data1\" content=\"1 minute\" \/>\n<script type=\"application\/ld+json\" class=\"yoast-schema-graph\">{\"@context\":\"https:\\\/\\\/schema.org\",\"@graph\":[{\"@type\":[\"WebPage\",\"ItemPage\"],\"@id\":\"https:\\\/\\\/www.deryckeverhuur.be\\\/fr\\\/produit\\\/groupe-electrogene\\\/\",\"url\":\"https:\\\/\\\/www.deryckeverhuur.be\\\/fr\\\/produit\\\/groupe-electrogene\\\/\",\"name\":\"Groupe \u00e9lectrog\u00e8ne | De Rycke Verhuur\",\"isPartOf\":{\"@id\":\"https:\\\/\\\/www.deryckeverhuur.be\\\/fr\\\/#website\"},\"primaryImageOfPage\":{\"@id\":\"https:\\\/\\\/www.deryckeverhuur.be\\\/fr\\\/produit\\\/groupe-electrogene\\\/#primaryimage\"},\"image\":{\"@id\":\"https:\\\/\\\/www.deryckeverhuur.be\\\/fr\\\/produit\\\/groupe-electrogene\\\/#primaryimage\"},\"thumbnailUrl\":\"https:\\\/\\\/www.deryckeverhuur.be\\\/wp-content\\\/uploads\\\/2024\\\/08\\\/2024-10-30-10_56_11-Energy-Lucht-Licht-Stroomgroepen.gif.png\",\"datePublished\":\"2024-08-01T14:52:01+00:00\",\"dateModified\":\"2026-01-20T16:33:56+00:00\",\"description\":\"Un groupe \u00e9lectrog\u00e8ne est un g\u00e9n\u00e9rateur qui produit de l'\u00e9lectricit\u00e9 \u00e0 l'aide d'un moteur \u00e0 combustion interne. Les groupes \u00e9lectrog\u00e8nes assurent ainsi - De Rycke Verhuur\",\"breadcrumb\":{\"@id\":\"https:\\\/\\\/www.deryckeverhuur.be\\\/fr\\\/produit\\\/groupe-electrogene\\\/#breadcrumb\"},\"inLanguage\":\"fr-FR\",\"potentialAction\":[{\"@type\":\"ReadAction\",\"target\":[\"https:\\\/\\\/www.deryckeverhuur.be\\\/fr\\\/produit\\\/groupe-electrogene\\\/\"]}]},{\"@type\":\"ImageObject\",\"inLanguage\":\"fr-FR\",\"@id\":\"https:\\\/\\\/www.deryckeverhuur.be\\\/fr\\\/produit\\\/groupe-electrogene\\\/#primaryimage\",\"url\":\"https:\\\/\\\/www.deryckeverhuur.be\\\/wp-content\\\/uploads\\\/2024\\\/08\\\/2024-10-30-10_56_11-Energy-Lucht-Licht-Stroomgroepen.gif.png\",\"contentUrl\":\"https:\\\/\\\/www.deryckeverhuur.be\\\/wp-content\\\/uploads\\\/2024\\\/08\\\/2024-10-30-10_56_11-Energy-Lucht-Licht-Stroomgroepen.gif.png\",\"width\":665,\"height\":572},{\"@type\":\"BreadcrumbList\",\"@id\":\"https:\\\/\\\/www.deryckeverhuur.be\\\/fr\\\/produit\\\/groupe-electrogene\\\/#breadcrumb\",\"itemListElement\":[{\"@type\":\"ListItem\",\"position\":1,\"name\":\"Accueil\",\"item\":\"https:\\\/\\\/www.deryckeverhuur.be\\\/fr\\\/accueil\\\/\"},{\"@type\":\"ListItem\",\"position\":2,\"name\":\"Produits\",\"item\":\"https:\\\/\\\/www.deryckeverhuur.be\\\/fr\\\/shop\\\/\"},{\"@type\":\"ListItem\",\"position\":3,\"name\":\"Groupe \u00e9lectrog\u00e8ne\"}]},{\"@type\":\"WebSite\",\"@id\":\"https:\\\/\\\/www.deryckeverhuur.be\\\/fr\\\/#website\",\"url\":\"https:\\\/\\\/www.deryckeverhuur.be\\\/fr\\\/\",\"name\":\"De Rycke Verhuur\",\"description\":\"\",\"publisher\":{\"@id\":\"https:\\\/\\\/www.deryckeverhuur.be\\\/fr\\\/#organization\"},\"potentialAction\":[{\"@type\":\"SearchAction\",\"target\":{\"@type\":\"EntryPoint\",\"urlTemplate\":\"https:\\\/\\\/www.deryckeverhuur.be\\\/fr\\\/?s={search_term_string}\"},\"query-input\":{\"@type\":\"PropertyValueSpecification\",\"valueRequired\":true,\"valueName\":\"search_term_string\"}}],\"inLanguage\":\"fr-FR\"},{\"@type\":\"Organization\",\"@id\":\"https:\\\/\\\/www.deryckeverhuur.be\\\/fr\\\/#organization\",\"name\":\"De Rycke Verhuur\",\"url\":\"https:\\\/\\\/www.deryckeverhuur.be\\\/fr\\\/\",\"logo\":{\"@type\":\"ImageObject\",\"inLanguage\":\"fr-FR\",\"@id\":\"https:\\\/\\\/www.deryckeverhuur.be\\\/fr\\\/#\\\/schema\\\/logo\\\/image\\\/\",\"url\":\"https:\\\/\\\/www.deryckeverhuur.be\\\/wp-content\\\/uploads\\\/2024\\\/04\\\/3f11ca52e320acac5665453f083372b2.png\",\"contentUrl\":\"https:\\\/\\\/www.deryckeverhuur.be\\\/wp-content\\\/uploads\\\/2024\\\/04\\\/3f11ca52e320acac5665453f083372b2.png\",\"width\":2560,\"height\":624,\"caption\":\"De Rycke Verhuur\"},\"image\":{\"@id\":\"https:\\\/\\\/www.deryckeverhuur.be\\\/fr\\\/#\\\/schema\\\/logo\\\/image\\\/\"},\"sameAs\":[\"https:\\\/\\\/www.facebook.com\\\/deryckeverhuur\\\/\",\"https:\\\/\\\/www.instagram.com\\\/deryckeverhuur\\\/\",\"https:\\\/\\\/www.linkedin.com\\\/company\\\/de-rycke-verhuur-bvba\\\/\"]}]}<\/script>\n<!-- \/ Yoast SEO plugin. -->","yoast_head_json":{"title":"Groupe \u00e9lectrog\u00e8ne | De Rycke Verhuur","description":"Un groupe \u00e9lectrog\u00e8ne est un g\u00e9n\u00e9rateur qui produit de l'\u00e9lectricit\u00e9 \u00e0 l'aide d'un moteur \u00e0 combustion interne. Les groupes \u00e9lectrog\u00e8nes assurent ainsi - De Rycke Verhuur","robots":{"index":"index","follow":"follow","max-snippet":"max-snippet:-1","max-image-preview":"max-image-preview:large","max-video-preview":"max-video-preview:-1"},"canonical":"https:\/\/www.deryckeverhuur.be\/fr\/produit\/groupe-electrogene\/","og_locale":"fr_FR","og_type":"article","og_title":"Groupe \u00e9lectrog\u00e8ne | De Rycke Verhuur","og_description":"Un groupe \u00e9lectrog\u00e8ne est un g\u00e9n\u00e9rateur qui produit de l'\u00e9lectricit\u00e9 \u00e0 l'aide d'un moteur \u00e0 combustion interne. Les groupes \u00e9lectrog\u00e8nes assurent ainsi - De Rycke Verhuur","og_url":"https:\/\/www.deryckeverhuur.be\/fr\/produit\/groupe-electrogene\/","og_site_name":"De Rycke Verhuur","article_publisher":"https:\/\/www.facebook.com\/deryckeverhuur\/","article_modified_time":"2026-01-20T16:33:56+00:00","og_image":[{"width":665,"height":572,"url":"https:\/\/www.deryckeverhuur.be\/wp-content\/uploads\/2024\/08\/2024-10-30-10_56_11-Energy-Lucht-Licht-Stroomgroepen.gif.png","type":"image\/png"}],"twitter_card":"summary_large_image","twitter_misc":{"Dur\u00e9e de lecture estim\u00e9e":"1 minute"},"schema":{"@context":"https:\/\/schema.org","@graph":[{"@type":["WebPage","ItemPage"],"@id":"https:\/\/www.deryckeverhuur.be\/fr\/produit\/groupe-electrogene\/","url":"https:\/\/www.deryckeverhuur.be\/fr\/produit\/groupe-electrogene\/","name":"Groupe \u00e9lectrog\u00e8ne | De Rycke Verhuur","isPartOf":{"@id":"https:\/\/www.deryckeverhuur.be\/fr\/#website"},"primaryImageOfPage":{"@id":"https:\/\/www.deryckeverhuur.be\/fr\/produit\/groupe-electrogene\/#primaryimage"},"image":{"@id":"https:\/\/www.deryckeverhuur.be\/fr\/produit\/groupe-electrogene\/#primaryimage"},"thumbnailUrl":"https:\/\/www.deryckeverhuur.be\/wp-content\/uploads\/2024\/08\/2024-10-30-10_56_11-Energy-Lucht-Licht-Stroomgroepen.gif.png","datePublished":"2024-08-01T14:52:01+00:00","dateModified":"2026-01-20T16:33:56+00:00","description":"Un groupe \u00e9lectrog\u00e8ne est un g\u00e9n\u00e9rateur qui produit de l'\u00e9lectricit\u00e9 \u00e0 l'aide d'un moteur \u00e0 combustion interne. Les groupes \u00e9lectrog\u00e8nes assurent ainsi - De Rycke Verhuur","breadcrumb":{"@id":"https:\/\/www.deryckeverhuur.be\/fr\/produit\/groupe-electrogene\/#breadcrumb"},"inLanguage":"fr-FR","potentialAction":[{"@type":"ReadAction","target":["https:\/\/www.deryckeverhuur.be\/fr\/produit\/groupe-electrogene\/"]}]},{"@type":"ImageObject","inLanguage":"fr-FR","@id":"https:\/\/www.deryckeverhuur.be\/fr\/produit\/groupe-electrogene\/#primaryimage","url":"https:\/\/www.deryckeverhuur.be\/wp-content\/uploads\/2024\/08\/2024-10-30-10_56_11-Energy-Lucht-Licht-Stroomgroepen.gif.png","contentUrl":"https:\/\/www.deryckeverhuur.be\/wp-content\/uploads\/2024\/08\/2024-10-30-10_56_11-Energy-Lucht-Licht-Stroomgroepen.gif.png","width":665,"height":572},{"@type":"BreadcrumbList","@id":"https:\/\/www.deryckeverhuur.be\/fr\/produit\/groupe-electrogene\/#breadcrumb","itemListElement":[{"@type":"ListItem","position":1,"name":"Accueil","item":"https:\/\/www.deryckeverhuur.be\/fr\/accueil\/"},{"@type":"ListItem","position":2,"name":"Produits","item":"https:\/\/www.deryckeverhuur.be\/fr\/shop\/"},{"@type":"ListItem","position":3,"name":"Groupe \u00e9lectrog\u00e8ne"}]},{"@type":"WebSite","@id":"https:\/\/www.deryckeverhuur.be\/fr\/#website","url":"https:\/\/www.deryckeverhuur.be\/fr\/","name":"De Rycke Verhuur","description":"","publisher":{"@id":"https:\/\/www.deryckeverhuur.be\/fr\/#organization"},"potentialAction":[{"@type":"SearchAction","target":{"@type":"EntryPoint","urlTemplate":"https:\/\/www.deryckeverhuur.be\/fr\/?s={search_term_string}"},"query-input":{"@type":"PropertyValueSpecification","valueRequired":true,"valueName":"search_term_string"}}],"inLanguage":"fr-FR"},{"@type":"Organization","@id":"https:\/\/www.deryckeverhuur.be\/fr\/#organization","name":"De Rycke Verhuur","url":"https:\/\/www.deryckeverhuur.be\/fr\/","logo":{"@type":"ImageObject","inLanguage":"fr-FR","@id":"https:\/\/www.deryckeverhuur.be\/fr\/#\/schema\/logo\/image\/","url":"https:\/\/www.deryckeverhuur.be\/wp-content\/uploads\/2024\/04\/3f11ca52e320acac5665453f083372b2.png","contentUrl":"https:\/\/www.deryckeverhuur.be\/wp-content\/uploads\/2024\/04\/3f11ca52e320acac5665453f083372b2.png","width":2560,"height":624,"caption":"De Rycke Verhuur"},"image":{"@id":"https:\/\/www.deryckeverhuur.be\/fr\/#\/schema\/logo\/image\/"},"sameAs":["https:\/\/www.facebook.com\/deryckeverhuur\/","https:\/\/www.instagram.com\/deryckeverhuur\/","https:\/\/www.linkedin.com\/company\/de-rycke-verhuur-bvba\/"]}]}},"_links":{"self":[{"href":"https:\/\/www.deryckeverhuur.be\/fr\/wp-json\/wp\/v2\/product\/11866","targetHints":{"allow":["GET"]}}],"collection":[{"href":"https:\/\/www.deryckeverhuur.be\/fr\/wp-json\/wp\/v2\/product"}],"about":[{"href":"https:\/\/www.deryckeverhuur.be\/fr\/wp-json\/wp\/v2\/types\/product"}],"replies":[{"embeddable":true,"href":"https:\/\/www.deryckeverhuur.be\/fr\/wp-json\/wp\/v2\/comments?post=11866"}],"wp:featuredmedia":[{"embeddable":true,"href":"https:\/\/www.deryckeverhuur.be\/fr\/wp-json\/wp\/v2\/media\/9810"}],"wp:attachment":[{"href":"https:\/\/www.deryckeverhuur.be\/fr\/wp-json\/wp\/v2\/media?parent=11866"}],"wp:term":[{"taxonomy":"product_brand","embeddable":true,"href":"https:\/\/www.deryckeverhuur.be\/fr\/wp-json\/wp\/v2\/product_brand?post=11866"},{"taxonomy":"product_cat","embeddable":true,"href":"https:\/\/www.deryckeverhuur.be\/fr\/wp-json\/wp\/v2\/product_cat?post=11866"},{"taxonomy":"product_tag","embeddable":true,"href":"https:\/\/www.deryckeverhuur.be\/fr\/wp-json\/wp\/v2\/product_tag?post=11866"},{"taxonomy":"sector","embeddable":true,"href":"https:\/\/www.deryckeverhuur.be\/fr\/wp-json\/wp\/v2\/sector?post=11866"}],"curies":[{"name":"wp","href":"https:\/\/api.w.org\/{rel}","templated":true}]}}