{"id":11696,"date":"2024-08-01T19:04:47","date_gmt":"2024-08-01T19:04:47","guid":{"rendered":"https:\/\/www.deryckeverhuur.be\/product\/verreiker\/"},"modified":"2025-08-27T14:20:45","modified_gmt":"2025-08-27T14:20:45","slug":"chariot-telescopique","status":"publish","type":"product","link":"https:\/\/www.deryckeverhuur.be\/fr\/produit\/chariot-telescopique\/","title":{"rendered":"Chariot t\u00e9lescopique"},"content":{"rendered":"<p>Un engin de manutention t\u00e9lescopique est principalement con\u00e7u pour \u00eatre utilis\u00e9 \u00e0 l&rsquo;ext\u00e9rieur. Il est donc parfaitement adapt\u00e9 aux chantiers de construction. M\u00eame dans les endroits les plus difficiles, gr\u00e2ce \u00e0 sa garde au sol \u00e9lev\u00e9e et \u00e0 sa transmission int\u00e9grale.<\/p>\n","protected":false},"excerpt":{"rendered":"<p>Un engin de manutention t\u00e9lescopique est principalement con\u00e7u pour \u00eatre utilis\u00e9 \u00e0 l&rsquo;ext\u00e9rieur. Il est donc parfaitement adapt\u00e9 aux chantiers de construction. M\u00eame dans les endroits les plus difficiles, gr\u00e2ce \u00e0 sa garde au sol \u00e9lev\u00e9e et \u00e0 sa transmission int\u00e9grale.<\/p>\n","protected":false},"featured_media":9752,"comment_status":"open","ping_status":"closed","template":"","meta":{"_acf_changed":false},"product_brand":[],"product_cat":[598,546],"product_tag":[],"sector":[611,624,619,614],"class_list":{"0":"post-11696","1":"product","2":"type-product","3":"status-publish","4":"has-post-thumbnail","6":"product_cat-chariots-telescopiques","7":"product_cat-materiel-de-levage-et-de-manutention","8":"sector-chimie-et-ports","9":"sector-construction-residentielle-civile-et-non-residentielle","10":"sector-entreprises-dinstallation-et-de-finitions","11":"sector-terrassement-construction-routiere-hydraulique-et-ferroviaire","13":"first","14":"instock","15":"shipping-taxable","16":"product-type-variable","17":"has-default-attributes"},"acf":[],"yoast_head":"<!-- This site is optimized with the Yoast SEO plugin v27.4 - https:\/\/yoast.com\/product\/yoast-seo-wordpress\/ -->\n<title>Chariot t\u00e9lescopique | De Rycke Verhuur<\/title>\n<meta name=\"description\" content=\"Un engin de manutention t\u00e9lescopique est principalement con\u00e7u pour \u00eatre utilis\u00e9 \u00e0 l&#039;ext\u00e9rieur. Il est donc parfaitement adapt\u00e9 aux chantiers de - De Rycke Verhuur\" \/>\n<meta name=\"robots\" content=\"index, follow, max-snippet:-1, max-image-preview:large, max-video-preview:-1\" \/>\n<link rel=\"canonical\" href=\"https:\/\/www.deryckeverhuur.be\/fr\/produit\/chariot-telescopique\/\" \/>\n<meta property=\"og:locale\" content=\"fr_FR\" \/>\n<meta property=\"og:type\" content=\"article\" \/>\n<meta property=\"og:title\" content=\"Chariot t\u00e9lescopique | De Rycke Verhuur\" \/>\n<meta property=\"og:description\" content=\"Un engin de manutention t\u00e9lescopique est principalement con\u00e7u pour \u00eatre utilis\u00e9 \u00e0 l&#039;ext\u00e9rieur. Il est donc parfaitement adapt\u00e9 aux chantiers de - De Rycke Verhuur\" \/>\n<meta property=\"og:url\" content=\"https:\/\/www.deryckeverhuur.be\/fr\/produit\/chariot-telescopique\/\" \/>\n<meta property=\"og:site_name\" content=\"De Rycke Verhuur\" \/>\n<meta property=\"article:publisher\" content=\"https:\/\/www.facebook.com\/deryckeverhuur\/\" \/>\n<meta property=\"article:modified_time\" content=\"2025-08-27T14:20:45+00:00\" \/>\n<meta property=\"og:image\" content=\"https:\/\/www.deryckeverhuur.be\/wp-content\/uploads\/2024\/10\/Verreikers.jpg\" \/>\n\t<meta property=\"og:image:width\" content=\"1440\" \/>\n\t<meta property=\"og:image:height\" content=\"960\" \/>\n\t<meta property=\"og:image:type\" content=\"image\/jpeg\" \/>\n<meta name=\"twitter:card\" content=\"summary_large_image\" \/>\n<meta name=\"twitter:label1\" content=\"Dur\u00e9e de lecture estim\u00e9e\" \/>\n\t<meta name=\"twitter:data1\" content=\"1 minute\" \/>\n<script type=\"application\/ld+json\" class=\"yoast-schema-graph\">{\"@context\":\"https:\\\/\\\/schema.org\",\"@graph\":[{\"@type\":[\"WebPage\",\"ItemPage\"],\"@id\":\"https:\\\/\\\/www.deryckeverhuur.be\\\/fr\\\/produit\\\/chariot-telescopique\\\/\",\"url\":\"https:\\\/\\\/www.deryckeverhuur.be\\\/fr\\\/produit\\\/chariot-telescopique\\\/\",\"name\":\"Chariot t\u00e9lescopique | De Rycke Verhuur\",\"isPartOf\":{\"@id\":\"https:\\\/\\\/www.deryckeverhuur.be\\\/fr\\\/#website\"},\"primaryImageOfPage\":{\"@id\":\"https:\\\/\\\/www.deryckeverhuur.be\\\/fr\\\/produit\\\/chariot-telescopique\\\/#primaryimage\"},\"image\":{\"@id\":\"https:\\\/\\\/www.deryckeverhuur.be\\\/fr\\\/produit\\\/chariot-telescopique\\\/#primaryimage\"},\"thumbnailUrl\":\"https:\\\/\\\/www.deryckeverhuur.be\\\/wp-content\\\/uploads\\\/2024\\\/10\\\/Verreikers.jpg\",\"datePublished\":\"2024-08-01T19:04:47+00:00\",\"dateModified\":\"2025-08-27T14:20:45+00:00\",\"description\":\"Un engin de manutention t\u00e9lescopique est principalement con\u00e7u pour \u00eatre utilis\u00e9 \u00e0 l'ext\u00e9rieur. Il est donc parfaitement adapt\u00e9 aux chantiers de - De Rycke Verhuur\",\"breadcrumb\":{\"@id\":\"https:\\\/\\\/www.deryckeverhuur.be\\\/fr\\\/produit\\\/chariot-telescopique\\\/#breadcrumb\"},\"inLanguage\":\"fr-FR\",\"potentialAction\":[{\"@type\":\"ReadAction\",\"target\":[\"https:\\\/\\\/www.deryckeverhuur.be\\\/fr\\\/produit\\\/chariot-telescopique\\\/\"]}]},{\"@type\":\"ImageObject\",\"inLanguage\":\"fr-FR\",\"@id\":\"https:\\\/\\\/www.deryckeverhuur.be\\\/fr\\\/produit\\\/chariot-telescopique\\\/#primaryimage\",\"url\":\"https:\\\/\\\/www.deryckeverhuur.be\\\/wp-content\\\/uploads\\\/2024\\\/10\\\/Verreikers.jpg\",\"contentUrl\":\"https:\\\/\\\/www.deryckeverhuur.be\\\/wp-content\\\/uploads\\\/2024\\\/10\\\/Verreikers.jpg\",\"width\":1440,\"height\":960},{\"@type\":\"BreadcrumbList\",\"@id\":\"https:\\\/\\\/www.deryckeverhuur.be\\\/fr\\\/produit\\\/chariot-telescopique\\\/#breadcrumb\",\"itemListElement\":[{\"@type\":\"ListItem\",\"position\":1,\"name\":\"Accueil\",\"item\":\"https:\\\/\\\/www.deryckeverhuur.be\\\/fr\\\/accueil\\\/\"},{\"@type\":\"ListItem\",\"position\":2,\"name\":\"Produits\",\"item\":\"https:\\\/\\\/www.deryckeverhuur.be\\\/fr\\\/shop\\\/\"},{\"@type\":\"ListItem\",\"position\":3,\"name\":\"Chariot t\u00e9lescopique\"}]},{\"@type\":\"WebSite\",\"@id\":\"https:\\\/\\\/www.deryckeverhuur.be\\\/fr\\\/#website\",\"url\":\"https:\\\/\\\/www.deryckeverhuur.be\\\/fr\\\/\",\"name\":\"De Rycke Verhuur\",\"description\":\"\",\"publisher\":{\"@id\":\"https:\\\/\\\/www.deryckeverhuur.be\\\/fr\\\/#organization\"},\"potentialAction\":[{\"@type\":\"SearchAction\",\"target\":{\"@type\":\"EntryPoint\",\"urlTemplate\":\"https:\\\/\\\/www.deryckeverhuur.be\\\/fr\\\/?s={search_term_string}\"},\"query-input\":{\"@type\":\"PropertyValueSpecification\",\"valueRequired\":true,\"valueName\":\"search_term_string\"}}],\"inLanguage\":\"fr-FR\"},{\"@type\":\"Organization\",\"@id\":\"https:\\\/\\\/www.deryckeverhuur.be\\\/fr\\\/#organization\",\"name\":\"De Rycke Verhuur\",\"url\":\"https:\\\/\\\/www.deryckeverhuur.be\\\/fr\\\/\",\"logo\":{\"@type\":\"ImageObject\",\"inLanguage\":\"fr-FR\",\"@id\":\"https:\\\/\\\/www.deryckeverhuur.be\\\/fr\\\/#\\\/schema\\\/logo\\\/image\\\/\",\"url\":\"https:\\\/\\\/www.deryckeverhuur.be\\\/wp-content\\\/uploads\\\/2024\\\/04\\\/3f11ca52e320acac5665453f083372b2.png\",\"contentUrl\":\"https:\\\/\\\/www.deryckeverhuur.be\\\/wp-content\\\/uploads\\\/2024\\\/04\\\/3f11ca52e320acac5665453f083372b2.png\",\"width\":2560,\"height\":624,\"caption\":\"De Rycke Verhuur\"},\"image\":{\"@id\":\"https:\\\/\\\/www.deryckeverhuur.be\\\/fr\\\/#\\\/schema\\\/logo\\\/image\\\/\"},\"sameAs\":[\"https:\\\/\\\/www.facebook.com\\\/deryckeverhuur\\\/\",\"https:\\\/\\\/www.instagram.com\\\/deryckeverhuur\\\/\",\"https:\\\/\\\/www.linkedin.com\\\/company\\\/de-rycke-verhuur-bvba\\\/\"]}]}<\/script>\n<!-- \/ Yoast SEO plugin. -->","yoast_head_json":{"title":"Chariot t\u00e9lescopique | De Rycke Verhuur","description":"Un engin de manutention t\u00e9lescopique est principalement con\u00e7u pour \u00eatre utilis\u00e9 \u00e0 l'ext\u00e9rieur. Il est donc parfaitement adapt\u00e9 aux chantiers de - De Rycke Verhuur","robots":{"index":"index","follow":"follow","max-snippet":"max-snippet:-1","max-image-preview":"max-image-preview:large","max-video-preview":"max-video-preview:-1"},"canonical":"https:\/\/www.deryckeverhuur.be\/fr\/produit\/chariot-telescopique\/","og_locale":"fr_FR","og_type":"article","og_title":"Chariot t\u00e9lescopique | De Rycke Verhuur","og_description":"Un engin de manutention t\u00e9lescopique est principalement con\u00e7u pour \u00eatre utilis\u00e9 \u00e0 l'ext\u00e9rieur. Il est donc parfaitement adapt\u00e9 aux chantiers de - De Rycke Verhuur","og_url":"https:\/\/www.deryckeverhuur.be\/fr\/produit\/chariot-telescopique\/","og_site_name":"De Rycke Verhuur","article_publisher":"https:\/\/www.facebook.com\/deryckeverhuur\/","article_modified_time":"2025-08-27T14:20:45+00:00","og_image":[{"width":1440,"height":960,"url":"https:\/\/www.deryckeverhuur.be\/wp-content\/uploads\/2024\/10\/Verreikers.jpg","type":"image\/jpeg"}],"twitter_card":"summary_large_image","twitter_misc":{"Dur\u00e9e de lecture estim\u00e9e":"1 minute"},"schema":{"@context":"https:\/\/schema.org","@graph":[{"@type":["WebPage","ItemPage"],"@id":"https:\/\/www.deryckeverhuur.be\/fr\/produit\/chariot-telescopique\/","url":"https:\/\/www.deryckeverhuur.be\/fr\/produit\/chariot-telescopique\/","name":"Chariot t\u00e9lescopique | De Rycke Verhuur","isPartOf":{"@id":"https:\/\/www.deryckeverhuur.be\/fr\/#website"},"primaryImageOfPage":{"@id":"https:\/\/www.deryckeverhuur.be\/fr\/produit\/chariot-telescopique\/#primaryimage"},"image":{"@id":"https:\/\/www.deryckeverhuur.be\/fr\/produit\/chariot-telescopique\/#primaryimage"},"thumbnailUrl":"https:\/\/www.deryckeverhuur.be\/wp-content\/uploads\/2024\/10\/Verreikers.jpg","datePublished":"2024-08-01T19:04:47+00:00","dateModified":"2025-08-27T14:20:45+00:00","description":"Un engin de manutention t\u00e9lescopique est principalement con\u00e7u pour \u00eatre utilis\u00e9 \u00e0 l'ext\u00e9rieur. Il est donc parfaitement adapt\u00e9 aux chantiers de - De Rycke Verhuur","breadcrumb":{"@id":"https:\/\/www.deryckeverhuur.be\/fr\/produit\/chariot-telescopique\/#breadcrumb"},"inLanguage":"fr-FR","potentialAction":[{"@type":"ReadAction","target":["https:\/\/www.deryckeverhuur.be\/fr\/produit\/chariot-telescopique\/"]}]},{"@type":"ImageObject","inLanguage":"fr-FR","@id":"https:\/\/www.deryckeverhuur.be\/fr\/produit\/chariot-telescopique\/#primaryimage","url":"https:\/\/www.deryckeverhuur.be\/wp-content\/uploads\/2024\/10\/Verreikers.jpg","contentUrl":"https:\/\/www.deryckeverhuur.be\/wp-content\/uploads\/2024\/10\/Verreikers.jpg","width":1440,"height":960},{"@type":"BreadcrumbList","@id":"https:\/\/www.deryckeverhuur.be\/fr\/produit\/chariot-telescopique\/#breadcrumb","itemListElement":[{"@type":"ListItem","position":1,"name":"Accueil","item":"https:\/\/www.deryckeverhuur.be\/fr\/accueil\/"},{"@type":"ListItem","position":2,"name":"Produits","item":"https:\/\/www.deryckeverhuur.be\/fr\/shop\/"},{"@type":"ListItem","position":3,"name":"Chariot t\u00e9lescopique"}]},{"@type":"WebSite","@id":"https:\/\/www.deryckeverhuur.be\/fr\/#website","url":"https:\/\/www.deryckeverhuur.be\/fr\/","name":"De Rycke Verhuur","description":"","publisher":{"@id":"https:\/\/www.deryckeverhuur.be\/fr\/#organization"},"potentialAction":[{"@type":"SearchAction","target":{"@type":"EntryPoint","urlTemplate":"https:\/\/www.deryckeverhuur.be\/fr\/?s={search_term_string}"},"query-input":{"@type":"PropertyValueSpecification","valueRequired":true,"valueName":"search_term_string"}}],"inLanguage":"fr-FR"},{"@type":"Organization","@id":"https:\/\/www.deryckeverhuur.be\/fr\/#organization","name":"De Rycke Verhuur","url":"https:\/\/www.deryckeverhuur.be\/fr\/","logo":{"@type":"ImageObject","inLanguage":"fr-FR","@id":"https:\/\/www.deryckeverhuur.be\/fr\/#\/schema\/logo\/image\/","url":"https:\/\/www.deryckeverhuur.be\/wp-content\/uploads\/2024\/04\/3f11ca52e320acac5665453f083372b2.png","contentUrl":"https:\/\/www.deryckeverhuur.be\/wp-content\/uploads\/2024\/04\/3f11ca52e320acac5665453f083372b2.png","width":2560,"height":624,"caption":"De Rycke Verhuur"},"image":{"@id":"https:\/\/www.deryckeverhuur.be\/fr\/#\/schema\/logo\/image\/"},"sameAs":["https:\/\/www.facebook.com\/deryckeverhuur\/","https:\/\/www.instagram.com\/deryckeverhuur\/","https:\/\/www.linkedin.com\/company\/de-rycke-verhuur-bvba\/"]}]}},"_links":{"self":[{"href":"https:\/\/www.deryckeverhuur.be\/fr\/wp-json\/wp\/v2\/product\/11696","targetHints":{"allow":["GET"]}}],"collection":[{"href":"https:\/\/www.deryckeverhuur.be\/fr\/wp-json\/wp\/v2\/product"}],"about":[{"href":"https:\/\/www.deryckeverhuur.be\/fr\/wp-json\/wp\/v2\/types\/product"}],"replies":[{"embeddable":true,"href":"https:\/\/www.deryckeverhuur.be\/fr\/wp-json\/wp\/v2\/comments?post=11696"}],"wp:featuredmedia":[{"embeddable":true,"href":"https:\/\/www.deryckeverhuur.be\/fr\/wp-json\/wp\/v2\/media\/9752"}],"wp:attachment":[{"href":"https:\/\/www.deryckeverhuur.be\/fr\/wp-json\/wp\/v2\/media?parent=11696"}],"wp:term":[{"taxonomy":"product_brand","embeddable":true,"href":"https:\/\/www.deryckeverhuur.be\/fr\/wp-json\/wp\/v2\/product_brand?post=11696"},{"taxonomy":"product_cat","embeddable":true,"href":"https:\/\/www.deryckeverhuur.be\/fr\/wp-json\/wp\/v2\/product_cat?post=11696"},{"taxonomy":"product_tag","embeddable":true,"href":"https:\/\/www.deryckeverhuur.be\/fr\/wp-json\/wp\/v2\/product_tag?post=11696"},{"taxonomy":"sector","embeddable":true,"href":"https:\/\/www.deryckeverhuur.be\/fr\/wp-json\/wp\/v2\/sector?post=11696"}],"curies":[{"name":"wp","href":"https:\/\/api.w.org\/{rel}","templated":true}]}}