{"id":11659,"date":"2024-08-01T19:54:28","date_gmt":"2024-08-01T19:54:28","guid":{"rendered":"https:\/\/www.deryckeverhuur.be\/product\/elementensteller\/"},"modified":"2025-08-27T14:34:42","modified_gmt":"2025-08-27T14:34:42","slug":"grue-silico","status":"publish","type":"product","link":"https:\/\/www.deryckeverhuur.be\/fr\/produit\/grue-silico\/","title":{"rendered":"Grue silico"},"content":{"rendered":"<p>La grue silico NK1000-P dispose d&rsquo;une configuration de bras sophistiqu\u00e9e et d&rsquo;une accessibilit\u00e9 large et pr\u00e9cise. Cette grue compacte et maniable, dot\u00e9e de pneus pleins, est facile \u00e0 transporter. Le m\u00e2t extensible hydrauliquement est facile \u00e0 utiliser et pr\u00e9cis. Le pivotement sans fin et sans arr\u00eat permet un travail efficace. L&rsquo;interrupteur de protection du moteur et les pivots n\u00e9cessitant peu d&rsquo;entretien compl\u00e8tent cette mini-grue.<\/p>\n","protected":false},"excerpt":{"rendered":"<p>La grue silico NK1000-P dispose d&rsquo;une configuration de bras sophistiqu\u00e9e et d&rsquo;une accessibilit\u00e9 large et pr\u00e9cise. Cette grue compacte et maniable, dot\u00e9e de pneus pleins, est facile \u00e0 transporter. Le m\u00e2t extensible hydrauliquement est facile \u00e0 utiliser et pr\u00e9cis. Le pivotement sans fin et sans arr\u00eat permet un travail efficace. L&rsquo;interrupteur de protection du moteur [&hellip;]<\/p>\n","protected":false},"featured_media":8968,"comment_status":"open","ping_status":"closed","template":"","meta":{"_acf_changed":false},"product_brand":[],"product_cat":[546,601],"product_tag":[],"sector":[627,624,628],"class_list":{"0":"post-11659","1":"product","2":"type-product","3":"status-publish","4":"has-post-thumbnail","6":"product_cat-materiel-de-levage-et-de-manutention","7":"product_cat-grue-silico","8":"sector-construction-residentielle-et-developpement-de-projets","9":"sector-construction-residentielle-civile-et-non-residentielle","10":"sector-etablissements-de-sante-et-installations-de-loisirs","12":"first","13":"instock","14":"shipping-taxable","15":"product-type-variable","16":"has-default-attributes"},"acf":[],"yoast_head":"<!-- This site is optimized with the Yoast SEO plugin v27.4 - https:\/\/yoast.com\/product\/yoast-seo-wordpress\/ -->\n<title>Grue silico | De Rycke Verhuur<\/title>\n<meta name=\"description\" content=\"La grue silico NK1000-P dispose d&#039;une configuration de bras sophistiqu\u00e9e et d&#039;une accessibilit\u00e9 large et pr\u00e9cise. Cette grue compacte et maniable, dot\u00e9e - De Rycke Verhuur\" \/>\n<meta name=\"robots\" content=\"index, follow, max-snippet:-1, max-image-preview:large, max-video-preview:-1\" \/>\n<link rel=\"canonical\" href=\"https:\/\/www.deryckeverhuur.be\/fr\/produit\/grue-silico\/\" \/>\n<meta property=\"og:locale\" content=\"fr_FR\" \/>\n<meta property=\"og:type\" content=\"article\" \/>\n<meta property=\"og:title\" content=\"Grue silico | De Rycke Verhuur\" \/>\n<meta property=\"og:description\" content=\"La grue silico NK1000-P dispose d&#039;une configuration de bras sophistiqu\u00e9e et d&#039;une accessibilit\u00e9 large et pr\u00e9cise. Cette grue compacte et maniable, dot\u00e9e - De Rycke Verhuur\" \/>\n<meta property=\"og:url\" content=\"https:\/\/www.deryckeverhuur.be\/fr\/produit\/grue-silico\/\" \/>\n<meta property=\"og:site_name\" content=\"De Rycke Verhuur\" \/>\n<meta property=\"article:publisher\" content=\"https:\/\/www.facebook.com\/deryckeverhuur\/\" \/>\n<meta property=\"article:modified_time\" content=\"2025-08-27T14:34:42+00:00\" \/>\n<meta property=\"og:image\" content=\"https:\/\/www.deryckeverhuur.be\/wp-content\/uploads\/2024\/08\/Hijs-en-heftoestellen-Elementensteller.jpg\" \/>\n\t<meta property=\"og:image:width\" content=\"640\" \/>\n\t<meta property=\"og:image:height\" content=\"480\" \/>\n\t<meta property=\"og:image:type\" content=\"image\/jpeg\" \/>\n<meta name=\"twitter:card\" content=\"summary_large_image\" \/>\n<meta name=\"twitter:label1\" content=\"Dur\u00e9e de lecture estim\u00e9e\" \/>\n\t<meta name=\"twitter:data1\" content=\"1 minute\" \/>\n<script type=\"application\/ld+json\" class=\"yoast-schema-graph\">{\"@context\":\"https:\\\/\\\/schema.org\",\"@graph\":[{\"@type\":[\"WebPage\",\"ItemPage\"],\"@id\":\"https:\\\/\\\/www.deryckeverhuur.be\\\/fr\\\/produit\\\/grue-silico\\\/\",\"url\":\"https:\\\/\\\/www.deryckeverhuur.be\\\/fr\\\/produit\\\/grue-silico\\\/\",\"name\":\"Grue silico | De Rycke Verhuur\",\"isPartOf\":{\"@id\":\"https:\\\/\\\/www.deryckeverhuur.be\\\/fr\\\/#website\"},\"primaryImageOfPage\":{\"@id\":\"https:\\\/\\\/www.deryckeverhuur.be\\\/fr\\\/produit\\\/grue-silico\\\/#primaryimage\"},\"image\":{\"@id\":\"https:\\\/\\\/www.deryckeverhuur.be\\\/fr\\\/produit\\\/grue-silico\\\/#primaryimage\"},\"thumbnailUrl\":\"https:\\\/\\\/www.deryckeverhuur.be\\\/wp-content\\\/uploads\\\/2024\\\/08\\\/Hijs-en-heftoestellen-Elementensteller.jpg\",\"datePublished\":\"2024-08-01T19:54:28+00:00\",\"dateModified\":\"2025-08-27T14:34:42+00:00\",\"description\":\"La grue silico NK1000-P dispose d'une configuration de bras sophistiqu\u00e9e et d'une accessibilit\u00e9 large et pr\u00e9cise. Cette grue compacte et maniable, dot\u00e9e - De Rycke Verhuur\",\"breadcrumb\":{\"@id\":\"https:\\\/\\\/www.deryckeverhuur.be\\\/fr\\\/produit\\\/grue-silico\\\/#breadcrumb\"},\"inLanguage\":\"fr-FR\",\"potentialAction\":[{\"@type\":\"ReadAction\",\"target\":[\"https:\\\/\\\/www.deryckeverhuur.be\\\/fr\\\/produit\\\/grue-silico\\\/\"]}]},{\"@type\":\"ImageObject\",\"inLanguage\":\"fr-FR\",\"@id\":\"https:\\\/\\\/www.deryckeverhuur.be\\\/fr\\\/produit\\\/grue-silico\\\/#primaryimage\",\"url\":\"https:\\\/\\\/www.deryckeverhuur.be\\\/wp-content\\\/uploads\\\/2024\\\/08\\\/Hijs-en-heftoestellen-Elementensteller.jpg\",\"contentUrl\":\"https:\\\/\\\/www.deryckeverhuur.be\\\/wp-content\\\/uploads\\\/2024\\\/08\\\/Hijs-en-heftoestellen-Elementensteller.jpg\",\"width\":640,\"height\":480},{\"@type\":\"BreadcrumbList\",\"@id\":\"https:\\\/\\\/www.deryckeverhuur.be\\\/fr\\\/produit\\\/grue-silico\\\/#breadcrumb\",\"itemListElement\":[{\"@type\":\"ListItem\",\"position\":1,\"name\":\"Accueil\",\"item\":\"https:\\\/\\\/www.deryckeverhuur.be\\\/fr\\\/accueil\\\/\"},{\"@type\":\"ListItem\",\"position\":2,\"name\":\"Produits\",\"item\":\"https:\\\/\\\/www.deryckeverhuur.be\\\/fr\\\/shop\\\/\"},{\"@type\":\"ListItem\",\"position\":3,\"name\":\"Grue silico\"}]},{\"@type\":\"WebSite\",\"@id\":\"https:\\\/\\\/www.deryckeverhuur.be\\\/fr\\\/#website\",\"url\":\"https:\\\/\\\/www.deryckeverhuur.be\\\/fr\\\/\",\"name\":\"De Rycke Verhuur\",\"description\":\"\",\"publisher\":{\"@id\":\"https:\\\/\\\/www.deryckeverhuur.be\\\/fr\\\/#organization\"},\"potentialAction\":[{\"@type\":\"SearchAction\",\"target\":{\"@type\":\"EntryPoint\",\"urlTemplate\":\"https:\\\/\\\/www.deryckeverhuur.be\\\/fr\\\/?s={search_term_string}\"},\"query-input\":{\"@type\":\"PropertyValueSpecification\",\"valueRequired\":true,\"valueName\":\"search_term_string\"}}],\"inLanguage\":\"fr-FR\"},{\"@type\":\"Organization\",\"@id\":\"https:\\\/\\\/www.deryckeverhuur.be\\\/fr\\\/#organization\",\"name\":\"De Rycke Verhuur\",\"url\":\"https:\\\/\\\/www.deryckeverhuur.be\\\/fr\\\/\",\"logo\":{\"@type\":\"ImageObject\",\"inLanguage\":\"fr-FR\",\"@id\":\"https:\\\/\\\/www.deryckeverhuur.be\\\/fr\\\/#\\\/schema\\\/logo\\\/image\\\/\",\"url\":\"https:\\\/\\\/www.deryckeverhuur.be\\\/wp-content\\\/uploads\\\/2024\\\/04\\\/3f11ca52e320acac5665453f083372b2.png\",\"contentUrl\":\"https:\\\/\\\/www.deryckeverhuur.be\\\/wp-content\\\/uploads\\\/2024\\\/04\\\/3f11ca52e320acac5665453f083372b2.png\",\"width\":2560,\"height\":624,\"caption\":\"De Rycke Verhuur\"},\"image\":{\"@id\":\"https:\\\/\\\/www.deryckeverhuur.be\\\/fr\\\/#\\\/schema\\\/logo\\\/image\\\/\"},\"sameAs\":[\"https:\\\/\\\/www.facebook.com\\\/deryckeverhuur\\\/\",\"https:\\\/\\\/www.instagram.com\\\/deryckeverhuur\\\/\",\"https:\\\/\\\/www.linkedin.com\\\/company\\\/de-rycke-verhuur-bvba\\\/\"]}]}<\/script>\n<!-- \/ Yoast SEO plugin. -->","yoast_head_json":{"title":"Grue silico | De Rycke Verhuur","description":"La grue silico NK1000-P dispose d'une configuration de bras sophistiqu\u00e9e et d'une accessibilit\u00e9 large et pr\u00e9cise. Cette grue compacte et maniable, dot\u00e9e - De Rycke Verhuur","robots":{"index":"index","follow":"follow","max-snippet":"max-snippet:-1","max-image-preview":"max-image-preview:large","max-video-preview":"max-video-preview:-1"},"canonical":"https:\/\/www.deryckeverhuur.be\/fr\/produit\/grue-silico\/","og_locale":"fr_FR","og_type":"article","og_title":"Grue silico | De Rycke Verhuur","og_description":"La grue silico NK1000-P dispose d'une configuration de bras sophistiqu\u00e9e et d'une accessibilit\u00e9 large et pr\u00e9cise. Cette grue compacte et maniable, dot\u00e9e - De Rycke Verhuur","og_url":"https:\/\/www.deryckeverhuur.be\/fr\/produit\/grue-silico\/","og_site_name":"De Rycke Verhuur","article_publisher":"https:\/\/www.facebook.com\/deryckeverhuur\/","article_modified_time":"2025-08-27T14:34:42+00:00","og_image":[{"width":640,"height":480,"url":"https:\/\/www.deryckeverhuur.be\/wp-content\/uploads\/2024\/08\/Hijs-en-heftoestellen-Elementensteller.jpg","type":"image\/jpeg"}],"twitter_card":"summary_large_image","twitter_misc":{"Dur\u00e9e de lecture estim\u00e9e":"1 minute"},"schema":{"@context":"https:\/\/schema.org","@graph":[{"@type":["WebPage","ItemPage"],"@id":"https:\/\/www.deryckeverhuur.be\/fr\/produit\/grue-silico\/","url":"https:\/\/www.deryckeverhuur.be\/fr\/produit\/grue-silico\/","name":"Grue silico | De Rycke Verhuur","isPartOf":{"@id":"https:\/\/www.deryckeverhuur.be\/fr\/#website"},"primaryImageOfPage":{"@id":"https:\/\/www.deryckeverhuur.be\/fr\/produit\/grue-silico\/#primaryimage"},"image":{"@id":"https:\/\/www.deryckeverhuur.be\/fr\/produit\/grue-silico\/#primaryimage"},"thumbnailUrl":"https:\/\/www.deryckeverhuur.be\/wp-content\/uploads\/2024\/08\/Hijs-en-heftoestellen-Elementensteller.jpg","datePublished":"2024-08-01T19:54:28+00:00","dateModified":"2025-08-27T14:34:42+00:00","description":"La grue silico NK1000-P dispose d'une configuration de bras sophistiqu\u00e9e et d'une accessibilit\u00e9 large et pr\u00e9cise. Cette grue compacte et maniable, dot\u00e9e - De Rycke Verhuur","breadcrumb":{"@id":"https:\/\/www.deryckeverhuur.be\/fr\/produit\/grue-silico\/#breadcrumb"},"inLanguage":"fr-FR","potentialAction":[{"@type":"ReadAction","target":["https:\/\/www.deryckeverhuur.be\/fr\/produit\/grue-silico\/"]}]},{"@type":"ImageObject","inLanguage":"fr-FR","@id":"https:\/\/www.deryckeverhuur.be\/fr\/produit\/grue-silico\/#primaryimage","url":"https:\/\/www.deryckeverhuur.be\/wp-content\/uploads\/2024\/08\/Hijs-en-heftoestellen-Elementensteller.jpg","contentUrl":"https:\/\/www.deryckeverhuur.be\/wp-content\/uploads\/2024\/08\/Hijs-en-heftoestellen-Elementensteller.jpg","width":640,"height":480},{"@type":"BreadcrumbList","@id":"https:\/\/www.deryckeverhuur.be\/fr\/produit\/grue-silico\/#breadcrumb","itemListElement":[{"@type":"ListItem","position":1,"name":"Accueil","item":"https:\/\/www.deryckeverhuur.be\/fr\/accueil\/"},{"@type":"ListItem","position":2,"name":"Produits","item":"https:\/\/www.deryckeverhuur.be\/fr\/shop\/"},{"@type":"ListItem","position":3,"name":"Grue silico"}]},{"@type":"WebSite","@id":"https:\/\/www.deryckeverhuur.be\/fr\/#website","url":"https:\/\/www.deryckeverhuur.be\/fr\/","name":"De Rycke Verhuur","description":"","publisher":{"@id":"https:\/\/www.deryckeverhuur.be\/fr\/#organization"},"potentialAction":[{"@type":"SearchAction","target":{"@type":"EntryPoint","urlTemplate":"https:\/\/www.deryckeverhuur.be\/fr\/?s={search_term_string}"},"query-input":{"@type":"PropertyValueSpecification","valueRequired":true,"valueName":"search_term_string"}}],"inLanguage":"fr-FR"},{"@type":"Organization","@id":"https:\/\/www.deryckeverhuur.be\/fr\/#organization","name":"De Rycke Verhuur","url":"https:\/\/www.deryckeverhuur.be\/fr\/","logo":{"@type":"ImageObject","inLanguage":"fr-FR","@id":"https:\/\/www.deryckeverhuur.be\/fr\/#\/schema\/logo\/image\/","url":"https:\/\/www.deryckeverhuur.be\/wp-content\/uploads\/2024\/04\/3f11ca52e320acac5665453f083372b2.png","contentUrl":"https:\/\/www.deryckeverhuur.be\/wp-content\/uploads\/2024\/04\/3f11ca52e320acac5665453f083372b2.png","width":2560,"height":624,"caption":"De Rycke Verhuur"},"image":{"@id":"https:\/\/www.deryckeverhuur.be\/fr\/#\/schema\/logo\/image\/"},"sameAs":["https:\/\/www.facebook.com\/deryckeverhuur\/","https:\/\/www.instagram.com\/deryckeverhuur\/","https:\/\/www.linkedin.com\/company\/de-rycke-verhuur-bvba\/"]}]}},"_links":{"self":[{"href":"https:\/\/www.deryckeverhuur.be\/fr\/wp-json\/wp\/v2\/product\/11659","targetHints":{"allow":["GET"]}}],"collection":[{"href":"https:\/\/www.deryckeverhuur.be\/fr\/wp-json\/wp\/v2\/product"}],"about":[{"href":"https:\/\/www.deryckeverhuur.be\/fr\/wp-json\/wp\/v2\/types\/product"}],"replies":[{"embeddable":true,"href":"https:\/\/www.deryckeverhuur.be\/fr\/wp-json\/wp\/v2\/comments?post=11659"}],"wp:featuredmedia":[{"embeddable":true,"href":"https:\/\/www.deryckeverhuur.be\/fr\/wp-json\/wp\/v2\/media\/8968"}],"wp:attachment":[{"href":"https:\/\/www.deryckeverhuur.be\/fr\/wp-json\/wp\/v2\/media?parent=11659"}],"wp:term":[{"taxonomy":"product_brand","embeddable":true,"href":"https:\/\/www.deryckeverhuur.be\/fr\/wp-json\/wp\/v2\/product_brand?post=11659"},{"taxonomy":"product_cat","embeddable":true,"href":"https:\/\/www.deryckeverhuur.be\/fr\/wp-json\/wp\/v2\/product_cat?post=11659"},{"taxonomy":"product_tag","embeddable":true,"href":"https:\/\/www.deryckeverhuur.be\/fr\/wp-json\/wp\/v2\/product_tag?post=11659"},{"taxonomy":"sector","embeddable":true,"href":"https:\/\/www.deryckeverhuur.be\/fr\/wp-json\/wp\/v2\/sector?post=11659"}],"curies":[{"name":"wp","href":"https:\/\/api.w.org\/{rel}","templated":true}]}}