{"id":11611,"date":"2024-08-01T20:08:26","date_gmt":"2024-08-01T20:08:26","guid":{"rendered":"https:\/\/www.deryckeverhuur.be\/product\/hoogwerker-elektrisch-knik\/"},"modified":"2025-08-27T14:52:20","modified_gmt":"2025-08-27T14:52:20","slug":"nacelle-articulee-electrique","status":"publish","type":"product","link":"https:\/\/www.deryckeverhuur.be\/fr\/produit\/nacelle-articulee-electrique\/","title":{"rendered":"Nacelle articul\u00e9e \u00e9lectrique"},"content":{"rendered":"<p>La nacelle articul\u00e9e \u00e9lectrique combine la port\u00e9e avec une certaine hauteur articul\u00e9e, ce qui permet d&rsquo;atteindre tr\u00e8s facilement les zones difficiles d&rsquo;acc\u00e8s. Vous pouvez d\u00e9placer les nacelles articul\u00e9s avec la plate-forme \u00e0 pleine hauteur. Cela permet de travailler plus efficacement et de gagner beaucoup de temps. Gr\u00e2ce \u00e0 leur moteur \u00e9lectrique, ces engins ne produisent pas d&rsquo;\u00e9missions et sont tr\u00e8s silencieux.<\/p>\n","protected":false},"excerpt":{"rendered":"<p>La nacelle articul\u00e9e \u00e9lectrique combine la port\u00e9e avec une certaine hauteur articul\u00e9e, ce qui permet d&rsquo;atteindre tr\u00e8s facilement les zones difficiles d&rsquo;acc\u00e8s. Vous pouvez d\u00e9placer les nacelles articul\u00e9s avec la plate-forme \u00e0 pleine hauteur. Cela permet de travailler plus efficacement et de gagner beaucoup de temps. Gr\u00e2ce \u00e0 leur moteur \u00e9lectrique, ces engins ne produisent [&hellip;]<\/p>\n","protected":false},"featured_media":9670,"comment_status":"open","ping_status":"closed","template":"","meta":{"_acf_changed":false},"product_brand":[],"product_cat":[593,549],"product_tag":[],"sector":[612,611,626,627,624,619,628,622,623,613],"class_list":{"0":"post-11611","1":"product","2":"type-product","3":"status-publish","4":"has-post-thumbnail","6":"product_cat-nacelles-articulees","7":"product_cat-travail-en-hauteur","8":"sector-chimie","9":"sector-chimie-et-ports","10":"sector-construction-de-commerces-de-detail-dindustrie-et-dentrepots","11":"sector-construction-residentielle-et-developpement-de-projets","12":"sector-construction-residentielle-civile-et-non-residentielle","13":"sector-entreprises-dinstallation-et-de-finitions","14":"sector-etablissements-de-sante-et-installations-de-loisirs","15":"sector-hvac-fr","16":"sector-interieur-fr","17":"sector-ports","19":"first","20":"instock","21":"shipping-taxable","22":"product-type-variable","23":"has-default-attributes"},"acf":[],"yoast_head":"<!-- This site is optimized with the Yoast SEO plugin v27.4 - https:\/\/yoast.com\/product\/yoast-seo-wordpress\/ -->\n<title>Nacelle articul\u00e9e \u00e9lectrique | De Rycke Verhuur<\/title>\n<meta name=\"description\" content=\"La nacelle articul\u00e9e \u00e9lectrique combine la port\u00e9e avec une certaine hauteur articul\u00e9e, ce qui permet d&#039;atteindre tr\u00e8s facilement les zones difficiles - De Rycke Verhuur\" \/>\n<meta name=\"robots\" content=\"index, follow, max-snippet:-1, max-image-preview:large, max-video-preview:-1\" \/>\n<link rel=\"canonical\" href=\"https:\/\/www.deryckeverhuur.be\/fr\/produit\/nacelle-articulee-electrique\/\" \/>\n<meta property=\"og:locale\" content=\"fr_FR\" \/>\n<meta property=\"og:type\" content=\"article\" \/>\n<meta property=\"og:title\" content=\"Nacelle articul\u00e9e \u00e9lectrique | De Rycke Verhuur\" \/>\n<meta property=\"og:description\" content=\"La nacelle articul\u00e9e \u00e9lectrique combine la port\u00e9e avec une certaine hauteur articul\u00e9e, ce qui permet d&#039;atteindre tr\u00e8s facilement les zones difficiles - De Rycke Verhuur\" \/>\n<meta property=\"og:url\" content=\"https:\/\/www.deryckeverhuur.be\/fr\/produit\/nacelle-articulee-electrique\/\" \/>\n<meta property=\"og:site_name\" content=\"De Rycke Verhuur\" \/>\n<meta property=\"article:publisher\" content=\"https:\/\/www.facebook.com\/deryckeverhuur\/\" \/>\n<meta property=\"article:modified_time\" content=\"2025-08-27T14:52:20+00:00\" \/>\n<meta property=\"og:image\" content=\"https:\/\/www.deryckeverhuur.be\/wp-content\/uploads\/2024\/08\/Product-Image-Werken-op-hoogte-Elektrisch-knik-De-Rycke-Verhuur.jpg\" \/>\n\t<meta property=\"og:image:width\" content=\"1440\" \/>\n\t<meta property=\"og:image:height\" content=\"960\" \/>\n\t<meta property=\"og:image:type\" content=\"image\/jpeg\" \/>\n<meta name=\"twitter:card\" content=\"summary_large_image\" \/>\n<meta name=\"twitter:label1\" content=\"Dur\u00e9e de lecture estim\u00e9e\" \/>\n\t<meta name=\"twitter:data1\" content=\"1 minute\" \/>\n<script type=\"application\/ld+json\" class=\"yoast-schema-graph\">{\"@context\":\"https:\\\/\\\/schema.org\",\"@graph\":[{\"@type\":[\"WebPage\",\"ItemPage\"],\"@id\":\"https:\\\/\\\/www.deryckeverhuur.be\\\/fr\\\/produit\\\/nacelle-articulee-electrique\\\/\",\"url\":\"https:\\\/\\\/www.deryckeverhuur.be\\\/fr\\\/produit\\\/nacelle-articulee-electrique\\\/\",\"name\":\"Nacelle articul\u00e9e \u00e9lectrique | De Rycke Verhuur\",\"isPartOf\":{\"@id\":\"https:\\\/\\\/www.deryckeverhuur.be\\\/fr\\\/#website\"},\"primaryImageOfPage\":{\"@id\":\"https:\\\/\\\/www.deryckeverhuur.be\\\/fr\\\/produit\\\/nacelle-articulee-electrique\\\/#primaryimage\"},\"image\":{\"@id\":\"https:\\\/\\\/www.deryckeverhuur.be\\\/fr\\\/produit\\\/nacelle-articulee-electrique\\\/#primaryimage\"},\"thumbnailUrl\":\"https:\\\/\\\/www.deryckeverhuur.be\\\/wp-content\\\/uploads\\\/2024\\\/08\\\/Product-Image-Werken-op-hoogte-Elektrisch-knik-De-Rycke-Verhuur.jpg\",\"datePublished\":\"2024-08-01T20:08:26+00:00\",\"dateModified\":\"2025-08-27T14:52:20+00:00\",\"description\":\"La nacelle articul\u00e9e \u00e9lectrique combine la port\u00e9e avec une certaine hauteur articul\u00e9e, ce qui permet d'atteindre tr\u00e8s facilement les zones difficiles - De Rycke Verhuur\",\"breadcrumb\":{\"@id\":\"https:\\\/\\\/www.deryckeverhuur.be\\\/fr\\\/produit\\\/nacelle-articulee-electrique\\\/#breadcrumb\"},\"inLanguage\":\"fr-FR\",\"potentialAction\":[{\"@type\":\"ReadAction\",\"target\":[\"https:\\\/\\\/www.deryckeverhuur.be\\\/fr\\\/produit\\\/nacelle-articulee-electrique\\\/\"]}]},{\"@type\":\"ImageObject\",\"inLanguage\":\"fr-FR\",\"@id\":\"https:\\\/\\\/www.deryckeverhuur.be\\\/fr\\\/produit\\\/nacelle-articulee-electrique\\\/#primaryimage\",\"url\":\"https:\\\/\\\/www.deryckeverhuur.be\\\/wp-content\\\/uploads\\\/2024\\\/08\\\/Product-Image-Werken-op-hoogte-Elektrisch-knik-De-Rycke-Verhuur.jpg\",\"contentUrl\":\"https:\\\/\\\/www.deryckeverhuur.be\\\/wp-content\\\/uploads\\\/2024\\\/08\\\/Product-Image-Werken-op-hoogte-Elektrisch-knik-De-Rycke-Verhuur.jpg\",\"width\":1440,\"height\":960},{\"@type\":\"BreadcrumbList\",\"@id\":\"https:\\\/\\\/www.deryckeverhuur.be\\\/fr\\\/produit\\\/nacelle-articulee-electrique\\\/#breadcrumb\",\"itemListElement\":[{\"@type\":\"ListItem\",\"position\":1,\"name\":\"Accueil\",\"item\":\"https:\\\/\\\/www.deryckeverhuur.be\\\/fr\\\/accueil\\\/\"},{\"@type\":\"ListItem\",\"position\":2,\"name\":\"Produits\",\"item\":\"https:\\\/\\\/www.deryckeverhuur.be\\\/fr\\\/shop\\\/\"},{\"@type\":\"ListItem\",\"position\":3,\"name\":\"Nacelle articul\u00e9e \u00e9lectrique\"}]},{\"@type\":\"WebSite\",\"@id\":\"https:\\\/\\\/www.deryckeverhuur.be\\\/fr\\\/#website\",\"url\":\"https:\\\/\\\/www.deryckeverhuur.be\\\/fr\\\/\",\"name\":\"De Rycke Verhuur\",\"description\":\"\",\"publisher\":{\"@id\":\"https:\\\/\\\/www.deryckeverhuur.be\\\/fr\\\/#organization\"},\"potentialAction\":[{\"@type\":\"SearchAction\",\"target\":{\"@type\":\"EntryPoint\",\"urlTemplate\":\"https:\\\/\\\/www.deryckeverhuur.be\\\/fr\\\/?s={search_term_string}\"},\"query-input\":{\"@type\":\"PropertyValueSpecification\",\"valueRequired\":true,\"valueName\":\"search_term_string\"}}],\"inLanguage\":\"fr-FR\"},{\"@type\":\"Organization\",\"@id\":\"https:\\\/\\\/www.deryckeverhuur.be\\\/fr\\\/#organization\",\"name\":\"De Rycke Verhuur\",\"url\":\"https:\\\/\\\/www.deryckeverhuur.be\\\/fr\\\/\",\"logo\":{\"@type\":\"ImageObject\",\"inLanguage\":\"fr-FR\",\"@id\":\"https:\\\/\\\/www.deryckeverhuur.be\\\/fr\\\/#\\\/schema\\\/logo\\\/image\\\/\",\"url\":\"https:\\\/\\\/www.deryckeverhuur.be\\\/wp-content\\\/uploads\\\/2024\\\/04\\\/3f11ca52e320acac5665453f083372b2.png\",\"contentUrl\":\"https:\\\/\\\/www.deryckeverhuur.be\\\/wp-content\\\/uploads\\\/2024\\\/04\\\/3f11ca52e320acac5665453f083372b2.png\",\"width\":2560,\"height\":624,\"caption\":\"De Rycke Verhuur\"},\"image\":{\"@id\":\"https:\\\/\\\/www.deryckeverhuur.be\\\/fr\\\/#\\\/schema\\\/logo\\\/image\\\/\"},\"sameAs\":[\"https:\\\/\\\/www.facebook.com\\\/deryckeverhuur\\\/\",\"https:\\\/\\\/www.instagram.com\\\/deryckeverhuur\\\/\",\"https:\\\/\\\/www.linkedin.com\\\/company\\\/de-rycke-verhuur-bvba\\\/\"]}]}<\/script>\n<!-- \/ Yoast SEO plugin. -->","yoast_head_json":{"title":"Nacelle articul\u00e9e \u00e9lectrique | De Rycke Verhuur","description":"La nacelle articul\u00e9e \u00e9lectrique combine la port\u00e9e avec une certaine hauteur articul\u00e9e, ce qui permet d'atteindre tr\u00e8s facilement les zones difficiles - De Rycke Verhuur","robots":{"index":"index","follow":"follow","max-snippet":"max-snippet:-1","max-image-preview":"max-image-preview:large","max-video-preview":"max-video-preview:-1"},"canonical":"https:\/\/www.deryckeverhuur.be\/fr\/produit\/nacelle-articulee-electrique\/","og_locale":"fr_FR","og_type":"article","og_title":"Nacelle articul\u00e9e \u00e9lectrique | De Rycke Verhuur","og_description":"La nacelle articul\u00e9e \u00e9lectrique combine la port\u00e9e avec une certaine hauteur articul\u00e9e, ce qui permet d'atteindre tr\u00e8s facilement les zones difficiles - De Rycke Verhuur","og_url":"https:\/\/www.deryckeverhuur.be\/fr\/produit\/nacelle-articulee-electrique\/","og_site_name":"De Rycke Verhuur","article_publisher":"https:\/\/www.facebook.com\/deryckeverhuur\/","article_modified_time":"2025-08-27T14:52:20+00:00","og_image":[{"width":1440,"height":960,"url":"https:\/\/www.deryckeverhuur.be\/wp-content\/uploads\/2024\/08\/Product-Image-Werken-op-hoogte-Elektrisch-knik-De-Rycke-Verhuur.jpg","type":"image\/jpeg"}],"twitter_card":"summary_large_image","twitter_misc":{"Dur\u00e9e de lecture estim\u00e9e":"1 minute"},"schema":{"@context":"https:\/\/schema.org","@graph":[{"@type":["WebPage","ItemPage"],"@id":"https:\/\/www.deryckeverhuur.be\/fr\/produit\/nacelle-articulee-electrique\/","url":"https:\/\/www.deryckeverhuur.be\/fr\/produit\/nacelle-articulee-electrique\/","name":"Nacelle articul\u00e9e \u00e9lectrique | De Rycke Verhuur","isPartOf":{"@id":"https:\/\/www.deryckeverhuur.be\/fr\/#website"},"primaryImageOfPage":{"@id":"https:\/\/www.deryckeverhuur.be\/fr\/produit\/nacelle-articulee-electrique\/#primaryimage"},"image":{"@id":"https:\/\/www.deryckeverhuur.be\/fr\/produit\/nacelle-articulee-electrique\/#primaryimage"},"thumbnailUrl":"https:\/\/www.deryckeverhuur.be\/wp-content\/uploads\/2024\/08\/Product-Image-Werken-op-hoogte-Elektrisch-knik-De-Rycke-Verhuur.jpg","datePublished":"2024-08-01T20:08:26+00:00","dateModified":"2025-08-27T14:52:20+00:00","description":"La nacelle articul\u00e9e \u00e9lectrique combine la port\u00e9e avec une certaine hauteur articul\u00e9e, ce qui permet d'atteindre tr\u00e8s facilement les zones difficiles - De Rycke Verhuur","breadcrumb":{"@id":"https:\/\/www.deryckeverhuur.be\/fr\/produit\/nacelle-articulee-electrique\/#breadcrumb"},"inLanguage":"fr-FR","potentialAction":[{"@type":"ReadAction","target":["https:\/\/www.deryckeverhuur.be\/fr\/produit\/nacelle-articulee-electrique\/"]}]},{"@type":"ImageObject","inLanguage":"fr-FR","@id":"https:\/\/www.deryckeverhuur.be\/fr\/produit\/nacelle-articulee-electrique\/#primaryimage","url":"https:\/\/www.deryckeverhuur.be\/wp-content\/uploads\/2024\/08\/Product-Image-Werken-op-hoogte-Elektrisch-knik-De-Rycke-Verhuur.jpg","contentUrl":"https:\/\/www.deryckeverhuur.be\/wp-content\/uploads\/2024\/08\/Product-Image-Werken-op-hoogte-Elektrisch-knik-De-Rycke-Verhuur.jpg","width":1440,"height":960},{"@type":"BreadcrumbList","@id":"https:\/\/www.deryckeverhuur.be\/fr\/produit\/nacelle-articulee-electrique\/#breadcrumb","itemListElement":[{"@type":"ListItem","position":1,"name":"Accueil","item":"https:\/\/www.deryckeverhuur.be\/fr\/accueil\/"},{"@type":"ListItem","position":2,"name":"Produits","item":"https:\/\/www.deryckeverhuur.be\/fr\/shop\/"},{"@type":"ListItem","position":3,"name":"Nacelle articul\u00e9e \u00e9lectrique"}]},{"@type":"WebSite","@id":"https:\/\/www.deryckeverhuur.be\/fr\/#website","url":"https:\/\/www.deryckeverhuur.be\/fr\/","name":"De Rycke Verhuur","description":"","publisher":{"@id":"https:\/\/www.deryckeverhuur.be\/fr\/#organization"},"potentialAction":[{"@type":"SearchAction","target":{"@type":"EntryPoint","urlTemplate":"https:\/\/www.deryckeverhuur.be\/fr\/?s={search_term_string}"},"query-input":{"@type":"PropertyValueSpecification","valueRequired":true,"valueName":"search_term_string"}}],"inLanguage":"fr-FR"},{"@type":"Organization","@id":"https:\/\/www.deryckeverhuur.be\/fr\/#organization","name":"De Rycke Verhuur","url":"https:\/\/www.deryckeverhuur.be\/fr\/","logo":{"@type":"ImageObject","inLanguage":"fr-FR","@id":"https:\/\/www.deryckeverhuur.be\/fr\/#\/schema\/logo\/image\/","url":"https:\/\/www.deryckeverhuur.be\/wp-content\/uploads\/2024\/04\/3f11ca52e320acac5665453f083372b2.png","contentUrl":"https:\/\/www.deryckeverhuur.be\/wp-content\/uploads\/2024\/04\/3f11ca52e320acac5665453f083372b2.png","width":2560,"height":624,"caption":"De Rycke Verhuur"},"image":{"@id":"https:\/\/www.deryckeverhuur.be\/fr\/#\/schema\/logo\/image\/"},"sameAs":["https:\/\/www.facebook.com\/deryckeverhuur\/","https:\/\/www.instagram.com\/deryckeverhuur\/","https:\/\/www.linkedin.com\/company\/de-rycke-verhuur-bvba\/"]}]}},"_links":{"self":[{"href":"https:\/\/www.deryckeverhuur.be\/fr\/wp-json\/wp\/v2\/product\/11611","targetHints":{"allow":["GET"]}}],"collection":[{"href":"https:\/\/www.deryckeverhuur.be\/fr\/wp-json\/wp\/v2\/product"}],"about":[{"href":"https:\/\/www.deryckeverhuur.be\/fr\/wp-json\/wp\/v2\/types\/product"}],"replies":[{"embeddable":true,"href":"https:\/\/www.deryckeverhuur.be\/fr\/wp-json\/wp\/v2\/comments?post=11611"}],"wp:featuredmedia":[{"embeddable":true,"href":"https:\/\/www.deryckeverhuur.be\/fr\/wp-json\/wp\/v2\/media\/9670"}],"wp:attachment":[{"href":"https:\/\/www.deryckeverhuur.be\/fr\/wp-json\/wp\/v2\/media?parent=11611"}],"wp:term":[{"taxonomy":"product_brand","embeddable":true,"href":"https:\/\/www.deryckeverhuur.be\/fr\/wp-json\/wp\/v2\/product_brand?post=11611"},{"taxonomy":"product_cat","embeddable":true,"href":"https:\/\/www.deryckeverhuur.be\/fr\/wp-json\/wp\/v2\/product_cat?post=11611"},{"taxonomy":"product_tag","embeddable":true,"href":"https:\/\/www.deryckeverhuur.be\/fr\/wp-json\/wp\/v2\/product_tag?post=11611"},{"taxonomy":"sector","embeddable":true,"href":"https:\/\/www.deryckeverhuur.be\/fr\/wp-json\/wp\/v2\/sector?post=11611"}],"curies":[{"name":"wp","href":"https:\/\/api.w.org\/{rel}","templated":true}]}}