{"id":11480,"date":"2024-10-15T14:08:31","date_gmt":"2024-10-15T14:08:31","guid":{"rendered":"https:\/\/www.deryckeverhuur.be\/product\/hoogwerker-elektrisch-verticaal-op-rupsen\/"},"modified":"2025-06-25T17:25:38","modified_gmt":"2025-06-25T17:25:38","slug":"nacelle-verticale-electrique-sur-chenilles","status":"publish","type":"product","link":"https:\/\/www.deryckeverhuur.be\/fr\/produit\/nacelle-verticale-electrique-sur-chenilles\/","title":{"rendered":"Nacelle verticale \u00e9lectrique sur chenilles"},"content":{"rendered":"<p>Avec un \u00e9l\u00e9vateur \u00e0 m\u00e2t vertical, on est soulev\u00e9 verticalement jusqu&rsquo;\u00e0 une certaine hauteur de travail.<\/p>\n","protected":false},"excerpt":{"rendered":"<p>Avec un \u00e9l\u00e9vateur \u00e0 m\u00e2t vertical, on est soulev\u00e9 verticalement jusqu&rsquo;\u00e0 une certaine hauteur de travail.<\/p>\n","protected":false},"featured_media":9410,"comment_status":"open","ping_status":"closed","template":"","meta":{"_acf_changed":false},"product_brand":[],"product_cat":[594,585,549],"product_tag":[],"sector":[612,611,626,627,624,619,628,622,623,613],"class_list":{"0":"post-11480","1":"product","2":"type-product","3":"status-publish","4":"has-post-thumbnail","6":"product_cat-nacelles-telescopiques","7":"product_cat-nacelles-telescopiques-sur-chenilles","8":"product_cat-travail-en-hauteur","9":"sector-chimie","10":"sector-chimie-et-ports","11":"sector-construction-de-commerces-de-detail-dindustrie-et-dentrepots","12":"sector-construction-residentielle-et-developpement-de-projets","13":"sector-construction-residentielle-civile-et-non-residentielle","14":"sector-entreprises-dinstallation-et-de-finitions","15":"sector-etablissements-de-sante-et-installations-de-loisirs","16":"sector-hvac-fr","17":"sector-interieur-fr","18":"sector-ports","20":"first","21":"instock","22":"shipping-taxable","23":"product-type-variable","24":"has-default-attributes"},"acf":[],"yoast_head":"<!-- This site is optimized with the Yoast SEO plugin v27.4 - https:\/\/yoast.com\/product\/yoast-seo-wordpress\/ -->\n<title>Nacelle verticale \u00e9lectrique sur chenilles | De Rycke Verhuur<\/title>\n<meta name=\"description\" content=\"Avec un \u00e9l\u00e9vateur \u00e0 m\u00e2t vertical, on est soulev\u00e9 verticalement jusqu&#039;\u00e0 une certaine hauteur de travail. - De Rycke Verhuur\" \/>\n<meta name=\"robots\" content=\"index, follow, max-snippet:-1, max-image-preview:large, max-video-preview:-1\" \/>\n<link rel=\"canonical\" href=\"https:\/\/www.deryckeverhuur.be\/fr\/produit\/nacelle-verticale-electrique-sur-chenilles\/\" \/>\n<meta property=\"og:locale\" content=\"fr_FR\" \/>\n<meta property=\"og:type\" content=\"article\" \/>\n<meta property=\"og:title\" content=\"Nacelle verticale \u00e9lectrique sur chenilles | De Rycke Verhuur\" \/>\n<meta property=\"og:description\" content=\"Avec un \u00e9l\u00e9vateur \u00e0 m\u00e2t vertical, on est soulev\u00e9 verticalement jusqu&#039;\u00e0 une certaine hauteur de travail. - De Rycke Verhuur\" \/>\n<meta property=\"og:url\" content=\"https:\/\/www.deryckeverhuur.be\/fr\/produit\/nacelle-verticale-electrique-sur-chenilles\/\" \/>\n<meta property=\"og:site_name\" content=\"De Rycke Verhuur\" \/>\n<meta property=\"article:publisher\" content=\"https:\/\/www.facebook.com\/deryckeverhuur\/\" \/>\n<meta property=\"article:modified_time\" content=\"2025-06-25T17:25:38+00:00\" \/>\n<meta property=\"og:image\" content=\"https:\/\/www.deryckeverhuur.be\/wp-content\/uploads\/2024\/10\/PIAF-1010-Werken-op-hoogte-Verticaal-op-rups-De-Rycke-Verhuur.jpg\" \/>\n\t<meta property=\"og:image:width\" content=\"1440\" \/>\n\t<meta property=\"og:image:height\" content=\"960\" \/>\n\t<meta property=\"og:image:type\" content=\"image\/jpeg\" \/>\n<meta name=\"twitter:card\" content=\"summary_large_image\" \/>\n<meta name=\"twitter:label1\" content=\"Dur\u00e9e de lecture estim\u00e9e\" \/>\n\t<meta name=\"twitter:data1\" content=\"1 minute\" \/>\n<script type=\"application\/ld+json\" class=\"yoast-schema-graph\">{\"@context\":\"https:\\\/\\\/schema.org\",\"@graph\":[{\"@type\":[\"WebPage\",\"ItemPage\"],\"@id\":\"https:\\\/\\\/www.deryckeverhuur.be\\\/fr\\\/produit\\\/nacelle-verticale-electrique-sur-chenilles\\\/\",\"url\":\"https:\\\/\\\/www.deryckeverhuur.be\\\/fr\\\/produit\\\/nacelle-verticale-electrique-sur-chenilles\\\/\",\"name\":\"Nacelle verticale \u00e9lectrique sur chenilles | De Rycke Verhuur\",\"isPartOf\":{\"@id\":\"https:\\\/\\\/www.deryckeverhuur.be\\\/fr\\\/#website\"},\"primaryImageOfPage\":{\"@id\":\"https:\\\/\\\/www.deryckeverhuur.be\\\/fr\\\/produit\\\/nacelle-verticale-electrique-sur-chenilles\\\/#primaryimage\"},\"image\":{\"@id\":\"https:\\\/\\\/www.deryckeverhuur.be\\\/fr\\\/produit\\\/nacelle-verticale-electrique-sur-chenilles\\\/#primaryimage\"},\"thumbnailUrl\":\"https:\\\/\\\/www.deryckeverhuur.be\\\/wp-content\\\/uploads\\\/2024\\\/10\\\/PIAF-1010-Werken-op-hoogte-Verticaal-op-rups-De-Rycke-Verhuur.jpg\",\"datePublished\":\"2024-10-15T14:08:31+00:00\",\"dateModified\":\"2025-06-25T17:25:38+00:00\",\"description\":\"Avec un \u00e9l\u00e9vateur \u00e0 m\u00e2t vertical, on est soulev\u00e9 verticalement jusqu'\u00e0 une certaine hauteur de travail. - De Rycke Verhuur\",\"breadcrumb\":{\"@id\":\"https:\\\/\\\/www.deryckeverhuur.be\\\/fr\\\/produit\\\/nacelle-verticale-electrique-sur-chenilles\\\/#breadcrumb\"},\"inLanguage\":\"fr-FR\",\"potentialAction\":[{\"@type\":\"ReadAction\",\"target\":[\"https:\\\/\\\/www.deryckeverhuur.be\\\/fr\\\/produit\\\/nacelle-verticale-electrique-sur-chenilles\\\/\"]}]},{\"@type\":\"ImageObject\",\"inLanguage\":\"fr-FR\",\"@id\":\"https:\\\/\\\/www.deryckeverhuur.be\\\/fr\\\/produit\\\/nacelle-verticale-electrique-sur-chenilles\\\/#primaryimage\",\"url\":\"https:\\\/\\\/www.deryckeverhuur.be\\\/wp-content\\\/uploads\\\/2024\\\/10\\\/PIAF-1010-Werken-op-hoogte-Verticaal-op-rups-De-Rycke-Verhuur.jpg\",\"contentUrl\":\"https:\\\/\\\/www.deryckeverhuur.be\\\/wp-content\\\/uploads\\\/2024\\\/10\\\/PIAF-1010-Werken-op-hoogte-Verticaal-op-rups-De-Rycke-Verhuur.jpg\",\"width\":1440,\"height\":960},{\"@type\":\"BreadcrumbList\",\"@id\":\"https:\\\/\\\/www.deryckeverhuur.be\\\/fr\\\/produit\\\/nacelle-verticale-electrique-sur-chenilles\\\/#breadcrumb\",\"itemListElement\":[{\"@type\":\"ListItem\",\"position\":1,\"name\":\"Accueil\",\"item\":\"https:\\\/\\\/www.deryckeverhuur.be\\\/fr\\\/accueil\\\/\"},{\"@type\":\"ListItem\",\"position\":2,\"name\":\"Produits\",\"item\":\"https:\\\/\\\/www.deryckeverhuur.be\\\/fr\\\/shop\\\/\"},{\"@type\":\"ListItem\",\"position\":3,\"name\":\"Nacelle verticale \u00e9lectrique sur chenilles\"}]},{\"@type\":\"WebSite\",\"@id\":\"https:\\\/\\\/www.deryckeverhuur.be\\\/fr\\\/#website\",\"url\":\"https:\\\/\\\/www.deryckeverhuur.be\\\/fr\\\/\",\"name\":\"De Rycke Verhuur\",\"description\":\"\",\"publisher\":{\"@id\":\"https:\\\/\\\/www.deryckeverhuur.be\\\/fr\\\/#organization\"},\"potentialAction\":[{\"@type\":\"SearchAction\",\"target\":{\"@type\":\"EntryPoint\",\"urlTemplate\":\"https:\\\/\\\/www.deryckeverhuur.be\\\/fr\\\/?s={search_term_string}\"},\"query-input\":{\"@type\":\"PropertyValueSpecification\",\"valueRequired\":true,\"valueName\":\"search_term_string\"}}],\"inLanguage\":\"fr-FR\"},{\"@type\":\"Organization\",\"@id\":\"https:\\\/\\\/www.deryckeverhuur.be\\\/fr\\\/#organization\",\"name\":\"De Rycke Verhuur\",\"url\":\"https:\\\/\\\/www.deryckeverhuur.be\\\/fr\\\/\",\"logo\":{\"@type\":\"ImageObject\",\"inLanguage\":\"fr-FR\",\"@id\":\"https:\\\/\\\/www.deryckeverhuur.be\\\/fr\\\/#\\\/schema\\\/logo\\\/image\\\/\",\"url\":\"https:\\\/\\\/www.deryckeverhuur.be\\\/wp-content\\\/uploads\\\/2024\\\/04\\\/3f11ca52e320acac5665453f083372b2.png\",\"contentUrl\":\"https:\\\/\\\/www.deryckeverhuur.be\\\/wp-content\\\/uploads\\\/2024\\\/04\\\/3f11ca52e320acac5665453f083372b2.png\",\"width\":2560,\"height\":624,\"caption\":\"De Rycke Verhuur\"},\"image\":{\"@id\":\"https:\\\/\\\/www.deryckeverhuur.be\\\/fr\\\/#\\\/schema\\\/logo\\\/image\\\/\"},\"sameAs\":[\"https:\\\/\\\/www.facebook.com\\\/deryckeverhuur\\\/\",\"https:\\\/\\\/www.instagram.com\\\/deryckeverhuur\\\/\",\"https:\\\/\\\/www.linkedin.com\\\/company\\\/de-rycke-verhuur-bvba\\\/\"]}]}<\/script>\n<!-- \/ Yoast SEO plugin. -->","yoast_head_json":{"title":"Nacelle verticale \u00e9lectrique sur chenilles | De Rycke Verhuur","description":"Avec un \u00e9l\u00e9vateur \u00e0 m\u00e2t vertical, on est soulev\u00e9 verticalement jusqu'\u00e0 une certaine hauteur de travail. - De Rycke Verhuur","robots":{"index":"index","follow":"follow","max-snippet":"max-snippet:-1","max-image-preview":"max-image-preview:large","max-video-preview":"max-video-preview:-1"},"canonical":"https:\/\/www.deryckeverhuur.be\/fr\/produit\/nacelle-verticale-electrique-sur-chenilles\/","og_locale":"fr_FR","og_type":"article","og_title":"Nacelle verticale \u00e9lectrique sur chenilles | De Rycke Verhuur","og_description":"Avec un \u00e9l\u00e9vateur \u00e0 m\u00e2t vertical, on est soulev\u00e9 verticalement jusqu'\u00e0 une certaine hauteur de travail. - De Rycke Verhuur","og_url":"https:\/\/www.deryckeverhuur.be\/fr\/produit\/nacelle-verticale-electrique-sur-chenilles\/","og_site_name":"De Rycke Verhuur","article_publisher":"https:\/\/www.facebook.com\/deryckeverhuur\/","article_modified_time":"2025-06-25T17:25:38+00:00","og_image":[{"width":1440,"height":960,"url":"https:\/\/www.deryckeverhuur.be\/wp-content\/uploads\/2024\/10\/PIAF-1010-Werken-op-hoogte-Verticaal-op-rups-De-Rycke-Verhuur.jpg","type":"image\/jpeg"}],"twitter_card":"summary_large_image","twitter_misc":{"Dur\u00e9e de lecture estim\u00e9e":"1 minute"},"schema":{"@context":"https:\/\/schema.org","@graph":[{"@type":["WebPage","ItemPage"],"@id":"https:\/\/www.deryckeverhuur.be\/fr\/produit\/nacelle-verticale-electrique-sur-chenilles\/","url":"https:\/\/www.deryckeverhuur.be\/fr\/produit\/nacelle-verticale-electrique-sur-chenilles\/","name":"Nacelle verticale \u00e9lectrique sur chenilles | De Rycke Verhuur","isPartOf":{"@id":"https:\/\/www.deryckeverhuur.be\/fr\/#website"},"primaryImageOfPage":{"@id":"https:\/\/www.deryckeverhuur.be\/fr\/produit\/nacelle-verticale-electrique-sur-chenilles\/#primaryimage"},"image":{"@id":"https:\/\/www.deryckeverhuur.be\/fr\/produit\/nacelle-verticale-electrique-sur-chenilles\/#primaryimage"},"thumbnailUrl":"https:\/\/www.deryckeverhuur.be\/wp-content\/uploads\/2024\/10\/PIAF-1010-Werken-op-hoogte-Verticaal-op-rups-De-Rycke-Verhuur.jpg","datePublished":"2024-10-15T14:08:31+00:00","dateModified":"2025-06-25T17:25:38+00:00","description":"Avec un \u00e9l\u00e9vateur \u00e0 m\u00e2t vertical, on est soulev\u00e9 verticalement jusqu'\u00e0 une certaine hauteur de travail. - De Rycke Verhuur","breadcrumb":{"@id":"https:\/\/www.deryckeverhuur.be\/fr\/produit\/nacelle-verticale-electrique-sur-chenilles\/#breadcrumb"},"inLanguage":"fr-FR","potentialAction":[{"@type":"ReadAction","target":["https:\/\/www.deryckeverhuur.be\/fr\/produit\/nacelle-verticale-electrique-sur-chenilles\/"]}]},{"@type":"ImageObject","inLanguage":"fr-FR","@id":"https:\/\/www.deryckeverhuur.be\/fr\/produit\/nacelle-verticale-electrique-sur-chenilles\/#primaryimage","url":"https:\/\/www.deryckeverhuur.be\/wp-content\/uploads\/2024\/10\/PIAF-1010-Werken-op-hoogte-Verticaal-op-rups-De-Rycke-Verhuur.jpg","contentUrl":"https:\/\/www.deryckeverhuur.be\/wp-content\/uploads\/2024\/10\/PIAF-1010-Werken-op-hoogte-Verticaal-op-rups-De-Rycke-Verhuur.jpg","width":1440,"height":960},{"@type":"BreadcrumbList","@id":"https:\/\/www.deryckeverhuur.be\/fr\/produit\/nacelle-verticale-electrique-sur-chenilles\/#breadcrumb","itemListElement":[{"@type":"ListItem","position":1,"name":"Accueil","item":"https:\/\/www.deryckeverhuur.be\/fr\/accueil\/"},{"@type":"ListItem","position":2,"name":"Produits","item":"https:\/\/www.deryckeverhuur.be\/fr\/shop\/"},{"@type":"ListItem","position":3,"name":"Nacelle verticale \u00e9lectrique sur chenilles"}]},{"@type":"WebSite","@id":"https:\/\/www.deryckeverhuur.be\/fr\/#website","url":"https:\/\/www.deryckeverhuur.be\/fr\/","name":"De Rycke Verhuur","description":"","publisher":{"@id":"https:\/\/www.deryckeverhuur.be\/fr\/#organization"},"potentialAction":[{"@type":"SearchAction","target":{"@type":"EntryPoint","urlTemplate":"https:\/\/www.deryckeverhuur.be\/fr\/?s={search_term_string}"},"query-input":{"@type":"PropertyValueSpecification","valueRequired":true,"valueName":"search_term_string"}}],"inLanguage":"fr-FR"},{"@type":"Organization","@id":"https:\/\/www.deryckeverhuur.be\/fr\/#organization","name":"De Rycke Verhuur","url":"https:\/\/www.deryckeverhuur.be\/fr\/","logo":{"@type":"ImageObject","inLanguage":"fr-FR","@id":"https:\/\/www.deryckeverhuur.be\/fr\/#\/schema\/logo\/image\/","url":"https:\/\/www.deryckeverhuur.be\/wp-content\/uploads\/2024\/04\/3f11ca52e320acac5665453f083372b2.png","contentUrl":"https:\/\/www.deryckeverhuur.be\/wp-content\/uploads\/2024\/04\/3f11ca52e320acac5665453f083372b2.png","width":2560,"height":624,"caption":"De Rycke Verhuur"},"image":{"@id":"https:\/\/www.deryckeverhuur.be\/fr\/#\/schema\/logo\/image\/"},"sameAs":["https:\/\/www.facebook.com\/deryckeverhuur\/","https:\/\/www.instagram.com\/deryckeverhuur\/","https:\/\/www.linkedin.com\/company\/de-rycke-verhuur-bvba\/"]}]}},"_links":{"self":[{"href":"https:\/\/www.deryckeverhuur.be\/fr\/wp-json\/wp\/v2\/product\/11480","targetHints":{"allow":["GET"]}}],"collection":[{"href":"https:\/\/www.deryckeverhuur.be\/fr\/wp-json\/wp\/v2\/product"}],"about":[{"href":"https:\/\/www.deryckeverhuur.be\/fr\/wp-json\/wp\/v2\/types\/product"}],"replies":[{"embeddable":true,"href":"https:\/\/www.deryckeverhuur.be\/fr\/wp-json\/wp\/v2\/comments?post=11480"}],"wp:featuredmedia":[{"embeddable":true,"href":"https:\/\/www.deryckeverhuur.be\/fr\/wp-json\/wp\/v2\/media\/9410"}],"wp:attachment":[{"href":"https:\/\/www.deryckeverhuur.be\/fr\/wp-json\/wp\/v2\/media?parent=11480"}],"wp:term":[{"taxonomy":"product_brand","embeddable":true,"href":"https:\/\/www.deryckeverhuur.be\/fr\/wp-json\/wp\/v2\/product_brand?post=11480"},{"taxonomy":"product_cat","embeddable":true,"href":"https:\/\/www.deryckeverhuur.be\/fr\/wp-json\/wp\/v2\/product_cat?post=11480"},{"taxonomy":"product_tag","embeddable":true,"href":"https:\/\/www.deryckeverhuur.be\/fr\/wp-json\/wp\/v2\/product_tag?post=11480"},{"taxonomy":"sector","embeddable":true,"href":"https:\/\/www.deryckeverhuur.be\/fr\/wp-json\/wp\/v2\/sector?post=11480"}],"curies":[{"name":"wp","href":"https:\/\/api.w.org\/{rel}","templated":true}]}}