{"id":10611,"date":"2024-09-06T15:51:34","date_gmt":"2024-09-06T15:51:34","guid":{"rendered":"https:\/\/www.deryckeverhuur.be\/disclaimer\/"},"modified":"2024-12-03T21:26:29","modified_gmt":"2024-12-03T21:26:29","slug":"clause-de-non-responsabilite","status":"publish","type":"page","link":"https:\/\/www.deryckeverhuur.be\/fr\/clause-de-non-responsabilite\/","title":{"rendered":"Clause de non-responsabilit\u00e9"},"content":{"rendered":"\t\t<div data-elementor-type=\"wp-page\" data-elementor-id=\"10611\" class=\"elementor elementor-10611 elementor-6269\" data-elementor-post-type=\"page\">\n\t\t\t\t<div class=\"elementor-element elementor-element-ac72540 e-flex e-con-boxed e-con e-parent\" data-id=\"ac72540\" data-element_type=\"container\" data-settings=\"{&quot;background_background&quot;:&quot;classic&quot;}\">\n\t\t\t\t\t<div class=\"e-con-inner\">\n\t\t<div class=\"elementor-element elementor-element-d8abfde e-flex e-con-boxed e-con e-child\" data-id=\"d8abfde\" data-element_type=\"container\">\n\t\t\t\t\t<div class=\"e-con-inner\">\n\t\t\t\t\t<\/div>\n\t\t\t\t<\/div>\n\t\t\t\t\t<\/div>\n\t\t\t\t<\/div>\n\t\t<div class=\"elementor-element elementor-element-99104c9 e-flex e-con-boxed e-con e-parent\" data-id=\"99104c9\" data-element_type=\"container\" data-settings=\"{&quot;background_background&quot;:&quot;classic&quot;}\">\n\t\t\t\t\t<div class=\"e-con-inner\">\n\t\t\t\t<div class=\"elementor-element elementor-element-74946b8 elementor-widget elementor-widget-text-editor\" data-id=\"74946b8\" data-element_type=\"widget\" data-widget_type=\"text-editor.default\">\n\t\t\t\t\t\t\t\t\t<p><strong>Ce site web est la propri\u00e9t\u00e9 de De Rycke BVBA.<\/strong><\/p>\n<p><strong>Adresse du si\u00e8ge social :<\/strong><\/p>\n<p>Pareinpark 16 Beveren-Waas Tel : 03.755.34.30 Fax : 03.755.35.13 E-mail :<a href=\"mailto:info@deryckeverhuur.be\" rel=\"noopener\">info@deryckeverhuur.be<\/a><\/p>\n<p>En acc\u00e9dant au site et en l&rsquo;utilisant, vous acceptez express\u00e9ment les conditions suivantes et vous vous engagez \u00e0 les respecter.<\/p>\n<p>D<strong>roits de propri\u00e9t\u00e9 intellectuelle<\/strong> Le contenu de ce site, y compris le concept, la mise en page, la structure, les codes sources, les logiciels, les images, les photographies, les animations, les logos, les marques, les dessins, les donn\u00e9es, les noms de produits et d&rsquo;entreprises, les \u0153uvres audiovisuelles, les textes, les donn\u00e9es, la musique, etc. sont prot\u00e9g\u00e9s par des droits intellectuels et appartiennent exclusivement \u00e0 De Rycke BVBA ou \u00e0 des tiers habilit\u00e9s et sont prot\u00e9g\u00e9s par divers droits de propri\u00e9t\u00e9 intellectuelle, y compris le droit d&rsquo;auteur, la marque, le droit sui generis du producteur d&rsquo;une base de donn\u00e9es, etc, que vous reconnaissez et acceptez.<br \/>La reproduction, la diffusion, la vente, la distribution, la publication, l&rsquo;adaptation et\/ou l&rsquo;utilisation, en tout ou en partie, sous quelque forme que ce soit, de ce site web et de son contenu est strictement interdite. Le stockage de toute information et\/ou partie de ce site dans une base de donn\u00e9es (\u00e9lectronique) ou autre n&rsquo;est pas autoris\u00e9, \u00e0 l&rsquo;exception de la \u00ab\u00a0mise en cache\u00a0\u00bb automatique de l&rsquo;information par le navigateur.  <\/p>\n<p>L<strong>imitation de la responsabilit\u00e9<\/strong> Les informations figurant sur le site web sont de nature g\u00e9n\u00e9rale. Elles ne sont pas adapt\u00e9es \u00e0 des circonstances personnelles ou sp\u00e9cifiques et ne peuvent donc pas \u00eatre consid\u00e9r\u00e9es comme des conseils personnels, professionnels ou juridiques \u00e0 l&rsquo;utilisateur. De Rycke BVBA s&rsquo;efforce de veiller \u00e0 ce que les informations mises \u00e0 disposition soient compl\u00e8tes, correctes, pr\u00e9cises et actualis\u00e9es. Malgr\u00e9 ces efforts, des inexactitudes peuvent survenir dans les informations mises \u00e0 disposition.<br \/>Si les informations fournies contiennent des inexactitudes ou si certaines informations sur ou via le site sont indisponibles, De Rycke BVBA s&rsquo;efforcera d&rsquo;y rem\u00e9dier le plus rapidement possible. De Rycke BVBA ne peut \u00eatre tenue responsable des dommages directs ou indirects r\u00e9sultant de l&rsquo;utilisation des informations sur ce site.<br \/>Si vous constatez des inexactitudes dans les informations mises \u00e0 disposition via le site, vous pouvez contacter l&rsquo;administrateur du site. Le contenu du site (y compris les liens) peut \u00eatre adapt\u00e9, modifi\u00e9 ou compl\u00e9t\u00e9 \u00e0 tout moment sans pr\u00e9avis ni notification. De Rycke BVBA ne garantit pas le bon fonctionnement du site et ne peut en aucun cas \u00eatre tenu responsable du mauvais fonctionnement ou de l'(in)disponibilit\u00e9 temporaire du site ou de toute forme de dommage, direct ou indirect, qui pourrait r\u00e9sulter de l&rsquo;acc\u00e8s ou de l&rsquo;utilisation du site.      <br \/>De Rycke BVBA ne peut en aucun cas \u00eatre tenu responsable envers qui que ce soit, directement ou indirectement, d&rsquo;une mani\u00e8re particuli\u00e8re ou autre, des dommages imputables \u00e0 l&rsquo;utilisation de ce site ou de tout autre, notamment \u00e0 la suite de liens ou d&rsquo;hyperliens, en ce compris, sans limitation, toutes les pertes, interruptions de travail, dommages aux programmes ou autres donn\u00e9es sur le syst\u00e8me informatique, l&rsquo;\u00e9quipement, les logiciels ou autres de l&rsquo;utilisateur. Le site web peut contenir des hyperliens vers des sites web ou des pages de tiers, ou y faire r\u00e9f\u00e9rence indirectement. Le fait de placer des liens vers ces sites ou pages n&rsquo;implique en aucun cas une approbation implicite de leur contenu. De Rycke BVBA d\u00e9clare express\u00e9ment qu&rsquo;elle n&rsquo;a aucun contr\u00f4le sur le contenu ou les autres caract\u00e9ristiques de ces sites web et ne peut en aucun cas \u00eatre tenue responsable de leur contenu ou de leurs caract\u00e9ristiques ou de toute autre forme de dommage r\u00e9sultant de leur utilisation.   <\/p>\n<p>D<strong>roit applicable et tribunaux comp\u00e9tents<\/strong> Le droit belge s&rsquo;applique \u00e0 ce site. En cas de litige, seuls les tribunaux de l&rsquo;arrondissement judiciaire de Courtrai sont comp\u00e9tents. Seul le droit belge est d&rsquo;application.  <\/p>\n<p>Cette version de l&rsquo;avis de non-responsabilit\u00e9 est entr\u00e9e en vigueur le 19\/04\/2018. \u00a9 2018 De Rycke BVBA. Tous les droits sont express\u00e9ment r\u00e9serv\u00e9s. <\/p>\n\t\t\t\t\t\t\t\t<\/div>\n\t\t\t\t\t<\/div>\n\t\t\t\t<\/div>\n\t\t\t\t<\/div>\n\t\t","protected":false},"excerpt":{"rendered":"<p>Ce site web est la propri\u00e9t\u00e9 de De Rycke BVBA. Adresse du si\u00e8ge social : Pareinpark 16 Beveren-Waas Tel : 03.755.34.30 Fax : 03.755.35.13 E-mail :info@deryckeverhuur.be En acc\u00e9dant au site et en l&rsquo;utilisant, vous acceptez express\u00e9ment les conditions suivantes et vous vous engagez \u00e0 les respecter. Droits de propri\u00e9t\u00e9 intellectuelle Le contenu de ce site, [&hellip;]<\/p>\n","protected":false},"author":1,"featured_media":0,"parent":0,"menu_order":0,"comment_status":"closed","ping_status":"closed","template":"elementor_header_footer","meta":{"_acf_changed":false,"footnotes":""},"class_list":["post-10611","page","type-page","status-publish","hentry"],"acf":[],"yoast_head":"<!-- This site is optimized with the Yoast SEO plugin v27.4 - https:\/\/yoast.com\/product\/yoast-seo-wordpress\/ -->\n<title>Clause de non-responsabilit\u00e9 | De Rycke Verhuur<\/title>\n<meta name=\"robots\" content=\"index, follow, max-snippet:-1, max-image-preview:large, max-video-preview:-1\" \/>\n<link rel=\"canonical\" href=\"https:\/\/www.deryckeverhuur.be\/fr\/clause-de-non-responsabilite\/\" \/>\n<meta property=\"og:locale\" content=\"fr_FR\" \/>\n<meta property=\"og:type\" content=\"article\" \/>\n<meta property=\"og:title\" content=\"Clause de non-responsabilit\u00e9 | De Rycke Verhuur\" \/>\n<meta property=\"og:description\" content=\"Ce site web est la propri\u00e9t\u00e9 de De Rycke BVBA. Adresse du si\u00e8ge social : Pareinpark 16 Beveren-Waas Tel : 03.755.34.30 Fax : 03.755.35.13 E-mail :info@deryckeverhuur.be En acc\u00e9dant au site et en l&rsquo;utilisant, vous acceptez express\u00e9ment les conditions suivantes et vous vous engagez \u00e0 les respecter. Droits de propri\u00e9t\u00e9 intellectuelle Le contenu de ce site, [&hellip;]\" \/>\n<meta property=\"og:url\" content=\"https:\/\/www.deryckeverhuur.be\/fr\/clause-de-non-responsabilite\/\" \/>\n<meta property=\"og:site_name\" content=\"De Rycke Verhuur\" \/>\n<meta property=\"article:publisher\" content=\"https:\/\/www.facebook.com\/deryckeverhuur\/\" \/>\n<meta property=\"article:modified_time\" content=\"2024-12-03T21:26:29+00:00\" \/>\n<meta property=\"og:image\" content=\"https:\/\/www.deryckeverhuur.be\/wp-content\/uploads\/2024\/10\/Capture21-1206x800-1.png\" \/>\n\t<meta property=\"og:image:width\" content=\"1206\" \/>\n\t<meta property=\"og:image:height\" content=\"800\" \/>\n\t<meta property=\"og:image:type\" content=\"image\/png\" \/>\n<meta name=\"twitter:card\" content=\"summary_large_image\" \/>\n<meta name=\"twitter:label1\" content=\"Dur\u00e9e de lecture estim\u00e9e\" \/>\n\t<meta name=\"twitter:data1\" content=\"3 minutes\" \/>\n<script type=\"application\/ld+json\" class=\"yoast-schema-graph\">{\"@context\":\"https:\\\/\\\/schema.org\",\"@graph\":[{\"@type\":\"WebPage\",\"@id\":\"https:\\\/\\\/www.deryckeverhuur.be\\\/fr\\\/clause-de-non-responsabilite\\\/\",\"url\":\"https:\\\/\\\/www.deryckeverhuur.be\\\/fr\\\/clause-de-non-responsabilite\\\/\",\"name\":\"Clause de non-responsabilit\u00e9 | De Rycke Verhuur\",\"isPartOf\":{\"@id\":\"https:\\\/\\\/www.deryckeverhuur.be\\\/fr\\\/#website\"},\"datePublished\":\"2024-09-06T15:51:34+00:00\",\"dateModified\":\"2024-12-03T21:26:29+00:00\",\"breadcrumb\":{\"@id\":\"https:\\\/\\\/www.deryckeverhuur.be\\\/fr\\\/clause-de-non-responsabilite\\\/#breadcrumb\"},\"inLanguage\":\"fr-FR\",\"potentialAction\":[{\"@type\":\"ReadAction\",\"target\":[\"https:\\\/\\\/www.deryckeverhuur.be\\\/fr\\\/clause-de-non-responsabilite\\\/\"]}]},{\"@type\":\"BreadcrumbList\",\"@id\":\"https:\\\/\\\/www.deryckeverhuur.be\\\/fr\\\/clause-de-non-responsabilite\\\/#breadcrumb\",\"itemListElement\":[{\"@type\":\"ListItem\",\"position\":1,\"name\":\"Accueil\",\"item\":\"https:\\\/\\\/www.deryckeverhuur.be\\\/fr\\\/accueil\\\/\"},{\"@type\":\"ListItem\",\"position\":2,\"name\":\"Clause de non-responsabilit\u00e9\"}]},{\"@type\":\"WebSite\",\"@id\":\"https:\\\/\\\/www.deryckeverhuur.be\\\/fr\\\/#website\",\"url\":\"https:\\\/\\\/www.deryckeverhuur.be\\\/fr\\\/\",\"name\":\"De Rycke Verhuur\",\"description\":\"\",\"publisher\":{\"@id\":\"https:\\\/\\\/www.deryckeverhuur.be\\\/fr\\\/#organization\"},\"potentialAction\":[{\"@type\":\"SearchAction\",\"target\":{\"@type\":\"EntryPoint\",\"urlTemplate\":\"https:\\\/\\\/www.deryckeverhuur.be\\\/fr\\\/?s={search_term_string}\"},\"query-input\":{\"@type\":\"PropertyValueSpecification\",\"valueRequired\":true,\"valueName\":\"search_term_string\"}}],\"inLanguage\":\"fr-FR\"},{\"@type\":\"Organization\",\"@id\":\"https:\\\/\\\/www.deryckeverhuur.be\\\/fr\\\/#organization\",\"name\":\"De Rycke Verhuur\",\"url\":\"https:\\\/\\\/www.deryckeverhuur.be\\\/fr\\\/\",\"logo\":{\"@type\":\"ImageObject\",\"inLanguage\":\"fr-FR\",\"@id\":\"https:\\\/\\\/www.deryckeverhuur.be\\\/fr\\\/#\\\/schema\\\/logo\\\/image\\\/\",\"url\":\"https:\\\/\\\/www.deryckeverhuur.be\\\/wp-content\\\/uploads\\\/2024\\\/04\\\/3f11ca52e320acac5665453f083372b2.png\",\"contentUrl\":\"https:\\\/\\\/www.deryckeverhuur.be\\\/wp-content\\\/uploads\\\/2024\\\/04\\\/3f11ca52e320acac5665453f083372b2.png\",\"width\":2560,\"height\":624,\"caption\":\"De Rycke Verhuur\"},\"image\":{\"@id\":\"https:\\\/\\\/www.deryckeverhuur.be\\\/fr\\\/#\\\/schema\\\/logo\\\/image\\\/\"},\"sameAs\":[\"https:\\\/\\\/www.facebook.com\\\/deryckeverhuur\\\/\",\"https:\\\/\\\/www.instagram.com\\\/deryckeverhuur\\\/\",\"https:\\\/\\\/www.linkedin.com\\\/company\\\/de-rycke-verhuur-bvba\\\/\"]}]}<\/script>\n<!-- \/ Yoast SEO plugin. -->","yoast_head_json":{"title":"Clause de non-responsabilit\u00e9 | De Rycke Verhuur","robots":{"index":"index","follow":"follow","max-snippet":"max-snippet:-1","max-image-preview":"max-image-preview:large","max-video-preview":"max-video-preview:-1"},"canonical":"https:\/\/www.deryckeverhuur.be\/fr\/clause-de-non-responsabilite\/","og_locale":"fr_FR","og_type":"article","og_title":"Clause de non-responsabilit\u00e9 | De Rycke Verhuur","og_description":"Ce site web est la propri\u00e9t\u00e9 de De Rycke BVBA. Adresse du si\u00e8ge social : Pareinpark 16 Beveren-Waas Tel : 03.755.34.30 Fax : 03.755.35.13 E-mail :info@deryckeverhuur.be En acc\u00e9dant au site et en l&rsquo;utilisant, vous acceptez express\u00e9ment les conditions suivantes et vous vous engagez \u00e0 les respecter. Droits de propri\u00e9t\u00e9 intellectuelle Le contenu de ce site, [&hellip;]","og_url":"https:\/\/www.deryckeverhuur.be\/fr\/clause-de-non-responsabilite\/","og_site_name":"De Rycke Verhuur","article_publisher":"https:\/\/www.facebook.com\/deryckeverhuur\/","article_modified_time":"2024-12-03T21:26:29+00:00","og_image":[{"width":1206,"height":800,"url":"https:\/\/www.deryckeverhuur.be\/wp-content\/uploads\/2024\/10\/Capture21-1206x800-1.png","type":"image\/png"}],"twitter_card":"summary_large_image","twitter_misc":{"Dur\u00e9e de lecture estim\u00e9e":"3 minutes"},"schema":{"@context":"https:\/\/schema.org","@graph":[{"@type":"WebPage","@id":"https:\/\/www.deryckeverhuur.be\/fr\/clause-de-non-responsabilite\/","url":"https:\/\/www.deryckeverhuur.be\/fr\/clause-de-non-responsabilite\/","name":"Clause de non-responsabilit\u00e9 | De Rycke Verhuur","isPartOf":{"@id":"https:\/\/www.deryckeverhuur.be\/fr\/#website"},"datePublished":"2024-09-06T15:51:34+00:00","dateModified":"2024-12-03T21:26:29+00:00","breadcrumb":{"@id":"https:\/\/www.deryckeverhuur.be\/fr\/clause-de-non-responsabilite\/#breadcrumb"},"inLanguage":"fr-FR","potentialAction":[{"@type":"ReadAction","target":["https:\/\/www.deryckeverhuur.be\/fr\/clause-de-non-responsabilite\/"]}]},{"@type":"BreadcrumbList","@id":"https:\/\/www.deryckeverhuur.be\/fr\/clause-de-non-responsabilite\/#breadcrumb","itemListElement":[{"@type":"ListItem","position":1,"name":"Accueil","item":"https:\/\/www.deryckeverhuur.be\/fr\/accueil\/"},{"@type":"ListItem","position":2,"name":"Clause de non-responsabilit\u00e9"}]},{"@type":"WebSite","@id":"https:\/\/www.deryckeverhuur.be\/fr\/#website","url":"https:\/\/www.deryckeverhuur.be\/fr\/","name":"De Rycke Verhuur","description":"","publisher":{"@id":"https:\/\/www.deryckeverhuur.be\/fr\/#organization"},"potentialAction":[{"@type":"SearchAction","target":{"@type":"EntryPoint","urlTemplate":"https:\/\/www.deryckeverhuur.be\/fr\/?s={search_term_string}"},"query-input":{"@type":"PropertyValueSpecification","valueRequired":true,"valueName":"search_term_string"}}],"inLanguage":"fr-FR"},{"@type":"Organization","@id":"https:\/\/www.deryckeverhuur.be\/fr\/#organization","name":"De Rycke Verhuur","url":"https:\/\/www.deryckeverhuur.be\/fr\/","logo":{"@type":"ImageObject","inLanguage":"fr-FR","@id":"https:\/\/www.deryckeverhuur.be\/fr\/#\/schema\/logo\/image\/","url":"https:\/\/www.deryckeverhuur.be\/wp-content\/uploads\/2024\/04\/3f11ca52e320acac5665453f083372b2.png","contentUrl":"https:\/\/www.deryckeverhuur.be\/wp-content\/uploads\/2024\/04\/3f11ca52e320acac5665453f083372b2.png","width":2560,"height":624,"caption":"De Rycke Verhuur"},"image":{"@id":"https:\/\/www.deryckeverhuur.be\/fr\/#\/schema\/logo\/image\/"},"sameAs":["https:\/\/www.facebook.com\/deryckeverhuur\/","https:\/\/www.instagram.com\/deryckeverhuur\/","https:\/\/www.linkedin.com\/company\/de-rycke-verhuur-bvba\/"]}]}},"_links":{"self":[{"href":"https:\/\/www.deryckeverhuur.be\/fr\/wp-json\/wp\/v2\/pages\/10611","targetHints":{"allow":["GET"]}}],"collection":[{"href":"https:\/\/www.deryckeverhuur.be\/fr\/wp-json\/wp\/v2\/pages"}],"about":[{"href":"https:\/\/www.deryckeverhuur.be\/fr\/wp-json\/wp\/v2\/types\/page"}],"author":[{"embeddable":true,"href":"https:\/\/www.deryckeverhuur.be\/fr\/wp-json\/wp\/v2\/users\/1"}],"replies":[{"embeddable":true,"href":"https:\/\/www.deryckeverhuur.be\/fr\/wp-json\/wp\/v2\/comments?post=10611"}],"version-history":[{"count":0,"href":"https:\/\/www.deryckeverhuur.be\/fr\/wp-json\/wp\/v2\/pages\/10611\/revisions"}],"wp:attachment":[{"href":"https:\/\/www.deryckeverhuur.be\/fr\/wp-json\/wp\/v2\/media?parent=10611"}],"curies":[{"name":"wp","href":"https:\/\/api.w.org\/{rel}","templated":true}]}}